{"id":93147,"date":"2026-04-02T13:08:44","date_gmt":"2026-04-02T13:08:44","guid":{"rendered":"https:\/\/whitelip.com\/?post_type=product&#038;p=93147"},"modified":"2026-04-11T00:34:01","modified_gmt":"2026-04-11T00:34:01","slug":"lind-banana-slim","status":"publish","type":"product","link":"https:\/\/whitelip.com\/fr\/lind\/lind-banana-slim\/","title":{"rendered":"Lind Banana Slim"},"content":{"rendered":"<h2>Lind Banana Slim<\/h2>\n<p data-start=\"30\" data-end=\"190\">Lind Banana Slim contient 5 mg de nicotine par sachet et offre un profil de saveur banane. La saveur est bas\u00e9e sur la banane avec un caract\u00e8re sucr\u00e9 et lisse.<\/p>\n<p data-start=\"192\" data-end=\"395\">Chaque sachet p\u00e8se 0,5 gramme et est con\u00e7u pour fournir une lib\u00e9ration coh\u00e9rente de saveur et de nicotine pendant l'utilisation. La concentration de nicotine est de 100 mg par gramme, correspondant \u00e0 5 mg de nicotine par sachet.<\/p>\n<p data-start=\"397\" data-end=\"581\">Chaque bo\u00eete contient 20 sachets pour un poids net total de 10 grammes. Le format sachet Slim est d\u00e9velopp\u00e9 pour un ajustement r\u00e9gulier sous la l\u00e8vre et une lib\u00e9ration contr\u00f4l\u00e9e de saveur et de nicotine.<\/p>\n<table>\n<tbody>\n<tr>\n<td><b>Attribut<\/b><\/td>\n<td><b>D\u00e9tails<\/b><\/td>\n<\/tr>\n<tr>\n<td><b>Contenu par bo\u00eete<\/b><\/td>\n<td><span style=\"font-weight: 400;\">10g (20 sachets)<\/span><\/td>\n<\/tr>\n<tr>\n<td><b>Teneur en nicotine<\/b><\/td>\n<td><span style=\"font-weight: 400;\">100 mg\/g (5 mg par sachet)<\/span><\/td>\n<\/tr>\n<tr>\n<td><b>Format de la pochette<\/b><\/td>\n<td><span style=\"font-weight: 400;\">Mince<\/span><\/td>\n<\/tr>\n<tr>\n<td><b>Producteur<\/b><\/td>\n<td><span style=\"font-weight: 400;\">HS Factory Sweden AB<\/span><\/td>\n<\/tr>\n<tr>\n<td><b>Saveur<\/b><\/td>\n<td><span style=\"font-weight: 400;\">Banane<\/span><\/td>\n<\/tr>\n<tr>\n<td><b>Taper<\/b><\/td>\n<td><span style=\"font-weight: 400;\">Pochette toute blanche<\/span><\/td>\n<\/tr>\n<\/tbody>\n<\/table>","protected":false},"excerpt":{"rendered":"<p>Lind Banana Slim contient <strong data-start=\"646\" data-end=\"663\">5 mg de nicotine<\/strong> par sachet avec un <strong>banane<\/strong> profil de saveur. Chaque bo\u00eete contient 20 <strong data-start=\"725\" data-end=\"733\">Mince<\/strong> sachets pesant 0,5 gramme chacun, pour un poids net total de 10 grammes.<\/p>","protected":false},"featured_media":93156,"comment_status":"open","ping_status":"closed","template":"","format":[206],"meta":{"_acf_changed":false},"product_brand":[],"product_cat":[17017],"product_tag":[16421],"flavours":[196],"nicotine":[207,236],"class_list":{"0":"post-93147","1":"product","2":"type-product","3":"status-publish","4":"has-post-thumbnail","6":"product_cat-lind","7":"product_tag-new","8":"pa_quantity-1-pack","9":"pa_quantity-10-pack","10":"pa_quantity-3-pack","11":"pa_quantity-30-pack","12":"pa_quantity-5-pack","13":"pa_quantity-60-pack","14":"flavours-fruits-berries","15":"format-slim","16":"nicotine-10-mg-g","17":"nicotine-strong","19":"first","20":"instock","21":"sale","22":"taxable","23":"shipping-taxable","24":"purchasable","25":"product-type-variable"},"acf":[],"_links":{"self":[{"href":"https:\/\/whitelip.com\/fr\/wp-json\/wp\/v2\/product\/93147","targetHints":{"allow":["GET"]}}],"collection":[{"href":"https:\/\/whitelip.com\/fr\/wp-json\/wp\/v2\/product"}],"about":[{"href":"https:\/\/whitelip.com\/fr\/wp-json\/wp\/v2\/types\/product"}],"replies":[{"embeddable":true,"href":"https:\/\/whitelip.com\/fr\/wp-json\/wp\/v2\/comments?post=93147"}],"wp:featuredmedia":[{"embeddable":true,"href":"https:\/\/whitelip.com\/fr\/wp-json\/wp\/v2\/media\/93156"}],"wp:attachment":[{"href":"https:\/\/whitelip.com\/fr\/wp-json\/wp\/v2\/media?parent=93147"}],"wp:term":[{"taxonomy":"product_brand","embeddable":true,"href":"https:\/\/whitelip.com\/fr\/wp-json\/wp\/v2\/product_brand?post=93147"},{"taxonomy":"product_cat","embeddable":true,"href":"https:\/\/whitelip.com\/fr\/wp-json\/wp\/v2\/product_cat?post=93147"},{"taxonomy":"product_tag","embeddable":true,"href":"https:\/\/whitelip.com\/fr\/wp-json\/wp\/v2\/product_tag?post=93147"},{"taxonomy":"flavours","embeddable":true,"href":"https:\/\/whitelip.com\/fr\/wp-json\/wp\/v2\/flavours?post=93147"},{"taxonomy":"format","embeddable":true,"href":"https:\/\/whitelip.com\/fr\/wp-json\/wp\/v2\/format?post=93147"},{"taxonomy":"nicotine","embeddable":true,"href":"https:\/\/whitelip.com\/fr\/wp-json\/wp\/v2\/nicotine?post=93147"}],"curies":[{"name":"wp","href":"https:\/\/api.w.org\/{rel}","templated":true}]}}