{"id":92108,"date":"2026-03-24T13:44:42","date_gmt":"2026-03-24T13:44:42","guid":{"rendered":"https:\/\/whitelip.com\/?post_type=product&#038;p=92108"},"modified":"2026-04-10T07:23:34","modified_gmt":"2026-04-10T07:23:34","slug":"outdare-rad-mint-12mg","status":"publish","type":"product","link":"https:\/\/whitelip.com\/fr\/uncategorized\/outdare-rad-mint-12mg\/","title":{"rendered":"OUTDARE Rad Menthe 12mg"},"content":{"rendered":"<h2>OUTDARE Rad Menthe 12mg<\/h2>\n<p data-start=\"30\" data-end=\"234\">OUTDARE Rad Mint Slim contient 12 mg de nicotine par sachet et pr\u00e9sente un profil aromatique \u00e0 base de menthe. Le produit se pr\u00e9sente sous la forme d'un sachet mince con\u00e7u pour \u00eatre plac\u00e9 discr\u00e8tement sous la l\u00e8vre. Le profil d'ar\u00f4me se concentre sur la menthe avec un caract\u00e8re clair et rafra\u00eechissant. Le format Slim se compose de sachets plus \u00e9troits con\u00e7us pour se placer uniform\u00e9ment sous la l\u00e8vre tout en conservant une apparence discr\u00e8te pendant l'utilisation. La structure du sachet permet une lib\u00e9ration contr\u00f4l\u00e9e de l'ar\u00f4me et de la nicotine au fil du temps. Chaque sachet contient 12 mg de nicotine, ce qui place le produit dans la cat\u00e9gorie des produits \u00e0 teneur moyenne en nicotine. Les sachets sont produits avec une composition enti\u00e8rement blanche et sont emball\u00e9s dans une bo\u00eete compacte contenant plusieurs sachets. La combinaison de l'ar\u00f4me de menthe, du format Slim et du taux de nicotine mod\u00e9r\u00e9 place ce produit dans le segment des sachets \u00e9quilibr\u00e9s en nicotine de la gamme OUTDARE.<\/p>\n<table>\n<tbody>\n<tr>\n<td><b>Attribut<\/b><\/td>\n<td><b>D\u00e9tails<\/b><\/td>\n<\/tr>\n<tr>\n<td><b>Contenu par bo\u00eete<\/b><\/td>\n<td><span style=\"font-weight: 400;\">12g (20 sachets)<\/span><\/td>\n<\/tr>\n<tr>\n<td><b>Teneur en nicotine<\/b><\/td>\n<td><span style=\"font-weight: 400;\">20 mg\/g (12 mg par sachet)<\/span><\/td>\n<\/tr>\n<tr>\n<td><b>Format de la pochette<\/b><\/td>\n<td><span style=\"font-weight: 400;\">Mince<\/span><\/td>\n<\/tr>\n<tr>\n<td><b>Producteur<\/b><\/td>\n<td><span style=\"font-weight: 400;\">OutDare LLC<\/span><\/td>\n<\/tr>\n<tr>\n<td><b>Saveur<\/b><\/td>\n<td><span style=\"font-weight: 400;\">Menthe<\/span><\/td>\n<\/tr>\n<tr>\n<td><b>Taper<\/b><\/td>\n<td><span style=\"font-weight: 400;\">Pochette toute blanche<\/span><\/td>\n<\/tr>\n<\/tbody>\n<\/table>","protected":false},"excerpt":{"rendered":"<p>OUTDARE Rad Mint Slim contient <strong data-start=\"986\" data-end=\"1004\">12 mg de nicotine<\/strong> par sachet avec un profil de saveur de menthe. Les <strong data-start=\"1047\" data-end=\"1055\">Mince<\/strong> Le format du sachet est con\u00e7u pour \u00eatre plac\u00e9 discr\u00e8tement sous la l\u00e8vre et permet une lib\u00e9ration contr\u00f4l\u00e9e de l'ar\u00f4me et de la nicotine. Le produit est class\u00e9 dans la cat\u00e9gorie des produits \u00e0 teneur moyenne en nicotine.<\/p>","protected":false},"featured_media":92115,"comment_status":"open","ping_status":"closed","template":"","format":[206],"meta":{"_acf_changed":false},"product_brand":[],"product_cat":[15],"product_tag":[16561,17015],"flavours":[199],"nicotine":[218,232],"class_list":{"0":"post-92108","1":"product","2":"type-product","3":"status-publish","4":"has-post-thumbnail","6":"product_cat-uncategorized","7":"product_tag-12-mg-pouch","8":"product_tag-50-off","9":"pa_quantity-1-pack","10":"pa_quantity-10-pack","11":"pa_quantity-3-pack","12":"pa_quantity-30-pack","13":"pa_quantity-5-pack","14":"pa_quantity-60-pack","15":"flavours-mint","16":"format-slim","17":"nicotine-20-mg-g","18":"nicotine-extra-strong","20":"first","21":"outofstock","22":"sale","23":"taxable","24":"shipping-taxable","25":"purchasable","26":"product-type-variable"},"acf":[],"_links":{"self":[{"href":"https:\/\/whitelip.com\/fr\/wp-json\/wp\/v2\/product\/92108","targetHints":{"allow":["GET"]}}],"collection":[{"href":"https:\/\/whitelip.com\/fr\/wp-json\/wp\/v2\/product"}],"about":[{"href":"https:\/\/whitelip.com\/fr\/wp-json\/wp\/v2\/types\/product"}],"replies":[{"embeddable":true,"href":"https:\/\/whitelip.com\/fr\/wp-json\/wp\/v2\/comments?post=92108"}],"wp:featuredmedia":[{"embeddable":true,"href":"https:\/\/whitelip.com\/fr\/wp-json\/wp\/v2\/media\/92115"}],"wp:attachment":[{"href":"https:\/\/whitelip.com\/fr\/wp-json\/wp\/v2\/media?parent=92108"}],"wp:term":[{"taxonomy":"product_brand","embeddable":true,"href":"https:\/\/whitelip.com\/fr\/wp-json\/wp\/v2\/product_brand?post=92108"},{"taxonomy":"product_cat","embeddable":true,"href":"https:\/\/whitelip.com\/fr\/wp-json\/wp\/v2\/product_cat?post=92108"},{"taxonomy":"product_tag","embeddable":true,"href":"https:\/\/whitelip.com\/fr\/wp-json\/wp\/v2\/product_tag?post=92108"},{"taxonomy":"flavours","embeddable":true,"href":"https:\/\/whitelip.com\/fr\/wp-json\/wp\/v2\/flavours?post=92108"},{"taxonomy":"format","embeddable":true,"href":"https:\/\/whitelip.com\/fr\/wp-json\/wp\/v2\/format?post=92108"},{"taxonomy":"nicotine","embeddable":true,"href":"https:\/\/whitelip.com\/fr\/wp-json\/wp\/v2\/nicotine?post=92108"}],"curies":[{"name":"wp","href":"https:\/\/api.w.org\/{rel}","templated":true}]}}