{"id":86681,"date":"2026-03-02T17:01:05","date_gmt":"2026-03-02T17:01:05","guid":{"rendered":"https:\/\/whitelip.com\/?post_type=product&#038;p=86681"},"modified":"2026-04-22T10:11:58","modified_gmt":"2026-04-22T10:11:58","slug":"egl-watermelon-ice-6mg","status":"publish","type":"product","link":"https:\/\/whitelip.com\/fr\/egl\/egl-watermelon-ice-6mg\/","title":{"rendered":"EGL Past\u00e8que Ice 6mg"},"content":{"rendered":"<h1 data-start=\"2075\" data-end=\"2113\">EGL Past\u00e8que Ice 6mg<\/h1>\n<p data-start=\"226\" data-end=\"455\">EGL Watermelon Ice est un sachet de nicotine de la marque EGL. La saveur est introduite t\u00f4t et a un go\u00fbt de past\u00e8que avec un effet rafra\u00eechissant. Le produit appartient \u00e0 la cat\u00e9gorie des sachets de nicotine et est destin\u00e9 \u00e0 \u00eatre utilis\u00e9 sans tabac.<\/p>\n<p data-start=\"457\" data-end=\"631\">EGL Galcier Pop fait partie de la gamme de sachets de nicotine EGL et est con\u00e7u pour \u00eatre plac\u00e9 sous la l\u00e8vre sup\u00e9rieure. Le produit contient de la nicotine et est destin\u00e9 aux utilisateurs adultes.<\/p>\n<table>\n<tbody>\n<tr>\n<td><b>Attribut<\/b><\/td>\n<td><b>D\u00e9tails<\/b><\/td>\n<\/tr>\n<tr>\n<td><b>Contenu par bo\u00eete<\/b><\/td>\n<td><span style=\"font-weight: 400;\">18 sachets<\/span><\/td>\n<\/tr>\n<tr>\n<td><b>Teneur en nicotine<\/b><\/td>\n<td><span style=\"font-weight: 400;\">6 mg par sachet<\/span><\/td>\n<\/tr>\n<tr>\n<td><b>Format de la pochette<\/b><\/td>\n<td><span style=\"font-weight: 400;\">Mince<\/span><\/td>\n<\/tr>\n<tr>\n<td><b>Producteur<\/b><\/td>\n<td>Groupe Smitify Ltd<\/td>\n<\/tr>\n<tr>\n<td><b>Saveur<\/b><\/td>\n<td>Douceur<\/td>\n<\/tr>\n<tr>\n<td><b>Taper<\/b><\/td>\n<td><span style=\"font-weight: 400;\">Pochette toute blanche<\/span><\/td>\n<\/tr>\n<\/tbody>\n<\/table>","protected":false},"excerpt":{"rendered":"<p>Sachets de nicotine EGL Watermelon Ice avec <b>melon d'eau <\/b>saveur.<\/p>","protected":false},"featured_media":86774,"comment_status":"open","ping_status":"closed","template":"","format":[206],"meta":{"_acf_changed":false},"product_brand":[],"product_cat":[13692],"product_tag":[16559],"flavours":[196],"nicotine":[],"class_list":{"0":"post-86681","1":"product","2":"type-product","3":"status-publish","4":"has-post-thumbnail","6":"product_cat-egl","7":"product_tag-6-mg-pouch","8":"pa_quantity-1-pack","9":"pa_quantity-10-pack","10":"pa_quantity-3-pack","11":"pa_quantity-30-pack","12":"pa_quantity-5-pack","13":"pa_quantity-60-pack","14":"flavours-fruits-berries","15":"format-slim","17":"first","18":"instock","19":"taxable","20":"shipping-taxable","21":"purchasable","22":"product-type-variable"},"acf":[],"_links":{"self":[{"href":"https:\/\/whitelip.com\/fr\/wp-json\/wp\/v2\/product\/86681","targetHints":{"allow":["GET"]}}],"collection":[{"href":"https:\/\/whitelip.com\/fr\/wp-json\/wp\/v2\/product"}],"about":[{"href":"https:\/\/whitelip.com\/fr\/wp-json\/wp\/v2\/types\/product"}],"replies":[{"embeddable":true,"href":"https:\/\/whitelip.com\/fr\/wp-json\/wp\/v2\/comments?post=86681"}],"wp:featuredmedia":[{"embeddable":true,"href":"https:\/\/whitelip.com\/fr\/wp-json\/wp\/v2\/media\/86774"}],"wp:attachment":[{"href":"https:\/\/whitelip.com\/fr\/wp-json\/wp\/v2\/media?parent=86681"}],"wp:term":[{"taxonomy":"product_brand","embeddable":true,"href":"https:\/\/whitelip.com\/fr\/wp-json\/wp\/v2\/product_brand?post=86681"},{"taxonomy":"product_cat","embeddable":true,"href":"https:\/\/whitelip.com\/fr\/wp-json\/wp\/v2\/product_cat?post=86681"},{"taxonomy":"product_tag","embeddable":true,"href":"https:\/\/whitelip.com\/fr\/wp-json\/wp\/v2\/product_tag?post=86681"},{"taxonomy":"flavours","embeddable":true,"href":"https:\/\/whitelip.com\/fr\/wp-json\/wp\/v2\/flavours?post=86681"},{"taxonomy":"format","embeddable":true,"href":"https:\/\/whitelip.com\/fr\/wp-json\/wp\/v2\/format?post=86681"},{"taxonomy":"nicotine","embeddable":true,"href":"https:\/\/whitelip.com\/fr\/wp-json\/wp\/v2\/nicotine?post=86681"}],"curies":[{"name":"wp","href":"https:\/\/api.w.org\/{rel}","templated":true}]}}