{"id":8580,"date":"2024-11-28T12:48:32","date_gmt":"2024-11-28T12:48:32","guid":{"rendered":"https:\/\/whitelip.com\/zyn-gentle-mint-6mg\/"},"modified":"2026-05-09T10:11:25","modified_gmt":"2026-05-09T10:11:25","slug":"zyn-gentle-mint-6mg","status":"publish","type":"product","link":"https:\/\/whitelip.com\/fr\/zyn\/zyn-gentle-mint-6mg\/","title":{"rendered":"ZYN Menthe douce 6mg"},"content":{"rendered":"<h2><b>ZYN Menthe douce 6mg<\/b><\/h2>\n<p><span style=\"font-weight: 400;\">ZYN Gentle Mint 6mg d\u00e9livre une <\/span><b>go\u00fbt de menthe doux et rafra\u00eechissant<\/b><span style=\"font-weight: 400;\"> avec une l\u00e9g\u00e8re sensation de fra\u00eecheur, offrant une exp\u00e9rience nicotinique propre et \u00e9quilibr\u00e9e. Ce sachet, \u00e0 la fois doux et revigorant, offre un profil de menthe douce qui convient parfaitement aux utilisateurs qui appr\u00e9cient un go\u00fbt de menthe frais et subtil. Chaque sachet fin, enti\u00e8rement blanc, contient <\/span><b>6 mg de nicotine<\/b><span style=\"font-weight: 400;\">, La dur\u00e9e de vie de la cartouche est de trois ans, ce qui permet un l\u00e2cher mod\u00e9r\u00e9 et r\u00e9gulier, id\u00e9al pour une utilisation r\u00e9guli\u00e8re.<\/span><\/p>\n<p><span style=\"font-weight: 400;\">Le format fin assure une tenue confortable et discr\u00e8te sous la l\u00e8vre, permettant une utilisation propre et sans tache, partout et \u00e0 tout moment. Fabriqu\u00e9 sans tabac et avec des mat\u00e9riaux v\u00e9g\u00e9taux de haute qualit\u00e9, ZYN Gentle Mint 6mg est une alternative moderne \u00e0 la nicotine pour ceux qui recherchent une option rafra\u00eechissante et fiable avec un taux de nicotine plus l\u00e9ger.<\/span><\/p>\n<table>\n<tbody>\n<tr>\n<td><b>Attribut<\/b><\/td>\n<td><b>D\u00e9tails<\/b><\/td>\n<\/tr>\n<tr>\n<td><b>Marque<\/b><\/td>\n<td><span style=\"font-weight: 400;\">ZYN<\/span><\/td>\n<\/tr>\n<tr>\n<td><b>Type de produit<\/b><\/td>\n<td><span style=\"font-weight: 400;\">Tous les sachets de nicotine blancs<\/span><\/td>\n<\/tr>\n<tr>\n<td><b>Format<\/b><\/td>\n<td><span style=\"font-weight: 400;\">Mince<\/span><\/td>\n<\/tr>\n<tr>\n<td><b>Saveur<\/b><\/td>\n<td><span style=\"font-weight: 400;\">Menthe douce<\/span><\/td>\n<\/tr>\n<tr>\n<td><b>Intensit\u00e9 de la nicotine<\/b><\/td>\n<td><span style=\"font-weight: 400;\">6 mg par sachet<\/span><\/td>\n<\/tr>\n<tr>\n<td><b>Poids de la portion<\/b><\/td>\n<td><span style=\"font-weight: 400;\">0,7 grammes<\/span><\/td>\n<\/tr>\n<tr>\n<td><b>Nombre de portions<\/b><\/td>\n<td><span style=\"font-weight: 400;\">21 par bo\u00eete<\/span><\/td>\n<\/tr>\n<tr>\n<td><b>Poids total de la bo\u00eete<\/b><\/td>\n<td><span style=\"font-weight: 400;\">14,7 grammes<\/span><\/td>\n<\/tr>\n<tr>\n<td><b>Fabricant<\/b><\/td>\n<td><span style=\"font-weight: 400;\">Swedish Match<\/span><\/td>\n<\/tr>\n<tr>\n<td><b>Caract\u00e9ristiques notables<\/b><\/td>\n<td><span style=\"font-weight: 400;\">Sans tabac, format slim, saveur de menthe lisse et rafra\u00eechissante<\/span><\/td>\n<\/tr>\n<\/tbody>\n<\/table>","protected":false},"excerpt":{"rendered":"<p><strong>Nouveau mod\u00e8le ! Pendant la p\u00e9riode de transition, les deux mod\u00e8les peuvent \u00eatre vendus.<\/strong><\/p>\n<p>ZYN <strong data-start=\"4\" data-end=\"19\">Menthe douce<\/strong> <strong data-start=\"20\" data-end=\"28\">mince<\/strong> offre une menthe douce et rafra\u00eechissante avec une l\u00e9g\u00e8re sensation de fra\u00eecheur pour un profil propre et \u00e9quilibr\u00e9. Les sachets enti\u00e8rement blancs sont discrets et confortables. Chaque sachet contient <strong data-start=\"196\" data-end=\"213\">6 mg de nicotine<\/strong> pour une lib\u00e9ration mod\u00e9r\u00e9e et r\u00e9guli\u00e8re.<\/p>","protected":false},"featured_media":8581,"comment_status":"open","ping_status":"closed","template":"","format":[205],"meta":{"_acf_changed":false},"product_brand":[],"product_cat":[37],"product_tag":[16559],"flavours":[199],"nicotine":[231,232],"class_list":{"0":"post-8580","1":"product","2":"type-product","3":"status-publish","4":"has-post-thumbnail","6":"product_cat-zyn","7":"product_tag-6-mg-pouch","8":"pa_quantity-1-pack","9":"pa_quantity-10-pack","10":"pa_quantity-3-pack","11":"pa_quantity-30-pack","12":"pa_quantity-5-pack","13":"pa_quantity-60-pack","14":"flavours-mint","15":"format-mini","16":"nicotine-9-mg-g","17":"nicotine-extra-strong","19":"first","20":"instock","21":"taxable","22":"shipping-taxable","23":"purchasable","24":"product-type-variable"},"acf":[],"_links":{"self":[{"href":"https:\/\/whitelip.com\/fr\/wp-json\/wp\/v2\/product\/8580","targetHints":{"allow":["GET"]}}],"collection":[{"href":"https:\/\/whitelip.com\/fr\/wp-json\/wp\/v2\/product"}],"about":[{"href":"https:\/\/whitelip.com\/fr\/wp-json\/wp\/v2\/types\/product"}],"replies":[{"embeddable":true,"href":"https:\/\/whitelip.com\/fr\/wp-json\/wp\/v2\/comments?post=8580"}],"wp:featuredmedia":[{"embeddable":true,"href":"https:\/\/whitelip.com\/fr\/wp-json\/wp\/v2\/media\/8581"}],"wp:attachment":[{"href":"https:\/\/whitelip.com\/fr\/wp-json\/wp\/v2\/media?parent=8580"}],"wp:term":[{"taxonomy":"product_brand","embeddable":true,"href":"https:\/\/whitelip.com\/fr\/wp-json\/wp\/v2\/product_brand?post=8580"},{"taxonomy":"product_cat","embeddable":true,"href":"https:\/\/whitelip.com\/fr\/wp-json\/wp\/v2\/product_cat?post=8580"},{"taxonomy":"product_tag","embeddable":true,"href":"https:\/\/whitelip.com\/fr\/wp-json\/wp\/v2\/product_tag?post=8580"},{"taxonomy":"flavours","embeddable":true,"href":"https:\/\/whitelip.com\/fr\/wp-json\/wp\/v2\/flavours?post=8580"},{"taxonomy":"format","embeddable":true,"href":"https:\/\/whitelip.com\/fr\/wp-json\/wp\/v2\/format?post=8580"},{"taxonomy":"nicotine","embeddable":true,"href":"https:\/\/whitelip.com\/fr\/wp-json\/wp\/v2\/nicotine?post=8580"}],"curies":[{"name":"wp","href":"https:\/\/api.w.org\/{rel}","templated":true}]}}