{"id":8560,"date":"2024-11-28T12:48:09","date_gmt":"2024-11-28T12:48:09","guid":{"rendered":"https:\/\/whitelip.com\/puff-pouch-freezy-citrus-12mg\/"},"modified":"2026-05-06T20:49:13","modified_gmt":"2026-05-06T20:49:13","slug":"puff-pouch-freezy-citrus-12mg","status":"publish","type":"product","link":"https:\/\/whitelip.com\/fr\/puff-pouch\/puff-pouch-freezy-citrus-12mg\/","title":{"rendered":"Puff &amp; Pouch Freezy Citrus 12mg"},"content":{"rendered":"<h2><strong>Puff &amp; Pouch Freezy Citrus 12mg<\/strong><\/h2>\n<p><span style=\"font-weight: 400;\">Les sachets de nicotine Puff &amp; Pouch Freezy Citrus 12mg offrent une saveur d'agrumes zest\u00e9e et rafra\u00eechissante, offrant une exp\u00e9rience nicotinique audacieuse et revigorante. Ces sachets minces, sans tabac, sont con\u00e7us pour une utilisation discr\u00e8te et confortable, s'ins\u00e9rant parfaitement sous la l\u00e8vre. Avec un taux de nicotine plus \u00e9lev\u00e9, Puff &amp; Pouch Freezy Citrus 12mg est id\u00e9al pour les utilisateurs qui appr\u00e9cient une saveur vibrante et acidul\u00e9e associ\u00e9e \u00e0 un coup de fouet nicotinique satisfaisant.<\/span><\/p>\n<table>\n<tbody>\n<tr>\n<td><b>Attribut<\/b><\/td>\n<td><b>D\u00e9tails<\/b><\/td>\n<\/tr>\n<tr>\n<td><span style=\"font-weight: 400;\">Contenu par bo\u00eete<\/span><\/td>\n<td><span style=\"font-weight: 400;\">10g (20 sachets)<\/span><\/td>\n<\/tr>\n<tr>\n<td><span style=\"font-weight: 400;\">Teneur en nicotine<\/span><\/td>\n<td><span style=\"font-weight: 400;\">16 mg\/g (12 mg par sachet)<\/span><\/td>\n<\/tr>\n<tr>\n<td><span style=\"font-weight: 400;\">Format de la pochette<\/span><\/td>\n<td><span style=\"font-weight: 400;\">Mince<\/span><\/td>\n<\/tr>\n<tr>\n<td><span style=\"font-weight: 400;\">Producteur<\/span><\/td>\n<td><span style=\"font-weight: 400;\">Pochette et bouff\u00e9e d'air<\/span><\/td>\n<\/tr>\n<tr>\n<td><span style=\"font-weight: 400;\">Saveur<\/span><\/td>\n<td><span style=\"font-weight: 400;\">Agrumes<\/span><\/td>\n<\/tr>\n<tr>\n<td><span style=\"font-weight: 400;\">Taper<\/span><\/td>\n<td><span style=\"font-weight: 400;\">Pochette enti\u00e8rement blanche, sans tabac<\/span><\/td>\n<\/tr>\n<\/tbody>\n<\/table>","protected":false},"excerpt":{"rendered":"<p>Les sachets de nicotine Puff &amp; Pouch Freezy Citrus 12mg offrent un go\u00fbt zest\u00e9 et rafra\u00eechissant. <strong data-start=\"77\" data-end=\"94\">Agrumes glac\u00e9s<\/strong> saveur. <strong data-start=\"103\" data-end=\"111\">Mince<\/strong>, Le format sans tabac permet une utilisation discr\u00e8te et confortable avec une lib\u00e9ration propre et revigorante. Chaque sachet contient <strong data-start=\"219\" data-end=\"237\">12 mg de nicotine<\/strong>.<\/p>","protected":false},"featured_media":3182,"comment_status":"open","ping_status":"closed","template":"","format":[206],"meta":{"_acf_changed":false},"product_brand":[],"product_cat":[86],"product_tag":[16561],"flavours":[190],"nicotine":[213,232],"class_list":{"0":"post-8560","1":"product","2":"type-product","3":"status-publish","4":"has-post-thumbnail","6":"product_cat-puff-pouch","7":"product_tag-12-mg-pouch","8":"pa_quantity-1-pack","9":"pa_quantity-10-pack","10":"pa_quantity-3-pack","11":"pa_quantity-30-pack","12":"pa_quantity-5-pack","13":"pa_quantity-60-pack","14":"flavours-citrus","15":"format-slim","16":"nicotine-16-mg-g","17":"nicotine-extra-strong","19":"first","20":"instock","21":"taxable","22":"shipping-taxable","23":"purchasable","24":"product-type-variable"},"acf":[],"_links":{"self":[{"href":"https:\/\/whitelip.com\/fr\/wp-json\/wp\/v2\/product\/8560","targetHints":{"allow":["GET"]}}],"collection":[{"href":"https:\/\/whitelip.com\/fr\/wp-json\/wp\/v2\/product"}],"about":[{"href":"https:\/\/whitelip.com\/fr\/wp-json\/wp\/v2\/types\/product"}],"replies":[{"embeddable":true,"href":"https:\/\/whitelip.com\/fr\/wp-json\/wp\/v2\/comments?post=8560"}],"wp:featuredmedia":[{"embeddable":true,"href":"https:\/\/whitelip.com\/fr\/wp-json\/wp\/v2\/media\/3182"}],"wp:attachment":[{"href":"https:\/\/whitelip.com\/fr\/wp-json\/wp\/v2\/media?parent=8560"}],"wp:term":[{"taxonomy":"product_brand","embeddable":true,"href":"https:\/\/whitelip.com\/fr\/wp-json\/wp\/v2\/product_brand?post=8560"},{"taxonomy":"product_cat","embeddable":true,"href":"https:\/\/whitelip.com\/fr\/wp-json\/wp\/v2\/product_cat?post=8560"},{"taxonomy":"product_tag","embeddable":true,"href":"https:\/\/whitelip.com\/fr\/wp-json\/wp\/v2\/product_tag?post=8560"},{"taxonomy":"flavours","embeddable":true,"href":"https:\/\/whitelip.com\/fr\/wp-json\/wp\/v2\/flavours?post=8560"},{"taxonomy":"format","embeddable":true,"href":"https:\/\/whitelip.com\/fr\/wp-json\/wp\/v2\/format?post=8560"},{"taxonomy":"nicotine","embeddable":true,"href":"https:\/\/whitelip.com\/fr\/wp-json\/wp\/v2\/nicotine?post=8560"}],"curies":[{"name":"wp","href":"https:\/\/api.w.org\/{rel}","templated":true}]}}