{"id":8534,"date":"2024-11-28T12:47:46","date_gmt":"2024-11-28T12:47:46","guid":{"rendered":"https:\/\/whitelip.com\/loop-creamy-cappuccino-3\/"},"modified":"2026-04-22T10:11:54","modified_gmt":"2026-04-22T10:11:54","slug":"loop-creamy-cappuccino-3","status":"publish","type":"product","link":"https:\/\/whitelip.com\/fr\/loop\/loop-creamy-cappuccino-3\/","title":{"rendered":"LOOP Cappuccino cr\u00e9meux #3"},"content":{"rendered":"<h2><b>LOOP Cappuccino cr\u00e9meux #3<\/b><\/h2>\n<p><span style=\"font-weight: 400;\">LOOP Creamy Cappuccino #3 apporte la saveur riche et douce d'un cappuccino classique dans un sachet de nicotine mince. Avec une touche de douceur et un profil de caf\u00e9 velout\u00e9, ce sachet offre une exp\u00e9rience nicotinique r\u00e9confortante et indulgente. Con\u00e7u pour une utilisation discr\u00e8te, LOOP Creamy Cappuccino #3 se place confortablement sous la l\u00e8vre, ce qui le rend id\u00e9al pour les amateurs de caf\u00e9 \u00e0 la recherche d'une option nicotinique satisfaisante lors de leurs d\u00e9placements. Son taux de nicotine mod\u00e9r\u00e9 garantit une exp\u00e9rience \u00e9quilibr\u00e9e et agr\u00e9able.<\/span><\/p>\n<table>\n<tbody>\n<tr>\n<td><b>Attribut<\/b><\/td>\n<td><b>D\u00e9tails<\/b><\/td>\n<\/tr>\n<tr>\n<td><span style=\"font-weight: 400;\">Contenu par bo\u00eete<\/span><\/td>\n<td><span style=\"font-weight: 400;\">12g (20 sachets)<\/span><\/td>\n<\/tr>\n<tr>\n<td><span style=\"font-weight: 400;\">Teneur en nicotine<\/span><\/td>\n<td><span style=\"font-weight: 400;\">10 mg\/g<\/span><\/td>\n<\/tr>\n<tr>\n<td><span style=\"font-weight: 400;\">Format de la pochette<\/span><\/td>\n<td><span style=\"font-weight: 400;\">Mince<\/span><\/td>\n<\/tr>\n<tr>\n<td><span style=\"font-weight: 400;\">Producteur<\/span><\/td>\n<td><span style=\"font-weight: 400;\">boucle<\/span><\/td>\n<\/tr>\n<tr>\n<td><span style=\"font-weight: 400;\">Saveur<\/span><\/td>\n<td><span style=\"font-weight: 400;\">Cappuccino Cr\u00e9meux<\/span><\/td>\n<\/tr>\n<tr>\n<td><span style=\"font-weight: 400;\">Taper<\/span><\/td>\n<td><span style=\"font-weight: 400;\">Pochette enti\u00e8rement blanche, sans tabac<\/span><\/td>\n<\/tr>\n<\/tbody>\n<\/table>","protected":false},"excerpt":{"rendered":"<p>Riche, doux <strong data-start=\"13\" data-end=\"34\">cappuccino cr\u00e9meux<\/strong> avec un profil de caf\u00e9 velout\u00e9 et une touche de douceur. <strong data-start=\"91\" data-end=\"99\">Mince<\/strong>, Les sachets sans tabac se placent discr\u00e8tement sous la l\u00e8vre pour un lifting r\u00e9confortant et indulgent avec une force \u00e9quilibr\u00e9e.<\/p>","protected":false},"featured_media":8535,"comment_status":"open","ping_status":"closed","template":"","format":[206],"meta":{"_acf_changed":false},"product_brand":[],"product_cat":[32],"product_tag":[17011],"flavours":[192],"nicotine":[212,232],"class_list":{"0":"post-8534","1":"product","2":"type-product","3":"status-publish","4":"has-post-thumbnail","6":"product_cat-loop","7":"product_tag-9-4-mg-pouch","8":"pa_quantity-1-pack","9":"pa_quantity-10-pack","10":"pa_quantity-3-pack","11":"pa_quantity-30-pack","12":"pa_quantity-5-pack","13":"pa_quantity-60-pack","14":"flavours-coffee","15":"format-slim","16":"nicotine-15-mg-g","17":"nicotine-extra-strong","19":"first","20":"instock","21":"taxable","22":"shipping-taxable","23":"purchasable","24":"product-type-variable"},"acf":[],"_links":{"self":[{"href":"https:\/\/whitelip.com\/fr\/wp-json\/wp\/v2\/product\/8534","targetHints":{"allow":["GET"]}}],"collection":[{"href":"https:\/\/whitelip.com\/fr\/wp-json\/wp\/v2\/product"}],"about":[{"href":"https:\/\/whitelip.com\/fr\/wp-json\/wp\/v2\/types\/product"}],"replies":[{"embeddable":true,"href":"https:\/\/whitelip.com\/fr\/wp-json\/wp\/v2\/comments?post=8534"}],"wp:featuredmedia":[{"embeddable":true,"href":"https:\/\/whitelip.com\/fr\/wp-json\/wp\/v2\/media\/8535"}],"wp:attachment":[{"href":"https:\/\/whitelip.com\/fr\/wp-json\/wp\/v2\/media?parent=8534"}],"wp:term":[{"taxonomy":"product_brand","embeddable":true,"href":"https:\/\/whitelip.com\/fr\/wp-json\/wp\/v2\/product_brand?post=8534"},{"taxonomy":"product_cat","embeddable":true,"href":"https:\/\/whitelip.com\/fr\/wp-json\/wp\/v2\/product_cat?post=8534"},{"taxonomy":"product_tag","embeddable":true,"href":"https:\/\/whitelip.com\/fr\/wp-json\/wp\/v2\/product_tag?post=8534"},{"taxonomy":"flavours","embeddable":true,"href":"https:\/\/whitelip.com\/fr\/wp-json\/wp\/v2\/flavours?post=8534"},{"taxonomy":"format","embeddable":true,"href":"https:\/\/whitelip.com\/fr\/wp-json\/wp\/v2\/format?post=8534"},{"taxonomy":"nicotine","embeddable":true,"href":"https:\/\/whitelip.com\/fr\/wp-json\/wp\/v2\/nicotine?post=8534"}],"curies":[{"name":"wp","href":"https:\/\/api.w.org\/{rel}","templated":true}]}}