{"id":8532,"date":"2024-11-28T12:47:46","date_gmt":"2024-11-28T12:47:46","guid":{"rendered":"https:\/\/whitelip.com\/zyn-black-cherry-6mg\/"},"modified":"2026-05-09T18:09:46","modified_gmt":"2026-05-09T18:09:46","slug":"zyn-black-cherry-6mg","status":"publish","type":"product","link":"https:\/\/whitelip.com\/fr\/zyn\/zyn-black-cherry-6mg\/","title":{"rendered":"ZYN Cerise Noire 6mg"},"content":{"rendered":"<h2><b>ZYN Cerise Noire 6mg<\/b><\/h2>\n<p><span style=\"font-weight: 400;\">ZYN Black Cherry 6mg offre une <\/span><b>go\u00fbt riche et sucr\u00e9 de cerise noire<\/b><span style=\"font-weight: 400;\">, Chaque sachet contient de la nicotine qui procure une exp\u00e9rience douce et satisfaisante. Le go\u00fbt profond et fruit\u00e9 des cerises m\u00fbres est parfaitement \u00e9quilibr\u00e9 par une subtile acidit\u00e9, cr\u00e9ant une exp\u00e9rience savoureuse et rafra\u00eechissante. Chaque sachet fin, enti\u00e8rement blanc, contient <\/span><b>6 mg de nicotine<\/b><span style=\"font-weight: 400;\">, La nicotine est un \u00e9l\u00e9ment essentiel de l'ar\u00f4me du tabac, qui permet une lib\u00e9ration mod\u00e9r\u00e9e et r\u00e9guli\u00e8re, id\u00e9ale pour ceux qui recherchent une option plus l\u00e9g\u00e8re en termes de nicotine.<\/span><\/p>\n<p><span style=\"font-weight: 400;\">Le format fin assure une tenue discr\u00e8te et confortable sous la l\u00e8vre, permettant une utilisation propre et sans tache \u00e0 tout moment. Enti\u00e8rement sans tabac et fabriqu\u00e9 \u00e0 partir de mat\u00e9riaux v\u00e9g\u00e9taux de haute qualit\u00e9, ZYN Black Cherry 6mg offre une alternative nicotinique moderne et agr\u00e9able avec un ar\u00f4me de cerise vibrant.<\/span><\/p>\n<table>\n<tbody>\n<tr>\n<td><b>Attribut<\/b><\/td>\n<td><b>D\u00e9tails<\/b><\/td>\n<\/tr>\n<tr>\n<td><b>Marque<\/b><\/td>\n<td><span style=\"font-weight: 400;\">ZYN<\/span><\/td>\n<\/tr>\n<tr>\n<td><b>Type de produit<\/b><\/td>\n<td><span style=\"font-weight: 400;\">Tous les sachets de nicotine blancs<\/span><\/td>\n<\/tr>\n<tr>\n<td><b>Format<\/b><\/td>\n<td><span style=\"font-weight: 400;\">Mince<\/span><\/td>\n<\/tr>\n<tr>\n<td><b>Saveur<\/b><\/td>\n<td><span style=\"font-weight: 400;\">Cerise noire<\/span><\/td>\n<\/tr>\n<tr>\n<td><b>Intensit\u00e9 de la nicotine<\/b><\/td>\n<td><span style=\"font-weight: 400;\">6 mg par sachet<\/span><\/td>\n<\/tr>\n<tr>\n<td><b>Poids de la portion<\/b><\/td>\n<td><span style=\"font-weight: 400;\">0,7 grammes<\/span><\/td>\n<\/tr>\n<tr>\n<td><b>Nombre de portions<\/b><\/td>\n<td><span style=\"font-weight: 400;\">21 par bo\u00eete<\/span><\/td>\n<\/tr>\n<tr>\n<td><b>Poids total de la bo\u00eete<\/b><\/td>\n<td><span style=\"font-weight: 400;\">14,7 grammes<\/span><\/td>\n<\/tr>\n<tr>\n<td><b>Fabricant<\/b><\/td>\n<td><span style=\"font-weight: 400;\">Swedish Match<\/span><\/td>\n<\/tr>\n<tr>\n<td><b>Caract\u00e9ristiques notables<\/b><\/td>\n<td><span style=\"font-weight: 400;\">Sans tabac, format mince, ar\u00f4me doux et acidul\u00e9 de cerise noire<\/span><\/td>\n<\/tr>\n<\/tbody>\n<\/table>","protected":false},"excerpt":{"rendered":"<p><strong>Nouveau mod\u00e8le ! Pendant la p\u00e9riode de transition, les deux mod\u00e8les peuvent \u00eatre vendus.<\/strong><\/p>\n<p>ZYN <strong data-start=\"4\" data-end=\"20\">Cerise noire<\/strong> <strong data-start=\"21\" data-end=\"29\">mince<\/strong> offre une cerise noire riche et sucr\u00e9e avec une finale douce et rafra\u00eechissante. Chaque sachet contient <strong data-start=\"118\" data-end=\"135\">6 mg de nicotine<\/strong> pour une lib\u00e9ration mod\u00e9r\u00e9e et r\u00e9guli\u00e8re.<\/p>","protected":false},"featured_media":8533,"comment_status":"open","ping_status":"closed","template":"","format":[205],"meta":{"_acf_changed":false},"product_brand":[],"product_cat":[37],"product_tag":[16559],"flavours":[196],"nicotine":[212,232],"class_list":{"0":"post-8532","1":"product","2":"type-product","3":"status-publish","4":"has-post-thumbnail","6":"product_cat-zyn","7":"product_tag-6-mg-pouch","8":"pa_quantity-1-pack","9":"pa_quantity-10-pack","10":"pa_quantity-3-pack","11":"pa_quantity-30-pack","12":"pa_quantity-5-pack","13":"pa_quantity-60-pack","14":"flavours-fruits-berries","15":"format-mini","16":"nicotine-15-mg-g","17":"nicotine-extra-strong","19":"first","20":"instock","21":"taxable","22":"shipping-taxable","23":"purchasable","24":"product-type-variable"},"acf":[],"_links":{"self":[{"href":"https:\/\/whitelip.com\/fr\/wp-json\/wp\/v2\/product\/8532","targetHints":{"allow":["GET"]}}],"collection":[{"href":"https:\/\/whitelip.com\/fr\/wp-json\/wp\/v2\/product"}],"about":[{"href":"https:\/\/whitelip.com\/fr\/wp-json\/wp\/v2\/types\/product"}],"replies":[{"embeddable":true,"href":"https:\/\/whitelip.com\/fr\/wp-json\/wp\/v2\/comments?post=8532"}],"wp:featuredmedia":[{"embeddable":true,"href":"https:\/\/whitelip.com\/fr\/wp-json\/wp\/v2\/media\/8533"}],"wp:attachment":[{"href":"https:\/\/whitelip.com\/fr\/wp-json\/wp\/v2\/media?parent=8532"}],"wp:term":[{"taxonomy":"product_brand","embeddable":true,"href":"https:\/\/whitelip.com\/fr\/wp-json\/wp\/v2\/product_brand?post=8532"},{"taxonomy":"product_cat","embeddable":true,"href":"https:\/\/whitelip.com\/fr\/wp-json\/wp\/v2\/product_cat?post=8532"},{"taxonomy":"product_tag","embeddable":true,"href":"https:\/\/whitelip.com\/fr\/wp-json\/wp\/v2\/product_tag?post=8532"},{"taxonomy":"flavours","embeddable":true,"href":"https:\/\/whitelip.com\/fr\/wp-json\/wp\/v2\/flavours?post=8532"},{"taxonomy":"format","embeddable":true,"href":"https:\/\/whitelip.com\/fr\/wp-json\/wp\/v2\/format?post=8532"},{"taxonomy":"nicotine","embeddable":true,"href":"https:\/\/whitelip.com\/fr\/wp-json\/wp\/v2\/nicotine?post=8532"}],"curies":[{"name":"wp","href":"https:\/\/api.w.org\/{rel}","templated":true}]}}