{"id":8510,"date":"2024-11-28T12:47:22","date_gmt":"2024-11-28T12:47:22","guid":{"rendered":"https:\/\/whitelip.com\/kelly-white-hot-cherry-mini-strong\/"},"modified":"2026-04-22T10:11:32","modified_gmt":"2026-04-22T10:11:32","slug":"kelly-white-hot-cherry-strong","status":"publish","type":"product","link":"https:\/\/whitelip.com\/fr\/kelly-white\/kelly-white-hot-cherry-strong\/","title":{"rendered":"KELLY WHITE Hot Cherry Strong"},"content":{"rendered":"<h2>KELLY WHITE Hot Cherry Strong<\/h2>\n<p><span style=\"font-weight: 400;\">KELLY WHITE Hot Cherry Mini Strong est un sachet de nicotine sans tabac qui combine la saveur sucr\u00e9e des cerises avec le coup \u00e9pic\u00e9 du chili. Chaque sachet au format slim contient 8 mg de nicotine, offrant une exp\u00e9rience forte adapt\u00e9e aux utilisateurs exp\u00e9riment\u00e9s. Les sachets sont con\u00e7us pour une utilisation discr\u00e8te sans tacher les dents, ce qui les rend id\u00e9aux pour une utilisation en d\u00e9placement. Produits par White Industries AB, un fabricant su\u00e9dois connu pour allier les m\u00e9thodes contemporaines \u00e0 la qualit\u00e9 traditionnelle, ces sachets exemplifient les normes \u00e9lev\u00e9es et les combinaisons de saveurs innovantes.<\/span><\/p>\n<table>\n<tbody>\n<tr>\n<td><b>Attribut<\/b><\/td>\n<td><b>D\u00e9tails<\/b><\/td>\n<\/tr>\n<tr>\n<td><b>Contenu par bo\u00eete<\/b><\/td>\n<td><span style=\"font-weight: 400;\">8g (20 sachets)<\/span><\/td>\n<\/tr>\n<tr>\n<td><b>Teneur en nicotine<\/b><\/td>\n<td><span style=\"font-weight: 400;\">8 mg par sachet<\/span><\/td>\n<\/tr>\n<tr>\n<td><b>Format de la pochette<\/b><\/td>\n<td><span style=\"font-weight: 400;\">Mince<\/span><\/td>\n<\/tr>\n<tr>\n<td><b>Producteur<\/b><\/td>\n<td><span style=\"font-weight: 400;\">White Industries AB<\/span><\/td>\n<\/tr>\n<tr>\n<td><b>Saveur<\/b><\/td>\n<td><span style=\"font-weight: 400;\">Cerise et Piment<\/span><\/td>\n<\/tr>\n<tr>\n<td><b>Taper<\/b><\/td>\n<td><span style=\"font-weight: 400;\">Pochette toute blanche<\/span><\/td>\n<\/tr>\n<\/tbody>\n<\/table>","protected":false},"excerpt":{"rendered":"<p>Douceur <strong data-start=\"6\" data-end=\"20\">cerise chaude<\/strong> avec une touche de chili \u00e9pic\u00e9. <strong data-start=\"46\" data-end=\"54\">Mince<\/strong>, Les sachets sans tabac se placent discr\u00e8tement sous la l\u00e8vre et ne tachent pas les dents, ce qui est id\u00e9al pour les d\u00e9placements. Chaque sachet contient <strong data-start=\"166\" data-end=\"185\">8 mg de nicotine<\/strong>, Les produits de White Industries AB (Su\u00e8de) sont fabriqu\u00e9s selon des normes \u00e9lev\u00e9es et des m\u00e9langes d'ar\u00f4mes novateurs. Produit par White Industries AB (Su\u00e8de) avec des standards \u00e9lev\u00e9s et des m\u00e9langes d'ar\u00f4mes innovants.<\/p>","protected":false},"featured_media":92084,"comment_status":"open","ping_status":"closed","template":"","format":[206],"meta":{"_acf_changed":false},"product_brand":[],"product_cat":[83],"product_tag":[16583],"flavours":[187,196],"nicotine":[213,232],"class_list":{"0":"post-8510","1":"product","2":"type-product","3":"status-publish","4":"has-post-thumbnail","6":"product_cat-kelly-white","7":"product_tag-8-mg-pouch","8":"pa_quantity-1-pack","9":"pa_quantity-10-pack","10":"pa_quantity-3-pack","11":"pa_quantity-30-pack","12":"pa_quantity-5-pack","13":"pa_quantity-60-pack","14":"flavours-chili","15":"flavours-fruits-berries","16":"format-slim","17":"nicotine-16-mg-g","18":"nicotine-extra-strong","20":"first","21":"outofstock","22":"taxable","23":"shipping-taxable","24":"purchasable","25":"product-type-variable"},"acf":[],"_links":{"self":[{"href":"https:\/\/whitelip.com\/fr\/wp-json\/wp\/v2\/product\/8510","targetHints":{"allow":["GET"]}}],"collection":[{"href":"https:\/\/whitelip.com\/fr\/wp-json\/wp\/v2\/product"}],"about":[{"href":"https:\/\/whitelip.com\/fr\/wp-json\/wp\/v2\/types\/product"}],"replies":[{"embeddable":true,"href":"https:\/\/whitelip.com\/fr\/wp-json\/wp\/v2\/comments?post=8510"}],"wp:featuredmedia":[{"embeddable":true,"href":"https:\/\/whitelip.com\/fr\/wp-json\/wp\/v2\/media\/92084"}],"wp:attachment":[{"href":"https:\/\/whitelip.com\/fr\/wp-json\/wp\/v2\/media?parent=8510"}],"wp:term":[{"taxonomy":"product_brand","embeddable":true,"href":"https:\/\/whitelip.com\/fr\/wp-json\/wp\/v2\/product_brand?post=8510"},{"taxonomy":"product_cat","embeddable":true,"href":"https:\/\/whitelip.com\/fr\/wp-json\/wp\/v2\/product_cat?post=8510"},{"taxonomy":"product_tag","embeddable":true,"href":"https:\/\/whitelip.com\/fr\/wp-json\/wp\/v2\/product_tag?post=8510"},{"taxonomy":"flavours","embeddable":true,"href":"https:\/\/whitelip.com\/fr\/wp-json\/wp\/v2\/flavours?post=8510"},{"taxonomy":"format","embeddable":true,"href":"https:\/\/whitelip.com\/fr\/wp-json\/wp\/v2\/format?post=8510"},{"taxonomy":"nicotine","embeddable":true,"href":"https:\/\/whitelip.com\/fr\/wp-json\/wp\/v2\/nicotine?post=8510"}],"curies":[{"name":"wp","href":"https:\/\/api.w.org\/{rel}","templated":true}]}}