{"id":8508,"date":"2024-11-28T12:47:22","date_gmt":"2024-11-28T12:47:22","guid":{"rendered":"https:\/\/whitelip.com\/kelly-white-sparkling-strawberry-slim\/"},"modified":"2026-04-14T19:40:57","modified_gmt":"2026-04-14T19:40:57","slug":"kelly-white-sparkling-strawberry-slim","status":"publish","type":"product","link":"https:\/\/whitelip.com\/fr\/kelly-white\/kelly-white-sparkling-strawberry-slim\/","title":{"rendered":"KELLY WHITE Fraise p\u00e9tillante Slim"},"content":{"rendered":"<h2><b>Kelly White Sparkling Strawberry Slim<\/b><\/h2>\n<p><span style=\"font-weight: 400;\">Les sachets de nicotine Kelly White Sparkling Strawberry Slim offrent un m\u00e9lange sophistiqu\u00e9 de fraises fra\u00eeches et un soup\u00e7on de champagne, offrant un profil de saveur \u00e9quilibr\u00e9 et \u00e9l\u00e9gant. Chaque sachet mince contient 8 mg de nicotine par gramme, soit environ 4,8 mg par sachet, pour une exp\u00e9rience mod\u00e9r\u00e9e convenant aux utilisateurs r\u00e9guliers. Les sachets sont con\u00e7us pour une utilisation discr\u00e8te sans tacher les dents, ce qui les rend id\u00e9aux pour une consommation nomade. Fabriqu\u00e9s par White Industries AB, un fabricant su\u00e9dois connu pour allier m\u00e9thodes contemporaines et qualit\u00e9 traditionnelle, ces sachets illustrent des normes \u00e9lev\u00e9es et des combinaisons de saveurs innovantes.<\/span><\/p>\n<table>\n<tbody>\n<tr>\n<td><b>Attribut<\/b><\/td>\n<td><b>D\u00e9tails<\/b><\/td>\n<\/tr>\n<tr>\n<td><b>Contenu par bo\u00eete<\/b><\/td>\n<td><span style=\"font-weight: 400;\">12g (20 sachets)<\/span><\/td>\n<\/tr>\n<tr>\n<td><b>Teneur en nicotine<\/b><\/td>\n<td><span style=\"font-weight: 400;\">8 mg\/g (5 mg par sachet)<\/span><\/td>\n<\/tr>\n<tr>\n<td><b>Format de la pochette<\/b><\/td>\n<td><span style=\"font-weight: 400;\">Mince<\/span><\/td>\n<\/tr>\n<tr>\n<td><b>Producteur<\/b><\/td>\n<td><span style=\"font-weight: 400;\">White Industries AB<\/span><\/td>\n<\/tr>\n<tr>\n<td><b>Saveur<\/b><\/td>\n<td><span style=\"font-weight: 400;\">Fraise et Champagne<\/span><\/td>\n<\/tr>\n<tr>\n<td><b>Taper<\/b><\/td>\n<td><span style=\"font-weight: 400;\">Pochette toute blanche<\/span><\/td>\n<\/tr>\n<\/tbody>\n<\/table>","protected":false},"excerpt":{"rendered":"<p>Sophistiqu\u00e9, frais <strong data-start=\"21\" data-end=\"35\">fraise<\/strong> avec une touche subtile de champagne pour un go\u00fbt \u00e9l\u00e9gant et \u00e9quilibr\u00e9. <strong data-start=\"97\" data-end=\"105\">Mince<\/strong> se placent discr\u00e8tement sous la l\u00e8vre et ne tachent pas les dents. Chaque sachet contient <strong data-start=\"186\" data-end=\"206\">~4,8 mg de nicotine<\/strong> (<strong data-start=\"208\" data-end=\"218\">8 mg\/g<\/strong>), offrant une exp\u00e9rience mod\u00e9r\u00e9e et satisfaisante. Produit par White Industries AB (Su\u00e8de).<\/p>","protected":false},"featured_media":92081,"comment_status":"open","ping_status":"closed","template":"","format":[206],"meta":{"_acf_changed":false},"product_brand":[],"product_cat":[83],"product_tag":[16636],"flavours":[196],"nicotine":[230,236],"class_list":{"0":"post-8508","1":"product","2":"type-product","3":"status-publish","4":"has-post-thumbnail","6":"product_cat-kelly-white","7":"product_tag-4-8-mg-pouch","8":"pa_quantity-1-pack","9":"pa_quantity-10-pack","10":"pa_quantity-3-pack","11":"pa_quantity-30-pack","12":"pa_quantity-5-pack","13":"pa_quantity-60-pack","14":"flavours-fruits-berries","15":"format-slim","16":"nicotine-8-mg-g","17":"nicotine-strong","19":"first","20":"instock","21":"taxable","22":"shipping-taxable","23":"purchasable","24":"product-type-variable"},"acf":[],"_links":{"self":[{"href":"https:\/\/whitelip.com\/fr\/wp-json\/wp\/v2\/product\/8508","targetHints":{"allow":["GET"]}}],"collection":[{"href":"https:\/\/whitelip.com\/fr\/wp-json\/wp\/v2\/product"}],"about":[{"href":"https:\/\/whitelip.com\/fr\/wp-json\/wp\/v2\/types\/product"}],"replies":[{"embeddable":true,"href":"https:\/\/whitelip.com\/fr\/wp-json\/wp\/v2\/comments?post=8508"}],"wp:featuredmedia":[{"embeddable":true,"href":"https:\/\/whitelip.com\/fr\/wp-json\/wp\/v2\/media\/92081"}],"wp:attachment":[{"href":"https:\/\/whitelip.com\/fr\/wp-json\/wp\/v2\/media?parent=8508"}],"wp:term":[{"taxonomy":"product_brand","embeddable":true,"href":"https:\/\/whitelip.com\/fr\/wp-json\/wp\/v2\/product_brand?post=8508"},{"taxonomy":"product_cat","embeddable":true,"href":"https:\/\/whitelip.com\/fr\/wp-json\/wp\/v2\/product_cat?post=8508"},{"taxonomy":"product_tag","embeddable":true,"href":"https:\/\/whitelip.com\/fr\/wp-json\/wp\/v2\/product_tag?post=8508"},{"taxonomy":"flavours","embeddable":true,"href":"https:\/\/whitelip.com\/fr\/wp-json\/wp\/v2\/flavours?post=8508"},{"taxonomy":"format","embeddable":true,"href":"https:\/\/whitelip.com\/fr\/wp-json\/wp\/v2\/format?post=8508"},{"taxonomy":"nicotine","embeddable":true,"href":"https:\/\/whitelip.com\/fr\/wp-json\/wp\/v2\/nicotine?post=8508"}],"curies":[{"name":"wp","href":"https:\/\/api.w.org\/{rel}","templated":true}]}}