{"id":8496,"date":"2024-11-28T12:46:58","date_gmt":"2024-11-28T12:46:58","guid":{"rendered":"https:\/\/whitelip.com\/loop-red-chili-melon-hyper-strong\/"},"modified":"2026-05-12T10:11:34","modified_gmt":"2026-05-12T10:11:34","slug":"loop-red-chili-melon-hyper-strong","status":"publish","type":"product","link":"https:\/\/whitelip.com\/fr\/loop\/loop-red-chili-melon-hyper-strong\/","title":{"rendered":"LOOP Piment Rouge Melon Hyper Fort"},"content":{"rendered":"<h2><b>LOOP Piment Rouge Melon Hyper Fort<\/b><\/h2>\n<p><span style=\"font-weight: 400;\">LOOP Red Chili Melon Hyper Strong offre une combinaison audacieuse de melon sucr\u00e9 et juteux et d'un piment ardent, cr\u00e9ant un profil de saveur intense et unique. Ces sachets de nicotine minces sont con\u00e7us pour les utilisateurs exp\u00e9riment\u00e9s \u00e0 la recherche d'une exp\u00e9rience nicotinique audacieuse et puissante. Avec une teneur \u00e9lev\u00e9e en nicotine, LOOP Red Chili Melon Hyper Strong procure une sensation \u00e0 la fois puissante et satisfaisante. Con\u00e7us pour une utilisation discr\u00e8te, ces sachets se placent confortablement sous la l\u00e8vre, garantissant une option pratique et revigorante dans n'importe quel contexte.<\/span><\/p>\n<table>\n<tbody>\n<tr>\n<td><b>Attribut<\/b><\/td>\n<td><b>D\u00e9tails<\/b><\/td>\n<\/tr>\n<tr>\n<td><span style=\"font-weight: 400;\">Contenu par bo\u00eete<\/span><\/td>\n<td><span style=\"font-weight: 400;\">12g (20 sachets)<\/span><\/td>\n<\/tr>\n<tr>\n<td><span style=\"font-weight: 400;\">Teneur en nicotine<\/span><\/td>\n<td><span style=\"font-weight: 400;\">25 mg\/g<\/span><\/td>\n<\/tr>\n<tr>\n<td><span style=\"font-weight: 400;\">Format de la pochette<\/span><\/td>\n<td><span style=\"font-weight: 400;\">Mince<\/span><\/td>\n<\/tr>\n<tr>\n<td><span style=\"font-weight: 400;\">Producteur<\/span><\/td>\n<td><span style=\"font-weight: 400;\">boucle<\/span><\/td>\n<\/tr>\n<tr>\n<td><span style=\"font-weight: 400;\">Saveur<\/span><\/td>\n<td><span style=\"font-weight: 400;\">Piment Rouge et Melon<\/span><\/td>\n<\/tr>\n<tr>\n<td><span style=\"font-weight: 400;\">Taper<\/span><\/td>\n<td><span style=\"font-weight: 400;\">Pochette enti\u00e8rement blanche, sans tabac<\/span><\/td>\n<\/tr>\n<\/tbody>\n<\/table>","protected":false},"excerpt":{"rendered":"<p>Audace <strong data-start=\"7\" data-end=\"26\">melon au piment rouge<\/strong> avec un coup de fouet pour un go\u00fbt intense et unique. <strong data-start=\"75\" data-end=\"83\">Mince<\/strong>, Les sachets sans tabac se placent discr\u00e8tement sous la l\u00e8vre pour une utilisation pratique. <strong>Hyper Fort<\/strong> de nicotine offre une sensation puissante mais satisfaisante pour les utilisateurs exp\u00e9riment\u00e9s.<\/p>","protected":false},"featured_media":8497,"comment_status":"open","ping_status":"closed","template":"","format":[206],"meta":{"_acf_changed":false},"product_brand":[],"product_cat":[32],"product_tag":[17005],"flavours":[187,196],"nicotine":[219,232],"class_list":{"0":"post-8496","1":"product","2":"type-product","3":"status-publish","4":"has-post-thumbnail","6":"product_cat-loop","7":"product_tag-15-6-mg-pouch","8":"pa_quantity-1-pack","9":"pa_quantity-10-pack","10":"pa_quantity-3-pack","11":"pa_quantity-30-pack","12":"pa_quantity-5-pack","13":"pa_quantity-60-pack","14":"flavours-chili","15":"flavours-fruits-berries","16":"format-slim","17":"nicotine-25-mg-g","18":"nicotine-extra-strong","20":"first","21":"instock","22":"taxable","23":"shipping-taxable","24":"purchasable","25":"product-type-variable"},"acf":[],"_links":{"self":[{"href":"https:\/\/whitelip.com\/fr\/wp-json\/wp\/v2\/product\/8496","targetHints":{"allow":["GET"]}}],"collection":[{"href":"https:\/\/whitelip.com\/fr\/wp-json\/wp\/v2\/product"}],"about":[{"href":"https:\/\/whitelip.com\/fr\/wp-json\/wp\/v2\/types\/product"}],"replies":[{"embeddable":true,"href":"https:\/\/whitelip.com\/fr\/wp-json\/wp\/v2\/comments?post=8496"}],"wp:featuredmedia":[{"embeddable":true,"href":"https:\/\/whitelip.com\/fr\/wp-json\/wp\/v2\/media\/8497"}],"wp:attachment":[{"href":"https:\/\/whitelip.com\/fr\/wp-json\/wp\/v2\/media?parent=8496"}],"wp:term":[{"taxonomy":"product_brand","embeddable":true,"href":"https:\/\/whitelip.com\/fr\/wp-json\/wp\/v2\/product_brand?post=8496"},{"taxonomy":"product_cat","embeddable":true,"href":"https:\/\/whitelip.com\/fr\/wp-json\/wp\/v2\/product_cat?post=8496"},{"taxonomy":"product_tag","embeddable":true,"href":"https:\/\/whitelip.com\/fr\/wp-json\/wp\/v2\/product_tag?post=8496"},{"taxonomy":"flavours","embeddable":true,"href":"https:\/\/whitelip.com\/fr\/wp-json\/wp\/v2\/flavours?post=8496"},{"taxonomy":"format","embeddable":true,"href":"https:\/\/whitelip.com\/fr\/wp-json\/wp\/v2\/format?post=8496"},{"taxonomy":"nicotine","embeddable":true,"href":"https:\/\/whitelip.com\/fr\/wp-json\/wp\/v2\/nicotine?post=8496"}],"curies":[{"name":"wp","href":"https:\/\/api.w.org\/{rel}","templated":true}]}}