{"id":8482,"date":"2024-12-20T19:39:26","date_gmt":"2024-12-20T19:39:26","guid":{"rendered":"https:\/\/whitelip.com\/xqs-arctic-freeze-slim-ultra-strong\/"},"modified":"2026-04-22T10:11:32","modified_gmt":"2026-04-22T10:11:32","slug":"xqs-arctic-freeze-slim-ultra-strong","status":"publish","type":"product","link":"https:\/\/whitelip.com\/fr\/xqs\/xqs-arctic-freeze-slim-ultra-strong\/","title":{"rendered":"XQS Arctic Freeze Slim Ultra Strong"},"content":{"rendered":"<h2><b>XQS Arctic Freeze Slim Ultra Strong<\/b><\/h2>\n<p><span style=\"font-weight: 400;\">XQS Arctic Freeze Slim Ultra Strong est un produit de qualit\u00e9 sup\u00e9rieure. <\/span><b>go\u00fbt intense et glac\u00e9 de menthe<\/b><span style=\"font-weight: 400;\"> avec une puissante sensation de fra\u00eecheur, ce qui en fait l'une des options les plus revigorantes pour les utilisateurs de nicotine. Con\u00e7u pour ceux qui pr\u00e9f\u00e8rent une lib\u00e9ration ultra-forte, chaque sachet mince, enti\u00e8rement blanc, contient <\/span><b>20 mg de nicotine<\/b><span style=\"font-weight: 400;\">, L'effet est imm\u00e9diat et durable pour les utilisateurs exp\u00e9riment\u00e9s \u00e0 la recherche d'une force maximale.<\/span><\/p>\n<p><span style=\"font-weight: 400;\">Le format mince assure une tenue confortable et discr\u00e8te sous la l\u00e8vre, offrant une exp\u00e9rience propre et sans tabac sans tacher les dents. Fabriqu\u00e9 \u00e0 partir de fibres v\u00e9g\u00e9tales de haute qualit\u00e9, XQS Arctic Freeze Slim Ultra Strong offre une alternative moderne \u00e0 la nicotine avec un profil de menthe arctique \u00e0 la fois vif et rafra\u00eechissant. Id\u00e9al pour les moments o\u00f9 vous avez besoin d'un boost de nicotine ultra-puissant avec un kick rafra\u00eechissant.<\/span><\/p>\n<table>\n<tbody>\n<tr>\n<td><b>Attribut<\/b><\/td>\n<td><b>D\u00e9tails<\/b><\/td>\n<\/tr>\n<tr>\n<td><b>Marque<\/b><\/td>\n<td><span style=\"font-weight: 400;\">XQS<\/span><\/td>\n<\/tr>\n<tr>\n<td><b>Type de produit<\/b><\/td>\n<td><span style=\"font-weight: 400;\">Tous les sachets de nicotine blancs<\/span><\/td>\n<\/tr>\n<tr>\n<td><b>Format<\/b><\/td>\n<td><span style=\"font-weight: 400;\">Mince<\/span><\/td>\n<\/tr>\n<tr>\n<td><b>Saveur<\/b><\/td>\n<td><span style=\"font-weight: 400;\">Menthe glaciale<\/span><\/td>\n<\/tr>\n<tr>\n<td><b>Intensit\u00e9 de la nicotine<\/b><\/td>\n<td><span style=\"font-weight: 400;\">20 mg par pochette (25 mg\/g)<\/span><\/td>\n<\/tr>\n<tr>\n<td><b>Poids de la portion<\/b><\/td>\n<td><span style=\"font-weight: 400;\">0,8 grammes<\/span><\/td>\n<\/tr>\n<tr>\n<td><b>Nombre de portions<\/b><\/td>\n<td><span style=\"font-weight: 400;\">20 par bo\u00eete<\/span><\/td>\n<\/tr>\n<tr>\n<td><b>Poids total de la bo\u00eete<\/b><\/td>\n<td><span style=\"font-weight: 400;\">16 grammes<\/span><\/td>\n<\/tr>\n<tr>\n<td><b>Fabricant<\/b><\/td>\n<td><span style=\"font-weight: 400;\">XQS International<\/span><\/td>\n<\/tr>\n<tr>\n<td><b>Caract\u00e9ristiques notables<\/b><\/td>\n<td><span style=\"font-weight: 400;\">Sans tabac, format mince, nicotine ultra-forte avec une saveur intense de menthe arctique<\/span><\/td>\n<\/tr>\n<\/tbody>\n<\/table>","protected":false},"excerpt":{"rendered":"<p><span style=\"font-weight: 400;\">XQS Arctic Freeze <strong>Mince<\/strong> Ultra Strong offre une <\/span><b>go\u00fbt intense et glac\u00e9 de menthe<\/b><span style=\"font-weight: 400;\"> avec une puissante sensation de fra\u00eecheur, ce qui en fait l'une des options les plus revigorantes pour les utilisateurs de nicotine. Con\u00e7u pour ceux qui pr\u00e9f\u00e8rent une lib\u00e9ration ultra-forte, chaque sachet mince, enti\u00e8rement blanc, contient <\/span><b>20 mg de nicotine<\/b><span style=\"font-weight: 400;\">, L'effet est imm\u00e9diat et durable pour les utilisateurs exp\u00e9riment\u00e9s \u00e0 la recherche d'une force maximale.<\/span><\/p>","protected":false},"featured_media":8483,"comment_status":"open","ping_status":"closed","template":"","format":[206],"meta":{"_acf_changed":false},"product_brand":[],"product_cat":[27],"product_tag":[16545],"flavours":[199],"nicotine":[219,232],"class_list":{"0":"post-8482","1":"product","2":"type-product","3":"status-publish","4":"has-post-thumbnail","6":"product_cat-xqs","7":"product_tag-20-mg-pouch","8":"pa_quantity-1-pack","9":"pa_quantity-10-pack","10":"pa_quantity-3-pack","11":"pa_quantity-30-pack","12":"pa_quantity-5-pack","13":"pa_quantity-60-pack","14":"flavours-mint","15":"format-slim","16":"nicotine-25-mg-g","17":"nicotine-extra-strong","19":"first","20":"instock","21":"taxable","22":"shipping-taxable","23":"purchasable","24":"product-type-variable"},"acf":[],"_links":{"self":[{"href":"https:\/\/whitelip.com\/fr\/wp-json\/wp\/v2\/product\/8482","targetHints":{"allow":["GET"]}}],"collection":[{"href":"https:\/\/whitelip.com\/fr\/wp-json\/wp\/v2\/product"}],"about":[{"href":"https:\/\/whitelip.com\/fr\/wp-json\/wp\/v2\/types\/product"}],"replies":[{"embeddable":true,"href":"https:\/\/whitelip.com\/fr\/wp-json\/wp\/v2\/comments?post=8482"}],"wp:featuredmedia":[{"embeddable":true,"href":"https:\/\/whitelip.com\/fr\/wp-json\/wp\/v2\/media\/8483"}],"wp:attachment":[{"href":"https:\/\/whitelip.com\/fr\/wp-json\/wp\/v2\/media?parent=8482"}],"wp:term":[{"taxonomy":"product_brand","embeddable":true,"href":"https:\/\/whitelip.com\/fr\/wp-json\/wp\/v2\/product_brand?post=8482"},{"taxonomy":"product_cat","embeddable":true,"href":"https:\/\/whitelip.com\/fr\/wp-json\/wp\/v2\/product_cat?post=8482"},{"taxonomy":"product_tag","embeddable":true,"href":"https:\/\/whitelip.com\/fr\/wp-json\/wp\/v2\/product_tag?post=8482"},{"taxonomy":"flavours","embeddable":true,"href":"https:\/\/whitelip.com\/fr\/wp-json\/wp\/v2\/flavours?post=8482"},{"taxonomy":"format","embeddable":true,"href":"https:\/\/whitelip.com\/fr\/wp-json\/wp\/v2\/format?post=8482"},{"taxonomy":"nicotine","embeddable":true,"href":"https:\/\/whitelip.com\/fr\/wp-json\/wp\/v2\/nicotine?post=8482"}],"curies":[{"name":"wp","href":"https:\/\/api.w.org\/{rel}","templated":true}]}}