{"id":8476,"date":"2024-12-20T19:39:26","date_gmt":"2024-12-20T19:39:26","guid":{"rendered":"https:\/\/whitelip.com\/xqs-cool-ice-slim-x-strong\/"},"modified":"2026-05-06T10:11:37","modified_gmt":"2026-05-06T10:11:37","slug":"xqs-cool-ice-slim-x-strong","status":"publish","type":"product","link":"https:\/\/whitelip.com\/fr\/xqs\/xqs-cool-ice-slim-x-strong\/","title":{"rendered":"XQS Cool Ice Slim X-Strong"},"content":{"rendered":"<h2><b>XQS Cool Ice Slim X-Stron<\/b><b>g<\/b><\/h2>\n<p><span style=\"font-weight: 400;\">XQS Cool Ice Slim X-Strong offre une sensation de fra\u00eecheur et de fra\u00eecheur. <\/span><b style=\"font-size: 16px;\">saveur menthe glaciale<\/b><span style=\"font-weight: 400;\"> avec une douce sensation de fra\u00eecheur, parfaite pour ceux qui appr\u00e9cient une exp\u00e9rience nicotinique propre et revigorante. Avec <\/span><b style=\"font-size: 16px;\">14 mg de nicotine par sachet<\/b><span style=\"font-weight: 400;\">, Ce produit offre une lib\u00e9ration forte et r\u00e9guli\u00e8re, pour les utilisateurs \u00e0 la recherche d'une option extra-forte.<\/span><\/p>\n<p><span style=\"font-weight: 400;\">Le format mince assure une tenue discr\u00e8te et confortable sous la l\u00e8vre, permettant une utilisation propre et sans tache \u00e0 tout moment. Enti\u00e8rement sans tabac et fabriqu\u00e9 avec des fibres v\u00e9g\u00e9tales de haute qualit\u00e9, XQS Cool Ice Slim X-Strong offre une alternative moderne et propre \u00e0 la nicotine. Sa saveur de menthe rafra\u00eechissante combin\u00e9e \u00e0 une puissance fiable en fait un excellent choix pour les moments o\u00f9 vous avez besoin d'un coup de pouce revitalisant.<\/span><\/p>\n<table>\n<tbody>\n<tr>\n<td><b>Attribut<\/b><\/td>\n<td><b>D\u00e9tails<\/b><\/td>\n<\/tr>\n<tr>\n<td><b>Marque<\/b><\/td>\n<td><span style=\"font-weight: 400;\">XQS<\/span><\/td>\n<\/tr>\n<tr>\n<td><b>Type de produit<\/b><\/td>\n<td><span style=\"font-weight: 400;\">Tous les sachets de nicotine blancs<\/span><\/td>\n<\/tr>\n<tr>\n<td><b>Format<\/b><\/td>\n<td><span style=\"font-weight: 400;\">Mince<\/span><\/td>\n<\/tr>\n<tr>\n<td><b>Saveur<\/b><\/td>\n<td><span style=\"font-weight: 400;\">Menthe glaciale<\/span><\/td>\n<\/tr>\n<tr>\n<td><b>Intensit\u00e9 de la nicotine<\/b><\/td>\n<td><span style=\"font-weight: 400;\">14 mg par pochette (18 mg\/g)<\/span><\/td>\n<\/tr>\n<tr>\n<td><b>Poids de la portion<\/b><\/td>\n<td><span style=\"font-weight: 400;\">0,8 grammes<\/span><\/td>\n<\/tr>\n<tr>\n<td><b>Nombre de portions<\/b><\/td>\n<td><span style=\"font-weight: 400;\">20 par bo\u00eete<\/span><\/td>\n<\/tr>\n<tr>\n<td><b>Poids total de la bo\u00eete<\/b><\/td>\n<td><span style=\"font-weight: 400;\">16 grammes<\/span><\/td>\n<\/tr>\n<tr>\n<td><b>Fabricant<\/b><\/td>\n<td><span style=\"font-weight: 400;\">XQS International<\/span><\/td>\n<\/tr>\n<tr>\n<td><b>Caract\u00e9ristiques notables<\/b><\/td>\n<td><span style=\"font-weight: 400;\">Sans tabac, format fin, saveur menthol de froid intense avec force de nicotine suppl\u00e9mentaire<\/span><\/td>\n<\/tr>\n<\/tbody>\n<\/table>","protected":false},"excerpt":{"rendered":"<p><span style=\"font-weight: 400;\">XQS Cool Ice <strong>Mince<\/strong> X-Strong offre un go\u00fbt vif et rafra\u00eechissant. <\/span><b>saveur menthe glaciale<\/b><span style=\"font-weight: 400;\"> avec une douce sensation de fra\u00eecheur, parfaite pour ceux qui appr\u00e9cient une exp\u00e9rience nicotinique propre et revigorante. Avec <\/span><b>14 mg de nicotine par sachet<\/b><span style=\"font-weight: 400;\">, Ce produit offre une lib\u00e9ration forte et r\u00e9guli\u00e8re, pour les utilisateurs \u00e0 la recherche d'une option extra-forte.<\/span><\/p>","protected":false},"featured_media":8477,"comment_status":"open","ping_status":"closed","template":"","format":[206],"meta":{"_acf_changed":false},"product_brand":[],"product_cat":[27],"product_tag":[16581],"flavours":[199],"nicotine":[213,232],"class_list":{"0":"post-8476","1":"product","2":"type-product","3":"status-publish","4":"has-post-thumbnail","6":"product_cat-xqs","7":"product_tag-14-mg-pouch","8":"pa_quantity-1-pack","9":"pa_quantity-10-pack","10":"pa_quantity-3-pack","11":"pa_quantity-30-pack","12":"pa_quantity-5-pack","13":"pa_quantity-60-pack","14":"flavours-mint","15":"format-slim","16":"nicotine-16-mg-g","17":"nicotine-extra-strong","19":"first","20":"instock","21":"taxable","22":"shipping-taxable","23":"purchasable","24":"product-type-variable"},"acf":[],"_links":{"self":[{"href":"https:\/\/whitelip.com\/fr\/wp-json\/wp\/v2\/product\/8476","targetHints":{"allow":["GET"]}}],"collection":[{"href":"https:\/\/whitelip.com\/fr\/wp-json\/wp\/v2\/product"}],"about":[{"href":"https:\/\/whitelip.com\/fr\/wp-json\/wp\/v2\/types\/product"}],"replies":[{"embeddable":true,"href":"https:\/\/whitelip.com\/fr\/wp-json\/wp\/v2\/comments?post=8476"}],"wp:featuredmedia":[{"embeddable":true,"href":"https:\/\/whitelip.com\/fr\/wp-json\/wp\/v2\/media\/8477"}],"wp:attachment":[{"href":"https:\/\/whitelip.com\/fr\/wp-json\/wp\/v2\/media?parent=8476"}],"wp:term":[{"taxonomy":"product_brand","embeddable":true,"href":"https:\/\/whitelip.com\/fr\/wp-json\/wp\/v2\/product_brand?post=8476"},{"taxonomy":"product_cat","embeddable":true,"href":"https:\/\/whitelip.com\/fr\/wp-json\/wp\/v2\/product_cat?post=8476"},{"taxonomy":"product_tag","embeddable":true,"href":"https:\/\/whitelip.com\/fr\/wp-json\/wp\/v2\/product_tag?post=8476"},{"taxonomy":"flavours","embeddable":true,"href":"https:\/\/whitelip.com\/fr\/wp-json\/wp\/v2\/flavours?post=8476"},{"taxonomy":"format","embeddable":true,"href":"https:\/\/whitelip.com\/fr\/wp-json\/wp\/v2\/format?post=8476"},{"taxonomy":"nicotine","embeddable":true,"href":"https:\/\/whitelip.com\/fr\/wp-json\/wp\/v2\/nicotine?post=8476"}],"curies":[{"name":"wp","href":"https:\/\/api.w.org\/{rel}","templated":true}]}}