{"id":8458,"date":"2024-11-28T12:46:11","date_gmt":"2024-11-28T12:46:11","guid":{"rendered":"https:\/\/whitelip.com\/on-plus-berry-slim\/"},"modified":"2026-03-10T09:05:20","modified_gmt":"2026-03-10T09:05:20","slug":"on-plus-berry-slim","status":"publish","type":"product","link":"https:\/\/whitelip.com\/fr\/on\/on-plus-berry-slim\/","title":{"rendered":"Sur ! Plus Berry Slim"},"content":{"rendered":"<h2><b>Sur ! Plus Berry Slim<\/b><\/h2>\n<p><span style=\"font-weight: 400;\">Les sachets de nicotine On! Plus Berry Slim offrent un m\u00e9lange vibrant de saveurs de baies m\u00e9lang\u00e9es, offrant une exp\u00e9rience de nicotine sucr\u00e9e et fruit\u00e9e. Ces sachets slim sans tabac sont con\u00e7us pour un usage discret et confortable, s'adaptant parfaitement sous la l\u00e8vre pour une saveur nomade. Avec une force de nicotine mod\u00e9r\u00e9e, On! Plus Berry Slim offre une lib\u00e9ration satisfaisante et propre de saveur et de nicotine, ce qui en fait un excellent choix pour les utilisateurs qui appr\u00e9cient les options fruit\u00e9es et rafra\u00eechissantes.<\/span><\/p>\n<table>\n<tbody>\n<tr>\n<td><b>Attribut<\/b><\/td>\n<td><b>D\u00e9tails<\/b><\/td>\n<\/tr>\n<tr>\n<td><span style=\"font-weight: 400;\">Contenu par bo\u00eete<\/span><\/td>\n<td><span style=\"font-weight: 400;\">16,8g (20 sachets)<\/span><\/td>\n<\/tr>\n<tr>\n<td><span style=\"font-weight: 400;\">Teneur en nicotine<\/span><\/td>\n<td><span style=\"font-weight: 400;\">8 mg\/g (6,4 mg par sachet)<\/span><\/td>\n<\/tr>\n<tr>\n<td><span style=\"font-weight: 400;\">Format de la pochette<\/span><\/td>\n<td><span style=\"font-weight: 400;\">Mince<\/span><\/td>\n<\/tr>\n<tr>\n<td><span style=\"font-weight: 400;\">Producteur<\/span><\/td>\n<td><span style=\"font-weight: 400;\">Groupe Altria<\/span><\/td>\n<\/tr>\n<tr>\n<td><span style=\"font-weight: 400;\">Saveur<\/span><\/td>\n<td><span style=\"font-weight: 400;\">Baies m\u00e9lang\u00e9es<\/span><\/td>\n<\/tr>\n<tr>\n<td><span style=\"font-weight: 400;\">Taper<\/span><\/td>\n<td><span style=\"font-weight: 400;\">Pochette enti\u00e8rement blanche, sans tabac<\/span><\/td>\n<\/tr>\n<\/tbody>\n<\/table>","protected":false},"excerpt":{"rendered":"<p>Sur ! Plus Berry <strong data-start=\"15\" data-end=\"23\">Mince<\/strong> les sachets de nicotine offrent une saveur sucr\u00e9e et fruit\u00e9e <strong data-start=\"65\" data-end=\"74\">Baies<\/strong> . Sans tabac et discrets sous la l\u00e8vre pour un usage confortable et nomade avec une lib\u00e9ration propre et satisfaisante. Chaque sachet contient <strong data-start=\"208\" data-end=\"227\">6,4 mg de nicotine<\/strong>.<\/p>","protected":false},"featured_media":8459,"comment_status":"open","ping_status":"closed","template":"","format":[206],"meta":{"_acf_changed":false},"product_brand":[],"product_cat":[79],"product_tag":[16577],"flavours":[196],"nicotine":[230,236],"class_list":{"0":"post-8458","1":"product","2":"type-product","3":"status-publish","4":"has-post-thumbnail","6":"product_cat-on","7":"product_tag-11-2-mg-pouch","8":"pa_quantity-1-pack","9":"pa_quantity-10-pack","10":"pa_quantity-3-pack","11":"pa_quantity-30-pack","12":"pa_quantity-5-pack","13":"pa_quantity-60-pack","14":"flavours-fruits-berries","15":"format-slim","16":"nicotine-8-mg-g","17":"nicotine-strong","19":"first","20":"outofstock","21":"taxable","22":"shipping-taxable","23":"purchasable","24":"product-type-variable"},"acf":[],"_links":{"self":[{"href":"https:\/\/whitelip.com\/fr\/wp-json\/wp\/v2\/product\/8458","targetHints":{"allow":["GET"]}}],"collection":[{"href":"https:\/\/whitelip.com\/fr\/wp-json\/wp\/v2\/product"}],"about":[{"href":"https:\/\/whitelip.com\/fr\/wp-json\/wp\/v2\/types\/product"}],"replies":[{"embeddable":true,"href":"https:\/\/whitelip.com\/fr\/wp-json\/wp\/v2\/comments?post=8458"}],"wp:featuredmedia":[{"embeddable":true,"href":"https:\/\/whitelip.com\/fr\/wp-json\/wp\/v2\/media\/8459"}],"wp:attachment":[{"href":"https:\/\/whitelip.com\/fr\/wp-json\/wp\/v2\/media?parent=8458"}],"wp:term":[{"taxonomy":"product_brand","embeddable":true,"href":"https:\/\/whitelip.com\/fr\/wp-json\/wp\/v2\/product_brand?post=8458"},{"taxonomy":"product_cat","embeddable":true,"href":"https:\/\/whitelip.com\/fr\/wp-json\/wp\/v2\/product_cat?post=8458"},{"taxonomy":"product_tag","embeddable":true,"href":"https:\/\/whitelip.com\/fr\/wp-json\/wp\/v2\/product_tag?post=8458"},{"taxonomy":"flavours","embeddable":true,"href":"https:\/\/whitelip.com\/fr\/wp-json\/wp\/v2\/flavours?post=8458"},{"taxonomy":"format","embeddable":true,"href":"https:\/\/whitelip.com\/fr\/wp-json\/wp\/v2\/format?post=8458"},{"taxonomy":"nicotine","embeddable":true,"href":"https:\/\/whitelip.com\/fr\/wp-json\/wp\/v2\/nicotine?post=8458"}],"curies":[{"name":"wp","href":"https:\/\/api.w.org\/{rel}","templated":true}]}}