{"id":8438,"date":"2024-12-20T19:39:07","date_gmt":"2024-12-20T19:39:07","guid":{"rendered":"https:\/\/whitelip.com\/velo-mango-flame\/"},"modified":"2026-05-12T10:11:56","modified_gmt":"2026-05-12T10:11:56","slug":"velo-mango-flame","status":"publish","type":"product","link":"https:\/\/whitelip.com\/fr\/velo\/velo-mango-flame\/","title":{"rendered":"VELO Mango Flame"},"content":{"rendered":"<h2><b>VELO Mango Flame<\/b><\/h2>\n<p><span style=\"font-weight: 400;\">VELO Mango Flame offre une explosion tropicale avec un go\u00fbt riche et sucr\u00e9 de mangue m\u00fbrie au soleil, \u00e9quilibr\u00e9 par une chaleur subtile pour une exp\u00e9rience nicotinique excitante. Ces sachets de nicotine minces et enti\u00e8rement blancs sont con\u00e7us pour une tenue discr\u00e8te et confortable, assurant une lib\u00e9ration constante de l'ar\u00f4me et de la nicotine. Ce produit sans tabac est id\u00e9al pour ceux qui aiment les saveurs tropicales avec une touche \u00e9pic\u00e9e.<\/span><\/p>\n<table>\n<tbody>\n<tr>\n<td><b>Attribut<\/b><\/td>\n<td><b>D\u00e9tails<\/b><\/td>\n<\/tr>\n<tr>\n<td><span style=\"font-weight: 400;\">Marque<\/span><\/td>\n<td><span style=\"font-weight: 400;\">v\u00e9lo<\/span><\/td>\n<\/tr>\n<tr>\n<td><span style=\"font-weight: 400;\">Type de produit<\/span><\/td>\n<td><span style=\"font-weight: 400;\">Tous les sachets de nicotine blancs<\/span><\/td>\n<\/tr>\n<tr>\n<td><span style=\"font-weight: 400;\">Format<\/span><\/td>\n<td><span style=\"font-weight: 400;\">Mince<\/span><\/td>\n<\/tr>\n<tr>\n<td><span style=\"font-weight: 400;\">Saveur<\/span><\/td>\n<td><span style=\"font-weight: 400;\">Mangue avec une pointe d'\u00e9pices<\/span><\/td>\n<\/tr>\n<tr>\n<td><span style=\"font-weight: 400;\">Intensit\u00e9 de la nicotine<\/span><\/td>\n<td><span style=\"font-weight: 400;\">14,3 mg\/g (10 mg par pochette)<\/span><\/td>\n<\/tr>\n<tr>\n<td><span style=\"font-weight: 400;\">Poids de la portion<\/span><\/td>\n<td><span style=\"font-weight: 400;\">0,7 grammes<\/span><\/td>\n<\/tr>\n<tr>\n<td><span style=\"font-weight: 400;\">Nombre de portions<\/span><\/td>\n<td><span style=\"font-weight: 400;\">20 par bo\u00eete<\/span><\/td>\n<\/tr>\n<tr>\n<td><span style=\"font-weight: 400;\">Poids total de la bo\u00eete<\/span><\/td>\n<td><span style=\"font-weight: 400;\">14 grammes<\/span><\/td>\n<\/tr>\n<tr>\n<td><span style=\"font-weight: 400;\">Fabricant<\/span><\/td>\n<td><span style=\"font-weight: 400;\">BAT<\/span><\/td>\n<\/tr>\n<tr>\n<td><span style=\"font-weight: 400;\">Caract\u00e9ristiques notables<\/span><\/td>\n<td><span style=\"font-weight: 400;\">Sans tabac, portions fines discr\u00e8tes, profil aromatique \u00e9quilibr\u00e9<\/span><\/td>\n<\/tr>\n<\/tbody>\n<\/table>","protected":false},"excerpt":{"rendered":"<p>Les sachets de nicotine VELO Mango Flame offrent un go\u00fbt riche et tropical. <strong data-start=\"59\" data-end=\"74\">Flamme de mangue<\/strong> avec une chaleur subtile. <strong data-start=\"102\" data-end=\"110\">Mince<\/strong>, Le format enti\u00e8rement blanc permet une utilisation discr\u00e8te et confortable et une lib\u00e9ration r\u00e9guli\u00e8re. Chaque sachet contient <strong data-start=\"205\" data-end=\"223\">10 mg de nicotine<\/strong>.<\/p>","protected":false},"featured_media":8439,"comment_status":"open","ping_status":"closed","template":"","format":[206],"meta":{"_acf_changed":false},"product_brand":[],"product_cat":[48],"product_tag":[16587],"flavours":[196],"nicotine":[211,232],"class_list":{"0":"post-8438","1":"product","2":"type-product","3":"status-publish","4":"has-post-thumbnail","6":"product_cat-velo","7":"product_tag-10-mg-pouch","8":"pa_quantity-1-pack","9":"pa_quantity-10-pack","10":"pa_quantity-3-pack","11":"pa_quantity-30-pack","12":"pa_quantity-5-pack","13":"pa_quantity-60-pack","14":"flavours-fruits-berries","15":"format-slim","16":"nicotine-14-mg-g","17":"nicotine-extra-strong","19":"first","20":"instock","21":"taxable","22":"shipping-taxable","23":"purchasable","24":"product-type-variable"},"acf":[],"_links":{"self":[{"href":"https:\/\/whitelip.com\/fr\/wp-json\/wp\/v2\/product\/8438","targetHints":{"allow":["GET"]}}],"collection":[{"href":"https:\/\/whitelip.com\/fr\/wp-json\/wp\/v2\/product"}],"about":[{"href":"https:\/\/whitelip.com\/fr\/wp-json\/wp\/v2\/types\/product"}],"replies":[{"embeddable":true,"href":"https:\/\/whitelip.com\/fr\/wp-json\/wp\/v2\/comments?post=8438"}],"wp:featuredmedia":[{"embeddable":true,"href":"https:\/\/whitelip.com\/fr\/wp-json\/wp\/v2\/media\/8439"}],"wp:attachment":[{"href":"https:\/\/whitelip.com\/fr\/wp-json\/wp\/v2\/media?parent=8438"}],"wp:term":[{"taxonomy":"product_brand","embeddable":true,"href":"https:\/\/whitelip.com\/fr\/wp-json\/wp\/v2\/product_brand?post=8438"},{"taxonomy":"product_cat","embeddable":true,"href":"https:\/\/whitelip.com\/fr\/wp-json\/wp\/v2\/product_cat?post=8438"},{"taxonomy":"product_tag","embeddable":true,"href":"https:\/\/whitelip.com\/fr\/wp-json\/wp\/v2\/product_tag?post=8438"},{"taxonomy":"flavours","embeddable":true,"href":"https:\/\/whitelip.com\/fr\/wp-json\/wp\/v2\/flavours?post=8438"},{"taxonomy":"format","embeddable":true,"href":"https:\/\/whitelip.com\/fr\/wp-json\/wp\/v2\/format?post=8438"},{"taxonomy":"nicotine","embeddable":true,"href":"https:\/\/whitelip.com\/fr\/wp-json\/wp\/v2\/nicotine?post=8438"}],"curies":[{"name":"wp","href":"https:\/\/api.w.org\/{rel}","templated":true}]}}