{"id":8424,"date":"2024-12-20T19:39:02","date_gmt":"2024-12-20T19:39:02","guid":{"rendered":"https:\/\/whitelip.com\/white-fox-mint-slim\/"},"modified":"2026-03-10T09:51:10","modified_gmt":"2026-03-10T09:51:10","slug":"white-fox-mint-slim","status":"publish","type":"product","link":"https:\/\/whitelip.com\/fr\/white-fox\/white-fox-mint-slim\/","title":{"rendered":"Renard Blanc Menthe Slim"},"content":{"rendered":"<h2><b>Renard Blanc Menthe Slim<\/b><\/h2>\n<p><span style=\"font-weight: 400;\">White Fox Mint Slim offre un go\u00fbt propre et rafra\u00eechissant. <\/span><b>ar\u00f4me de menthe pure<\/b><span style=\"font-weight: 400;\">, La nicotine est un \u00e9l\u00e9ment essentiel de l'exp\u00e9rience de vapotage, associ\u00e9e \u00e0 une sensation de fra\u00eecheur revigorante. Con\u00e7u pour les utilisateurs \u00e0 la recherche d'une exp\u00e9rience nicotinique forte mais douce, chaque sachet mince et enti\u00e8rement blanc contient <\/span><b>12 mg de nicotine<\/b><span style=\"font-weight: 400;\">, Le profil de menthe croquante assure une saveur durable et revitalisante tout au long de l'utilisation. Le profil de menthe croquante assure une saveur durable et revitalisante tout au long de l'utilisation.<\/span><\/p>\n<p><span style=\"font-weight: 400;\">Le format fin de ces sachets les rend discrets et confortables. Ils se placent sous la l\u00e8vre sans tacher les dents. Fabriqu\u00e9 \u00e0 partir de fibres v\u00e9g\u00e9tales de haute qualit\u00e9 et enti\u00e8rement sans tabac, White Fox Mint Slim offre une alternative moderne et propre aux utilisateurs de nicotine. Parfait pour ceux qui cherchent \u00e0 profiter d'une exp\u00e9rience de menthe fra\u00eeche et piquante, avec une force fiable et une satisfaction durable.<\/span><\/p>\n<table>\n<tbody>\n<tr>\n<td><b>Attribut<\/b><\/td>\n<td><b>D\u00e9tails<\/b><\/td>\n<\/tr>\n<tr>\n<td><b>Marque<\/b><\/td>\n<td><span style=\"font-weight: 400;\">Renard blanc<\/span><\/td>\n<\/tr>\n<tr>\n<td><b>Type de produit<\/b><\/td>\n<td><span style=\"font-weight: 400;\">Tous les sachets de nicotine blancs<\/span><\/td>\n<\/tr>\n<tr>\n<td><b>Format<\/b><\/td>\n<td><span style=\"font-weight: 400;\">Mince<\/span><\/td>\n<\/tr>\n<tr>\n<td><b>Saveur<\/b><\/td>\n<td><span style=\"font-weight: 400;\">Menthe<\/span><\/td>\n<\/tr>\n<tr>\n<td><b>Intensit\u00e9 de la nicotine<\/b><\/td>\n<td><span style=\"font-weight: 400;\">12 mg par sachet (16 mg\/g)<\/span><\/td>\n<\/tr>\n<tr>\n<td><b>Poids de la portion<\/b><\/td>\n<td><span style=\"font-weight: 400;\">0,75 grammes<\/span><\/td>\n<\/tr>\n<tr>\n<td><b>Nombre de portions<\/b><\/td>\n<td><span style=\"font-weight: 400;\">20 par bo\u00eete<\/span><\/td>\n<\/tr>\n<tr>\n<td><b>Poids total de la bo\u00eete<\/b><\/td>\n<td><span style=\"font-weight: 400;\">15 grammes<\/span><\/td>\n<\/tr>\n<tr>\n<td><b>Fabricant<\/b><\/td>\n<td><span style=\"font-weight: 400;\">Renard blanc<\/span><\/td>\n<\/tr>\n<tr>\n<td><b>Caract\u00e9ristiques notables<\/b><\/td>\n<td><span style=\"font-weight: 400;\">Sans tabac, format mince, saveur de menthe pure avec effet rafra\u00eechissant<\/span><\/td>\n<\/tr>\n<\/tbody>\n<\/table>","protected":false},"excerpt":{"rendered":"<p><span style=\"font-weight: 400;\">White Fox Mint Slim offre un go\u00fbt propre et rafra\u00eechissant. <\/span><b>ar\u00f4me de menthe pure<\/b><span style=\"font-weight: 400;\">, La nicotine est un \u00e9l\u00e9ment essentiel de l'exp\u00e9rience de vapotage, associ\u00e9e \u00e0 une sensation de fra\u00eecheur revigorante. Con\u00e7u pour les utilisateurs \u00e0 la recherche d'une exp\u00e9rience nicotinique forte mais douce, chaque sachet mince et enti\u00e8rement blanc contient <\/span><b>12 mg de nicotine<\/b><span style=\"font-weight: 400;\">, Le profil de menthe croquante assure une saveur durable et revitalisante tout au long de l'utilisation. Le profil de menthe croquante assure une saveur durable et revitalisante tout au long de l'utilisation.<\/span><\/p>","protected":false},"featured_media":8425,"comment_status":"open","ping_status":"closed","template":"","format":[206],"meta":{"_acf_changed":false},"product_brand":[],"product_cat":[76],"product_tag":[16561],"flavours":[199],"nicotine":[213,232],"class_list":{"0":"post-8424","1":"product","2":"type-product","3":"status-publish","4":"has-post-thumbnail","6":"product_cat-white-fox","7":"product_tag-12-mg-pouch","8":"pa_quantity-1-pack","9":"pa_quantity-10-pack","10":"pa_quantity-3-pack","11":"pa_quantity-30-pack","12":"pa_quantity-5-pack","13":"pa_quantity-60-pack","14":"flavours-mint","15":"format-slim","16":"nicotine-16-mg-g","17":"nicotine-extra-strong","19":"first","20":"outofstock","21":"taxable","22":"shipping-taxable","23":"purchasable","24":"product-type-variable"},"acf":[],"_links":{"self":[{"href":"https:\/\/whitelip.com\/fr\/wp-json\/wp\/v2\/product\/8424","targetHints":{"allow":["GET"]}}],"collection":[{"href":"https:\/\/whitelip.com\/fr\/wp-json\/wp\/v2\/product"}],"about":[{"href":"https:\/\/whitelip.com\/fr\/wp-json\/wp\/v2\/types\/product"}],"replies":[{"embeddable":true,"href":"https:\/\/whitelip.com\/fr\/wp-json\/wp\/v2\/comments?post=8424"}],"wp:featuredmedia":[{"embeddable":true,"href":"https:\/\/whitelip.com\/fr\/wp-json\/wp\/v2\/media\/8425"}],"wp:attachment":[{"href":"https:\/\/whitelip.com\/fr\/wp-json\/wp\/v2\/media?parent=8424"}],"wp:term":[{"taxonomy":"product_brand","embeddable":true,"href":"https:\/\/whitelip.com\/fr\/wp-json\/wp\/v2\/product_brand?post=8424"},{"taxonomy":"product_cat","embeddable":true,"href":"https:\/\/whitelip.com\/fr\/wp-json\/wp\/v2\/product_cat?post=8424"},{"taxonomy":"product_tag","embeddable":true,"href":"https:\/\/whitelip.com\/fr\/wp-json\/wp\/v2\/product_tag?post=8424"},{"taxonomy":"flavours","embeddable":true,"href":"https:\/\/whitelip.com\/fr\/wp-json\/wp\/v2\/flavours?post=8424"},{"taxonomy":"format","embeddable":true,"href":"https:\/\/whitelip.com\/fr\/wp-json\/wp\/v2\/format?post=8424"},{"taxonomy":"nicotine","embeddable":true,"href":"https:\/\/whitelip.com\/fr\/wp-json\/wp\/v2\/nicotine?post=8424"}],"curies":[{"name":"wp","href":"https:\/\/api.w.org\/{rel}","templated":true}]}}