{"id":8404,"date":"2024-11-28T12:44:37","date_gmt":"2024-11-28T12:44:37","guid":{"rendered":"https:\/\/whitelip.com\/77-liquorice-citrus-vb-medium\/"},"modified":"2026-04-28T10:11:19","modified_gmt":"2026-04-28T10:11:19","slug":"77-liquorice-citrus-vb-medium","status":"publish","type":"product","link":"https:\/\/whitelip.com\/fr\/77\/77-liquorice-citrus-vb-medium\/","title":{"rendered":"77 R\u00e9glisse Agrumes VB Moyen"},"content":{"rendered":"<p><span style=\"font-weight: 400;\">Les sachets de nicotine 77 Liquorice Citrus VB Medium offrent une fusion distinctive de riches saveurs de r\u00e9glisse et d'agrumes piquants, inspir\u00e9e par le pilote de Formule 1 finlandais Valtteri Bottas. Chaque sachet fin, enti\u00e8rement blanc, contient 10 mg de nicotine, procurant une sensation de robustesse adapt\u00e9e aux utilisateurs exp\u00e9riment\u00e9s. Le design discret assure une tenue confortable sous la l\u00e8vre, permettant une utilisation \u00e0 tout moment sans tacher les dents. Fabriqu\u00e9s par le groupe 77, ces sachets sans tabac sont le reflet de normes de haute qualit\u00e9 et de combinaisons de saveurs innovantes.<\/span><\/p>\n<table>\n<tbody>\n<tr>\n<td><b>Attribut<\/b><\/td>\n<td><b>D\u00e9tails<\/b><\/td>\n<\/tr>\n<tr>\n<td><b>Contenu par bo\u00eete<\/b><\/td>\n<td><span style=\"font-weight: 400;\">10g (20 sachets)<\/span><\/td>\n<\/tr>\n<tr>\n<td><b>Teneur en nicotine<\/b><\/td>\n<td><span style=\"font-weight: 400;\">20 mg\/g (10 mg par sachet)<\/span><\/td>\n<\/tr>\n<tr>\n<td><b>Format de la pochette<\/b><\/td>\n<td><span style=\"font-weight: 400;\">Mince<\/span><\/td>\n<\/tr>\n<tr>\n<td><b>Producteur<\/b><\/td>\n<td><span style=\"font-weight: 400;\">77 Groupe<\/span><\/td>\n<\/tr>\n<tr>\n<td><b>Saveur<\/b><\/td>\n<td><span style=\"font-weight: 400;\">R\u00e9glisse et agrumes<\/span><\/td>\n<\/tr>\n<tr>\n<td><b>Taper<\/b><\/td>\n<td><span style=\"font-weight: 400;\">Pochette toute blanche<\/span><\/td>\n<\/tr>\n<\/tbody>\n<\/table>","protected":false},"excerpt":{"rendered":"<p>Distinctif <strong data-start=\"12\" data-end=\"35\">r\u00e9glisse et agrumes<\/strong> avec un lift piquant, cr\u00e9\u00e9 en collaboration avec Valtteri Bottas. Les <strong data-start=\"106\" data-end=\"125\">mince, <\/strong>Les sachets enti\u00e8rement blancs se placent discr\u00e8tement et confortablement sous la l\u00e8vre pour une utilisation propre, \u00e0 tout moment. Chaque sachet contient <strong data-start=\"223\" data-end=\"241\">10 mg de nicotine<\/strong>, Il a donn\u00e9 un coup de pied de force moyenne avec confiance \u00e0 partir du groupe 77.<\/p>","protected":false},"featured_media":8405,"comment_status":"open","ping_status":"closed","template":"","format":[206],"meta":{"_acf_changed":false},"product_brand":[],"product_cat":[23],"product_tag":[16543],"flavours":[190,198],"nicotine":[218,232],"class_list":{"0":"post-8404","1":"product","2":"type-product","3":"status-publish","4":"has-post-thumbnail","6":"product_cat-23","7":"product_tag-10-4-mg-pouch","8":"pa_quantity-1-pack","9":"pa_quantity-10-pack","10":"pa_quantity-3-pack","11":"pa_quantity-30-pack","12":"pa_quantity-5-pack","13":"pa_quantity-60-pack","14":"flavours-citrus","15":"flavours-licorice","16":"format-slim","17":"nicotine-20-mg-g","18":"nicotine-extra-strong","20":"first","21":"outofstock","22":"taxable","23":"shipping-taxable","24":"purchasable","25":"product-type-variable"},"acf":[],"_links":{"self":[{"href":"https:\/\/whitelip.com\/fr\/wp-json\/wp\/v2\/product\/8404","targetHints":{"allow":["GET"]}}],"collection":[{"href":"https:\/\/whitelip.com\/fr\/wp-json\/wp\/v2\/product"}],"about":[{"href":"https:\/\/whitelip.com\/fr\/wp-json\/wp\/v2\/types\/product"}],"replies":[{"embeddable":true,"href":"https:\/\/whitelip.com\/fr\/wp-json\/wp\/v2\/comments?post=8404"}],"wp:featuredmedia":[{"embeddable":true,"href":"https:\/\/whitelip.com\/fr\/wp-json\/wp\/v2\/media\/8405"}],"wp:attachment":[{"href":"https:\/\/whitelip.com\/fr\/wp-json\/wp\/v2\/media?parent=8404"}],"wp:term":[{"taxonomy":"product_brand","embeddable":true,"href":"https:\/\/whitelip.com\/fr\/wp-json\/wp\/v2\/product_brand?post=8404"},{"taxonomy":"product_cat","embeddable":true,"href":"https:\/\/whitelip.com\/fr\/wp-json\/wp\/v2\/product_cat?post=8404"},{"taxonomy":"product_tag","embeddable":true,"href":"https:\/\/whitelip.com\/fr\/wp-json\/wp\/v2\/product_tag?post=8404"},{"taxonomy":"flavours","embeddable":true,"href":"https:\/\/whitelip.com\/fr\/wp-json\/wp\/v2\/flavours?post=8404"},{"taxonomy":"format","embeddable":true,"href":"https:\/\/whitelip.com\/fr\/wp-json\/wp\/v2\/format?post=8404"},{"taxonomy":"nicotine","embeddable":true,"href":"https:\/\/whitelip.com\/fr\/wp-json\/wp\/v2\/nicotine?post=8404"}],"curies":[{"name":"wp","href":"https:\/\/api.w.org\/{rel}","templated":true}]}}