{"id":8396,"date":"2024-11-28T12:44:16","date_gmt":"2024-11-28T12:44:16","guid":{"rendered":"https:\/\/whitelip.com\/iceberg-black-extreme\/"},"modified":"2026-04-21T10:11:27","modified_gmt":"2026-04-21T10:11:27","slug":"iceberg-black-extreme","status":"publish","type":"product","link":"https:\/\/whitelip.com\/fr\/iceberg\/iceberg-black-extreme\/","title":{"rendered":"ICEBERG Black Extreme"},"content":{"rendered":"<h2><b>ICEBERG Black Extreme<\/b><\/h2>\n<p><span style=\"font-weight: 400;\">Les sachets de nicotine ICEBERG Black Extreme offrent une combinaison puissante de saveur tutti frutti sucr\u00e9e et d'une teneur \u00e9lev\u00e9e en nicotine, destin\u00e9e aux utilisateurs exp\u00e9riment\u00e9s \u00e0 la recherche d'une exp\u00e9rience robuste. Chaque sachet mince contient 50 mg de nicotine par gramme, soit environ 35 mg par sachet. Les sachets sont con\u00e7us pour \u00eatre utilis\u00e9s discr\u00e8tement, sans tacher les dents, ce qui les rend id\u00e9aux pour une consommation nomade. Fabriqu\u00e9s par Neoptolem, un fabricant polonais r\u00e9put\u00e9 pour allier m\u00e9thodes contemporaines et qualit\u00e9 traditionnelle, ces sachets sont un exemple de normes \u00e9lev\u00e9es et de combinaisons de saveurs innovantes.<\/span><\/p>\n<table>\n<tbody>\n<tr>\n<td><b>Attribut<\/b><\/td>\n<td><b>D\u00e9tails<\/b><\/td>\n<\/tr>\n<tr>\n<td><b>Contenu par bo\u00eete<\/b><\/td>\n<td><span style=\"font-weight: 400;\">13g (20 sachets)<\/span><\/td>\n<\/tr>\n<tr>\n<td><b>Teneur en nicotine<\/b><\/td>\n<td><span style=\"font-weight: 400;\">50 mg\/g (35 mg par sachet)<\/span><\/td>\n<\/tr>\n<tr>\n<td><b>Format de la pochette<\/b><\/td>\n<td><span style=\"font-weight: 400;\">Mince<\/span><\/td>\n<\/tr>\n<tr>\n<td><b>Producteur<\/b><\/td>\n<td><span style=\"font-weight: 400;\">N\u00e9optol\u00e8me<\/span><\/td>\n<\/tr>\n<tr>\n<td><b>Saveur<\/b><\/td>\n<td><span style=\"font-weight: 400;\">Tutti Frutti<\/span><\/td>\n<\/tr>\n<tr>\n<td><b>Taper<\/b><\/td>\n<td><span style=\"font-weight: 400;\">Pochette toute blanche<\/span><\/td>\n<\/tr>\n<\/tbody>\n<\/table>\n<p>\u00a0<\/p>","protected":false},"excerpt":{"rendered":"<p>ICEBERG Black offre une douce <strong data-start=\"29\" data-end=\"45\">tutti frutti<\/strong> avec une touche audacieuse de confiserie. <strong data-start=\"85\" data-end=\"93\">Mince<\/strong> Les sachets enti\u00e8rement blancs se placent discr\u00e8tement sous la l\u00e8vre sans la tacher. Chaque sachet contient <strong data-start=\"179\" data-end=\"197\">35 mg de nicotine<\/strong>, Le tabac est un produit de haute qualit\u00e9, qui procure une sensation de puissance et de satisfaction. Sans tabac. Produit par Neoptolem en Pologne.<\/p>","protected":false},"featured_media":8397,"comment_status":"open","ping_status":"closed","template":"","format":[206],"meta":{"_acf_changed":false},"product_brand":[],"product_cat":[50],"product_tag":[16603],"flavours":[196],"nicotine":[226,233],"class_list":{"0":"post-8396","1":"product","2":"type-product","3":"status-publish","4":"has-post-thumbnail","6":"product_cat-iceberg","7":"product_tag-35-mg-pouch","8":"pa_quantity-1-pack","9":"pa_quantity-10-pack","10":"pa_quantity-3-pack","11":"pa_quantity-30-pack","12":"pa_quantity-5-pack","13":"pa_quantity-60-pack","14":"flavours-fruits-berries","15":"format-slim","16":"nicotine-50-mg-g","17":"nicotine-extreme","19":"first","20":"instock","21":"taxable","22":"shipping-taxable","23":"purchasable","24":"product-type-variable"},"acf":[],"_links":{"self":[{"href":"https:\/\/whitelip.com\/fr\/wp-json\/wp\/v2\/product\/8396","targetHints":{"allow":["GET"]}}],"collection":[{"href":"https:\/\/whitelip.com\/fr\/wp-json\/wp\/v2\/product"}],"about":[{"href":"https:\/\/whitelip.com\/fr\/wp-json\/wp\/v2\/types\/product"}],"replies":[{"embeddable":true,"href":"https:\/\/whitelip.com\/fr\/wp-json\/wp\/v2\/comments?post=8396"}],"wp:featuredmedia":[{"embeddable":true,"href":"https:\/\/whitelip.com\/fr\/wp-json\/wp\/v2\/media\/8397"}],"wp:attachment":[{"href":"https:\/\/whitelip.com\/fr\/wp-json\/wp\/v2\/media?parent=8396"}],"wp:term":[{"taxonomy":"product_brand","embeddable":true,"href":"https:\/\/whitelip.com\/fr\/wp-json\/wp\/v2\/product_brand?post=8396"},{"taxonomy":"product_cat","embeddable":true,"href":"https:\/\/whitelip.com\/fr\/wp-json\/wp\/v2\/product_cat?post=8396"},{"taxonomy":"product_tag","embeddable":true,"href":"https:\/\/whitelip.com\/fr\/wp-json\/wp\/v2\/product_tag?post=8396"},{"taxonomy":"flavours","embeddable":true,"href":"https:\/\/whitelip.com\/fr\/wp-json\/wp\/v2\/flavours?post=8396"},{"taxonomy":"format","embeddable":true,"href":"https:\/\/whitelip.com\/fr\/wp-json\/wp\/v2\/format?post=8396"},{"taxonomy":"nicotine","embeddable":true,"href":"https:\/\/whitelip.com\/fr\/wp-json\/wp\/v2\/nicotine?post=8396"}],"curies":[{"name":"wp","href":"https:\/\/api.w.org\/{rel}","templated":true}]}}