{"id":8392,"date":"2024-12-20T19:39:27","date_gmt":"2024-12-20T19:39:27","guid":{"rendered":"https:\/\/whitelip.com\/xqs-wintergreen-light\/"},"modified":"2026-04-21T10:11:27","modified_gmt":"2026-04-21T10:11:27","slug":"xqs-wintergreen-light","status":"publish","type":"product","link":"https:\/\/whitelip.com\/fr\/xqs\/xqs-wintergreen-light\/","title":{"rendered":"XQS Wintergreen Light"},"content":{"rendered":"<h2><b>XQS Wintergreen Light<\/b><\/h2>\n<p><span style=\"font-weight: 400;\">XQS Wintergreen Light offre une <\/span><b>saveur douce et rafra\u00eechissante de gaulth\u00e9rie<\/b><span style=\"font-weight: 400;\">, Les sachets de nicotine sont des produits de qualit\u00e9 sup\u00e9rieure, offrant une sensation de douceur et de fra\u00eecheur avec une touche de sucr\u00e9 naturel. Parfait pour les utilisateurs \u00e0 la recherche d'une option plus l\u00e9g\u00e8re en nicotine, chaque sachet mince, enti\u00e8rement blanc, contient <\/span><b>4 mg de nicotine<\/b><span style=\"font-weight: 400;\">, L'utilisation d'un syst\u00e8me d'extraction \u00e0 la fois doux et r\u00e9gulier convient parfaitement \u00e0 un usage quotidien.<\/span><\/p>\n<p><span style=\"font-weight: 400;\">Le format mince assure une tenue discr\u00e8te et confortable sous la l\u00e8vre, ce qui le rend id\u00e9al pour une utilisation en d\u00e9placement sans tacher les dents. Enti\u00e8rement sans tabac et fabriqu\u00e9 \u00e0 partir de fibres v\u00e9g\u00e9tales de haute qualit\u00e9, XQS Wintergreen Light offre une alternative propre et moderne avec une saveur menthol\u00e9e agr\u00e9able et rafra\u00eechissante. C'est un excellent choix pour ceux qui pr\u00e9f\u00e8rent une exp\u00e9rience nicotinique plus douce mais satisfaisante.<\/span><\/p>\n<table>\n<tbody>\n<tr>\n<td><b>Attribut<\/b><\/td>\n<td><b>D\u00e9tails<\/b><\/td>\n<\/tr>\n<tr>\n<td><b>Marque<\/b><\/td>\n<td><span style=\"font-weight: 400;\">XQS<\/span><\/td>\n<\/tr>\n<tr>\n<td><b>Type de produit<\/b><\/td>\n<td><span style=\"font-weight: 400;\">Tous les sachets de nicotine blancs<\/span><\/td>\n<\/tr>\n<tr>\n<td><b>Format<\/b><\/td>\n<td><span style=\"font-weight: 400;\">Mince<\/span><\/td>\n<\/tr>\n<tr>\n<td><b>Saveur<\/b><\/td>\n<td><span style=\"font-weight: 400;\">Gaulth\u00e9rie<\/span><\/td>\n<\/tr>\n<tr>\n<td><b>Intensit\u00e9 de la nicotine<\/b><\/td>\n<td><span style=\"font-weight: 400;\">4 mg par pochette (5 mg\/g)<\/span><\/td>\n<\/tr>\n<tr>\n<td><b>Poids de la portion<\/b><\/td>\n<td><span style=\"font-weight: 400;\">0,75 grammes<\/span><\/td>\n<\/tr>\n<tr>\n<td><b>Nombre de portions<\/b><\/td>\n<td><span style=\"font-weight: 400;\">20 par bo\u00eete<\/span><\/td>\n<\/tr>\n<tr>\n<td><b>Poids total de la bo\u00eete<\/b><\/td>\n<td><span style=\"font-weight: 400;\">15 grammes<\/span><\/td>\n<\/tr>\n<tr>\n<td><b>Fabricant<\/b><\/td>\n<td><span style=\"font-weight: 400;\">XQS International<\/span><\/td>\n<\/tr>\n<tr>\n<td><b>Caract\u00e9ristiques notables<\/b><\/td>\n<td><span style=\"font-weight: 400;\">Sans tabac, format slim, saveur lisse et rafra\u00eechissante de menthe poivr\u00e9e<\/span><\/td>\n<\/tr>\n<\/tbody>\n<\/table>","protected":false},"excerpt":{"rendered":"<p><span style=\"font-weight: 400;\">XQS Wintergreen Light offre une <\/span><b>saveur douce et rafra\u00eechissante de gaulth\u00e9rie<\/b><span style=\"font-weight: 400;\">, Les cigarettes \u00e0 la nicotine sont des cigarettes \u00e0 la nicotine douce, qui offrent une sensation de fra\u00eecheur et une touche de douceur naturelle. Parfait pour les utilisateurs \u00e0 la recherche d'une option plus l\u00e9g\u00e8re en nicotine, chaque <strong>mince<\/strong>, La pochette blanche contient <\/span><b>4 mg de nicotine<\/b><span style=\"font-weight: 400;\">, L'utilisation d'un syst\u00e8me d'extraction \u00e0 la fois doux et r\u00e9gulier convient parfaitement \u00e0 un usage quotidien.<\/span><\/p>","protected":false},"featured_media":8393,"comment_status":"open","ping_status":"closed","template":"","format":[206],"meta":{"_acf_changed":false},"product_brand":[],"product_cat":[27],"product_tag":[16585],"flavours":[203],"nicotine":[230,236],"class_list":{"0":"post-8392","1":"product","2":"type-product","3":"status-publish","4":"has-post-thumbnail","6":"product_cat-xqs","7":"product_tag-4-mg-pouch","8":"pa_quantity-1-pack","9":"pa_quantity-10-pack","10":"pa_quantity-3-pack","11":"pa_quantity-30-pack","12":"pa_quantity-5-pack","13":"pa_quantity-60-pack","14":"flavours-wintergreen","15":"format-slim","16":"nicotine-8-mg-g","17":"nicotine-strong","19":"first","20":"outofstock","21":"taxable","22":"shipping-taxable","23":"purchasable","24":"product-type-variable"},"acf":[],"_links":{"self":[{"href":"https:\/\/whitelip.com\/fr\/wp-json\/wp\/v2\/product\/8392","targetHints":{"allow":["GET"]}}],"collection":[{"href":"https:\/\/whitelip.com\/fr\/wp-json\/wp\/v2\/product"}],"about":[{"href":"https:\/\/whitelip.com\/fr\/wp-json\/wp\/v2\/types\/product"}],"replies":[{"embeddable":true,"href":"https:\/\/whitelip.com\/fr\/wp-json\/wp\/v2\/comments?post=8392"}],"wp:featuredmedia":[{"embeddable":true,"href":"https:\/\/whitelip.com\/fr\/wp-json\/wp\/v2\/media\/8393"}],"wp:attachment":[{"href":"https:\/\/whitelip.com\/fr\/wp-json\/wp\/v2\/media?parent=8392"}],"wp:term":[{"taxonomy":"product_brand","embeddable":true,"href":"https:\/\/whitelip.com\/fr\/wp-json\/wp\/v2\/product_brand?post=8392"},{"taxonomy":"product_cat","embeddable":true,"href":"https:\/\/whitelip.com\/fr\/wp-json\/wp\/v2\/product_cat?post=8392"},{"taxonomy":"product_tag","embeddable":true,"href":"https:\/\/whitelip.com\/fr\/wp-json\/wp\/v2\/product_tag?post=8392"},{"taxonomy":"flavours","embeddable":true,"href":"https:\/\/whitelip.com\/fr\/wp-json\/wp\/v2\/flavours?post=8392"},{"taxonomy":"format","embeddable":true,"href":"https:\/\/whitelip.com\/fr\/wp-json\/wp\/v2\/format?post=8392"},{"taxonomy":"nicotine","embeddable":true,"href":"https:\/\/whitelip.com\/fr\/wp-json\/wp\/v2\/nicotine?post=8392"}],"curies":[{"name":"wp","href":"https:\/\/api.w.org\/{rel}","templated":true}]}}