{"id":8380,"date":"2024-12-20T19:39:08","date_gmt":"2024-12-20T19:39:08","guid":{"rendered":"https:\/\/whitelip.com\/xqs-elderflower-light\/"},"modified":"2026-04-21T10:11:27","modified_gmt":"2026-04-21T10:11:27","slug":"xqs-elderflower-light","status":"publish","type":"product","link":"https:\/\/whitelip.com\/fr\/xqs\/xqs-elderflower-light\/","title":{"rendered":"XQS Elderflower Light"},"content":{"rendered":"<h2><b>XQS Elderflower Light<\/b><\/h2>\n<p><span style=\"font-weight: 400;\">XQS Elderflower Light offre un go\u00fbt d\u00e9licat et agr\u00e9able. <\/span><b>go\u00fbt rafra\u00eechissant de fleur de sureau<\/b><span style=\"font-weight: 400;\">, Le tabac \u00e0 l'eau de Javel offre une douceur florale subtile avec un fini vif et doux. Con\u00e7u pour les utilisateurs \u00e0 la recherche d'une exp\u00e9rience nicotinique plus douce, chaque sachet mince et enti\u00e8rement blanc contient <\/span><b>4 mg de nicotine<\/b><span style=\"font-weight: 400;\">, providing a gentle and consistent release ideal for everyday use.<\/span><\/p>\n<p><span style=\"font-weight: 400;\">Le format fin assure une tenue discr\u00e8te et confortable sous la l\u00e8vre, permettant une utilisation propre et sans tache o\u00f9 que vous soyez. Enti\u00e8rement sans tabac et fabriqu\u00e9 \u00e0 partir de mat\u00e9riaux v\u00e9g\u00e9taux de haute qualit\u00e9, XQS Elderflower Light offre une alternative nicotinique moderne et \u00e9l\u00e9gante. Le go\u00fbt doux de la fleur de sureau fait de ce produit un choix parfait pour ceux qui recherchent une exp\u00e9rience gustative l\u00e9g\u00e8re et raffin\u00e9e.<\/span><\/p>\n<table>\n<tbody>\n<tr>\n<td><b>Attribut<\/b><\/td>\n<td><b>D\u00e9tails<\/b><\/td>\n<\/tr>\n<tr>\n<td><b>Marque<\/b><\/td>\n<td><span style=\"font-weight: 400;\">XQS<\/span><\/td>\n<\/tr>\n<tr>\n<td><b>Type de produit<\/b><\/td>\n<td><span style=\"font-weight: 400;\">Tous les sachets de nicotine blancs<\/span><\/td>\n<\/tr>\n<tr>\n<td><b>Format<\/b><\/td>\n<td><span style=\"font-weight: 400;\">Mince<\/span><\/td>\n<\/tr>\n<tr>\n<td><b>Saveur<\/b><\/td>\n<td><span style=\"font-weight: 400;\">Fleur de sureau<\/span><\/td>\n<\/tr>\n<tr>\n<td><b>Intensit\u00e9 de la nicotine<\/b><\/td>\n<td><span style=\"font-weight: 400;\">4 mg par pochette (5 mg\/g)<\/span><\/td>\n<\/tr>\n<tr>\n<td><b>Poids de la portion<\/b><\/td>\n<td><span style=\"font-weight: 400;\">0,75 grammes<\/span><\/td>\n<\/tr>\n<tr>\n<td><b>Nombre de portions<\/b><\/td>\n<td><span style=\"font-weight: 400;\">20 par bo\u00eete<\/span><\/td>\n<\/tr>\n<tr>\n<td><b>Poids total de la bo\u00eete<\/b><\/td>\n<td><span style=\"font-weight: 400;\">15 grammes<\/span><\/td>\n<\/tr>\n<tr>\n<td><b>Fabricant<\/b><\/td>\n<td><span style=\"font-weight: 400;\">XQS International<\/span><\/td>\n<\/tr>\n<tr>\n<td><b>Caract\u00e9ristiques notables<\/b><\/td>\n<td><span style=\"font-weight: 400;\">Sans tabac, format fin, saveur subtile et rafra\u00eechissante de sureau<\/span><\/td>\n<\/tr>\n<\/tbody>\n<\/table>","protected":false},"excerpt":{"rendered":"<p>XQS <strong data-start=\"4\" data-end=\"19\">Fleur de sureau<\/strong> <strong data-start=\"20\" data-end=\"29\">Lumi\u00e8re<\/strong> offre une fleur de sureau d\u00e9licate et rafra\u00eechissante, avec une douceur florale subtile et une finale vive et douce. Les <strong data-start=\"133\" data-end=\"141\">mince<\/strong>, Les pochettes enti\u00e8rement blanches sont discr\u00e8tes et confortables. Chaque pochette contient <strong data-start=\"211\" data-end=\"228\">4 mg de nicotine<\/strong> pour une lib\u00e9ration douce et r\u00e9guli\u00e8re, adapt\u00e9e \u00e0 une utilisation quotidienne.<\/p>","protected":false},"featured_media":8381,"comment_status":"open","ping_status":"closed","template":"","format":[206],"meta":{"_acf_changed":false},"product_brand":[],"product_cat":[27],"product_tag":[16585],"flavours":[196],"nicotine":[230,236],"class_list":{"0":"post-8380","1":"product","2":"type-product","3":"status-publish","4":"has-post-thumbnail","6":"product_cat-xqs","7":"product_tag-4-mg-pouch","8":"pa_quantity-1-pack","9":"pa_quantity-10-pack","10":"pa_quantity-3-pack","11":"pa_quantity-30-pack","12":"pa_quantity-5-pack","13":"pa_quantity-60-pack","14":"flavours-fruits-berries","15":"format-slim","16":"nicotine-8-mg-g","17":"nicotine-strong","19":"first","20":"instock","21":"taxable","22":"shipping-taxable","23":"purchasable","24":"product-type-variable"},"acf":[],"_links":{"self":[{"href":"https:\/\/whitelip.com\/fr\/wp-json\/wp\/v2\/product\/8380","targetHints":{"allow":["GET"]}}],"collection":[{"href":"https:\/\/whitelip.com\/fr\/wp-json\/wp\/v2\/product"}],"about":[{"href":"https:\/\/whitelip.com\/fr\/wp-json\/wp\/v2\/types\/product"}],"replies":[{"embeddable":true,"href":"https:\/\/whitelip.com\/fr\/wp-json\/wp\/v2\/comments?post=8380"}],"wp:featuredmedia":[{"embeddable":true,"href":"https:\/\/whitelip.com\/fr\/wp-json\/wp\/v2\/media\/8381"}],"wp:attachment":[{"href":"https:\/\/whitelip.com\/fr\/wp-json\/wp\/v2\/media?parent=8380"}],"wp:term":[{"taxonomy":"product_brand","embeddable":true,"href":"https:\/\/whitelip.com\/fr\/wp-json\/wp\/v2\/product_brand?post=8380"},{"taxonomy":"product_cat","embeddable":true,"href":"https:\/\/whitelip.com\/fr\/wp-json\/wp\/v2\/product_cat?post=8380"},{"taxonomy":"product_tag","embeddable":true,"href":"https:\/\/whitelip.com\/fr\/wp-json\/wp\/v2\/product_tag?post=8380"},{"taxonomy":"flavours","embeddable":true,"href":"https:\/\/whitelip.com\/fr\/wp-json\/wp\/v2\/flavours?post=8380"},{"taxonomy":"format","embeddable":true,"href":"https:\/\/whitelip.com\/fr\/wp-json\/wp\/v2\/format?post=8380"},{"taxonomy":"nicotine","embeddable":true,"href":"https:\/\/whitelip.com\/fr\/wp-json\/wp\/v2\/nicotine?post=8380"}],"curies":[{"name":"wp","href":"https:\/\/api.w.org\/{rel}","templated":true}]}}