{"id":8370,"date":"2024-11-28T12:43:29","date_gmt":"2024-11-28T12:43:29","guid":{"rendered":"https:\/\/whitelip.com\/zyn-coffee-6mg\/"},"modified":"2026-05-06T15:17:15","modified_gmt":"2026-05-06T15:17:15","slug":"zyn-coffee-6mg","status":"publish","type":"product","link":"https:\/\/whitelip.com\/fr\/zyn\/zyn-coffee-6mg\/","title":{"rendered":"ZYN Coffee 6mg"},"content":{"rendered":"<h2><strong>ZYN Coffee 6mg<\/strong><\/h2>\n<p><span style=\"font-weight: 400;\">ZYN Coffee 6mg offre une exp\u00e9rience riche et aromatique, combinant les saveurs robustes du caf\u00e9 fra\u00eechement torr\u00e9fi\u00e9 avec des notes subtiles de chocolat, nougat et vanille. Chaque pochette mini de couleur blanche contient 6 mg de nicotine, offrant une lib\u00e9ration forte mais r\u00e9guli\u00e8re, id\u00e9ale pour ceux qui recherchent un coup puissant.<\/span><\/p>\n<p><span style=\"font-weight: 400;\">Le format mini assure un ajustement discret et confortable sous la l\u00e8vre, permettant une utilisation propre et sans taches \u00e0 tout moment. Fabriqu\u00e9 enti\u00e8rement \u00e0 partir de mat\u00e9riaux v\u00e9g\u00e9taux de haute qualit\u00e9, ZYN Coffee 6mg offre une alternative de nicotine moderne et agr\u00e9able avec un profil de saveur sophistiqu\u00e9.<\/span><\/p>\n<table>\n<tbody>\n<tr>\n<td><b>Attribut<\/b><\/td>\n<td><b>D\u00e9tails<\/b><\/td>\n<\/tr>\n<tr>\n<td><span style=\"font-weight: 400;\">Marque<\/span><\/td>\n<td><span style=\"font-weight: 400;\">ZYN<\/span><\/td>\n<\/tr>\n<tr>\n<td><span style=\"font-weight: 400;\">Type de produit<\/span><\/td>\n<td><span style=\"font-weight: 400;\">Tous les sachets de nicotine blancs<\/span><\/td>\n<\/tr>\n<tr>\n<td><span style=\"font-weight: 400;\">Format<\/span><\/td>\n<td><span style=\"font-weight: 400;\">Mini<\/span><\/td>\n<\/tr>\n<tr>\n<td><span style=\"font-weight: 400;\">Saveur<\/span><\/td>\n<td><span style=\"font-weight: 400;\">Caf\u00e9, chocolat, nougat et vanille<\/span><\/td>\n<\/tr>\n<tr>\n<td><span style=\"font-weight: 400;\">Intensit\u00e9 de la nicotine<\/span><\/td>\n<td><span style=\"font-weight: 400;\">6 mg par sachet<\/span><\/td>\n<\/tr>\n<tr>\n<td><span style=\"font-weight: 400;\">Poids de la portion<\/span><\/td>\n<td><span style=\"font-weight: 400;\">0,4 grammes<\/span><\/td>\n<\/tr>\n<tr>\n<td><span style=\"font-weight: 400;\">Nombre de portions<\/span><\/td>\n<td><span style=\"font-weight: 400;\">20 par bo\u00eete<\/span><\/td>\n<\/tr>\n<tr>\n<td><span style=\"font-weight: 400;\">Poids total de la bo\u00eete<\/span><\/td>\n<td><span style=\"font-weight: 400;\">8 grammes<\/span><\/td>\n<\/tr>\n<tr>\n<td><span style=\"font-weight: 400;\">Fabricant<\/span><\/td>\n<td><span style=\"font-weight: 400;\">Swedish Match<\/span><\/td>\n<\/tr>\n<tr>\n<td><span style=\"font-weight: 400;\">Caract\u00e9ristiques notables<\/span><\/td>\n<td><span style=\"font-weight: 400;\">Sans tabac, format mini, saveur de caf\u00e9 riche avec notes de chocolat et vanille<\/span><\/td>\n<\/tr>\n<\/tbody>\n<\/table>","protected":false},"excerpt":{"rendered":"<p><strong>ZYN Coffee 6mg pr\u00e9c\u00e9demment ZYN Espressino 6mg. Pendant la transition, les deux designs peuvent \u00eatre vendus.<\/strong><\/p>\n<p>ZYN <strong data-start=\"4\" data-end=\"14\">Caf\u00e9<\/strong> <strong data-start=\"15\" data-end=\"23\">mini<\/strong> offre un caf\u00e9 riche et aromatique avec des notes subtiles de chocolat, de nougat et de vanille. Les sachets enti\u00e8rement blancs sont discrets et confortables. Chaque sachet contient <strong data-start=\"177\" data-end=\"194\">6 mg de nicotine<\/strong> pour une lib\u00e9ration forte et r\u00e9guli\u00e8re.<\/p>","protected":false},"featured_media":8371,"comment_status":"open","ping_status":"closed","template":"","format":[205],"meta":{"_acf_changed":false},"product_brand":[],"product_cat":[37],"product_tag":[16559],"flavours":[192],"nicotine":[212,232],"class_list":{"0":"post-8370","1":"product","2":"type-product","3":"status-publish","4":"has-post-thumbnail","6":"product_cat-zyn","7":"product_tag-6-mg-pouch","8":"pa_quantity-1-pack","9":"pa_quantity-10-pack","10":"pa_quantity-3-pack","11":"pa_quantity-30-pack","12":"pa_quantity-5-pack","13":"pa_quantity-60-pack","14":"flavours-coffee","15":"format-mini","16":"nicotine-15-mg-g","17":"nicotine-extra-strong","19":"first","20":"instock","21":"taxable","22":"shipping-taxable","23":"purchasable","24":"product-type-variable"},"acf":[],"_links":{"self":[{"href":"https:\/\/whitelip.com\/fr\/wp-json\/wp\/v2\/product\/8370","targetHints":{"allow":["GET"]}}],"collection":[{"href":"https:\/\/whitelip.com\/fr\/wp-json\/wp\/v2\/product"}],"about":[{"href":"https:\/\/whitelip.com\/fr\/wp-json\/wp\/v2\/types\/product"}],"replies":[{"embeddable":true,"href":"https:\/\/whitelip.com\/fr\/wp-json\/wp\/v2\/comments?post=8370"}],"wp:featuredmedia":[{"embeddable":true,"href":"https:\/\/whitelip.com\/fr\/wp-json\/wp\/v2\/media\/8371"}],"wp:attachment":[{"href":"https:\/\/whitelip.com\/fr\/wp-json\/wp\/v2\/media?parent=8370"}],"wp:term":[{"taxonomy":"product_brand","embeddable":true,"href":"https:\/\/whitelip.com\/fr\/wp-json\/wp\/v2\/product_brand?post=8370"},{"taxonomy":"product_cat","embeddable":true,"href":"https:\/\/whitelip.com\/fr\/wp-json\/wp\/v2\/product_cat?post=8370"},{"taxonomy":"product_tag","embeddable":true,"href":"https:\/\/whitelip.com\/fr\/wp-json\/wp\/v2\/product_tag?post=8370"},{"taxonomy":"flavours","embeddable":true,"href":"https:\/\/whitelip.com\/fr\/wp-json\/wp\/v2\/flavours?post=8370"},{"taxonomy":"format","embeddable":true,"href":"https:\/\/whitelip.com\/fr\/wp-json\/wp\/v2\/format?post=8370"},{"taxonomy":"nicotine","embeddable":true,"href":"https:\/\/whitelip.com\/fr\/wp-json\/wp\/v2\/nicotine?post=8370"}],"curies":[{"name":"wp","href":"https:\/\/api.w.org\/{rel}","templated":true}]}}