{"id":8354,"date":"2024-12-20T19:39:25","date_gmt":"2024-12-20T19:39:25","guid":{"rendered":"https:\/\/whitelip.com\/xqs-fizzy-cola-strong\/"},"modified":"2026-04-21T10:11:26","modified_gmt":"2026-04-21T10:11:26","slug":"xqs-fizzy-cola-strong","status":"publish","type":"product","link":"https:\/\/whitelip.com\/fr\/xqs\/xqs-fizzy-cola-strong\/","title":{"rendered":"XQS Fizzy Cola Strong"},"content":{"rendered":"<h2><b>XQS Fizzy Cola Strong<\/b><\/h2>\n<p><span style=\"font-weight: 400;\">XQS Fizzy Cola Strong offre le <\/span><b>go\u00fbt classique du cola p\u00e9tillant<\/b><span style=\"font-weight: 400;\">, combinant des notes sucr\u00e9es et acidul\u00e9es avec une l\u00e9g\u00e8re sensation p\u00e9tillante pour une exp\u00e9rience de nicotine unique et rafra\u00eechissante. Parfait pour les utilisateurs \u00e0 la recherche d'une saveur ludique mais intense, chaque sachet fin et blanc pur contient <\/span><b>10 mg de nicotine<\/b><span style=\"font-weight: 400;\">, offrant une lib\u00e9ration satisfaisante et r\u00e9guli\u00e8re.<\/span><\/p>\n<p><span style=\"font-weight: 400;\">Le format fin assure un ajustement discret et confortable sous la l\u00e8vre, permettant une utilisation facile et sans taches \u00e0 tout moment et partout. Enti\u00e8rement sans tabac et fabriqu\u00e9 \u00e0 partir de fibres v\u00e9g\u00e9tales de haute qualit\u00e9, XQS Fizzy Cola Strong offre une alternative de nicotine moderne avec une saveur de cola nostalgique et agr\u00e9able. Id\u00e9al pour les utilisateurs qui appr\u00e9cient une touche intense associ\u00e9e \u00e0 un go\u00fbt familier et amusant.<\/span><\/p>\n<table>\n<tbody>\n<tr>\n<td><b>Attribut<\/b><\/td>\n<td><b>D\u00e9tails<\/b><\/td>\n<\/tr>\n<tr>\n<td><b>Marque<\/b><\/td>\n<td><span style=\"font-weight: 400;\">XQS<\/span><\/td>\n<\/tr>\n<tr>\n<td><b>Type de produit<\/b><\/td>\n<td><span style=\"font-weight: 400;\">Tous les sachets de nicotine blancs<\/span><\/td>\n<\/tr>\n<tr>\n<td><b>Format<\/b><\/td>\n<td><span style=\"font-weight: 400;\">Mince<\/span><\/td>\n<\/tr>\n<tr>\n<td><b>Saveur<\/b><\/td>\n<td><span style=\"font-weight: 400;\">Cola p\u00e9tillant<\/span><\/td>\n<\/tr>\n<tr>\n<td><b>Intensit\u00e9 de la nicotine<\/b><\/td>\n<td><span style=\"font-weight: 400;\">10 mg par sachet (13 mg\/g)<\/span><\/td>\n<\/tr>\n<tr>\n<td><b>Poids de la portion<\/b><\/td>\n<td><span style=\"font-weight: 400;\">0,75 grammes<\/span><\/td>\n<\/tr>\n<tr>\n<td><b>Nombre de portions<\/b><\/td>\n<td><span style=\"font-weight: 400;\">20 par bo\u00eete<\/span><\/td>\n<\/tr>\n<tr>\n<td><b>Poids total de la bo\u00eete<\/b><\/td>\n<td><span style=\"font-weight: 400;\">15 grammes<\/span><\/td>\n<\/tr>\n<tr>\n<td><b>Fabricant<\/b><\/td>\n<td><span style=\"font-weight: 400;\">XQS International<\/span><\/td>\n<\/tr>\n<tr>\n<td><b>Caract\u00e9ristiques notables<\/b><\/td>\n<td><span style=\"font-weight: 400;\">Sans tabac, format fin, saveur sucr\u00e9e et acidul\u00e9e de cola<\/span><\/td>\n<\/tr>\n<\/tbody>\n<\/table>","protected":false},"excerpt":{"rendered":"<p>XQS <strong data-start=\"4\" data-end=\"18\">Cola p\u00e9tillant<\/strong> <strong data-start=\"19\" data-end=\"29\">Fort<\/strong> offre un cola classique avec des notes sucr\u00e9es et acidul\u00e9es et une l\u00e9g\u00e8re sensation p\u00e9tillante pour une bouff\u00e9e rafra\u00eechissante. Le <strong data-start=\"131\" data-end=\"139\">mince<\/strong>, Les pochettes enti\u00e8rement blanches sont discr\u00e8tes et confortables. Chaque pochette contient <strong data-start=\"209\" data-end=\"227\">10 mg de nicotine<\/strong> pour une lib\u00e9ration r\u00e9guli\u00e8re et satisfaisante.<\/p>","protected":false},"featured_media":8355,"comment_status":"open","ping_status":"closed","template":"","format":[206],"meta":{"_acf_changed":false},"product_brand":[],"product_cat":[27],"product_tag":[16587],"flavours":[193],"nicotine":[210,232],"class_list":{"0":"post-8354","1":"product","2":"type-product","3":"status-publish","4":"has-post-thumbnail","6":"product_cat-xqs","7":"product_tag-10-mg-pouch","8":"pa_quantity-1-pack","9":"pa_quantity-10-pack","10":"pa_quantity-3-pack","11":"pa_quantity-30-pack","12":"pa_quantity-5-pack","13":"pa_quantity-60-pack","14":"flavours-cola","15":"format-slim","16":"nicotine-13-mg-g","17":"nicotine-extra-strong","19":"first","20":"outofstock","21":"taxable","22":"shipping-taxable","23":"purchasable","24":"product-type-variable"},"acf":[],"_links":{"self":[{"href":"https:\/\/whitelip.com\/fr\/wp-json\/wp\/v2\/product\/8354","targetHints":{"allow":["GET"]}}],"collection":[{"href":"https:\/\/whitelip.com\/fr\/wp-json\/wp\/v2\/product"}],"about":[{"href":"https:\/\/whitelip.com\/fr\/wp-json\/wp\/v2\/types\/product"}],"replies":[{"embeddable":true,"href":"https:\/\/whitelip.com\/fr\/wp-json\/wp\/v2\/comments?post=8354"}],"wp:featuredmedia":[{"embeddable":true,"href":"https:\/\/whitelip.com\/fr\/wp-json\/wp\/v2\/media\/8355"}],"wp:attachment":[{"href":"https:\/\/whitelip.com\/fr\/wp-json\/wp\/v2\/media?parent=8354"}],"wp:term":[{"taxonomy":"product_brand","embeddable":true,"href":"https:\/\/whitelip.com\/fr\/wp-json\/wp\/v2\/product_brand?post=8354"},{"taxonomy":"product_cat","embeddable":true,"href":"https:\/\/whitelip.com\/fr\/wp-json\/wp\/v2\/product_cat?post=8354"},{"taxonomy":"product_tag","embeddable":true,"href":"https:\/\/whitelip.com\/fr\/wp-json\/wp\/v2\/product_tag?post=8354"},{"taxonomy":"flavours","embeddable":true,"href":"https:\/\/whitelip.com\/fr\/wp-json\/wp\/v2\/flavours?post=8354"},{"taxonomy":"format","embeddable":true,"href":"https:\/\/whitelip.com\/fr\/wp-json\/wp\/v2\/format?post=8354"},{"taxonomy":"nicotine","embeddable":true,"href":"https:\/\/whitelip.com\/fr\/wp-json\/wp\/v2\/nicotine?post=8354"}],"curies":[{"name":"wp","href":"https:\/\/api.w.org\/{rel}","templated":true}]}}