{"id":8339,"date":"2024-12-20T19:39:05","date_gmt":"2024-12-20T19:39:05","guid":{"rendered":"https:\/\/whitelip.com\/velo-salty-liquorice\/"},"modified":"2026-04-22T10:11:30","modified_gmt":"2026-04-22T10:11:30","slug":"velo-salty-liquorice","status":"publish","type":"product","link":"https:\/\/whitelip.com\/fr\/velo\/velo-salty-liquorice\/","title":{"rendered":"VELO R\u00e9glisse sal\u00e9e"},"content":{"rendered":"<h2><strong>VELO R\u00e9glisse sal\u00e9e<\/strong><\/h2>\n<p><span style=\"font-weight: 400;\">VELO Salty Liquorice pr\u00e9sente un m\u00e9lange sophistiqu\u00e9 de riches saveurs de r\u00e9glisse, rehauss\u00e9es par des notes subtiles d'anis et de salmiak, offrant une exp\u00e9rience gustative distinctive et satisfaisante. Ces sachets de nicotine minces et enti\u00e8rement blancs sont m\u00e9ticuleusement con\u00e7us pour une tenue discr\u00e8te et confortable, garantissant une lib\u00e9ration coh\u00e9rente et contr\u00f4l\u00e9e de l'ar\u00f4me et de la nicotine. Sans tabac et con\u00e7u pour ceux qui appr\u00e9cient les nuances classiques de la r\u00e9glisse, VELO Salty Liquorice offre un choix raffin\u00e9 aux utilisateurs qui recherchent \u00e0 la fois la qualit\u00e9 et l'\u00e9l\u00e9gance dans leurs produits \u00e0 base de nicotine.<\/span><\/p>\n<table>\n<tbody>\n<tr>\n<td><b>Attribut<\/b><\/td>\n<td><b>D\u00e9tails<\/b><\/td>\n<\/tr>\n<tr>\n<td><span style=\"font-weight: 400;\">Marque<\/span><\/td>\n<td><span style=\"font-weight: 400;\">v\u00e9lo<\/span><\/td>\n<\/tr>\n<tr>\n<td><span style=\"font-weight: 400;\">Type de produit<\/span><\/td>\n<td><span style=\"font-weight: 400;\">Tous les sachets de nicotine blancs<\/span><\/td>\n<\/tr>\n<tr>\n<td><span style=\"font-weight: 400;\">Format<\/span><\/td>\n<td><span style=\"font-weight: 400;\">Mince<\/span><\/td>\n<\/tr>\n<tr>\n<td><span style=\"font-weight: 400;\">Saveur<\/span><\/td>\n<td><span style=\"font-weight: 400;\">R\u00e9glisse avec des nuances d'anis et de salmiak<\/span><\/td>\n<\/tr>\n<tr>\n<td><span style=\"font-weight: 400;\">Intensit\u00e9 de la nicotine<\/span><\/td>\n<td><span style=\"font-weight: 400;\">14 mg\/g (10 mg par pochette)<\/span><\/td>\n<\/tr>\n<tr>\n<td><span style=\"font-weight: 400;\">Poids de la portion<\/span><\/td>\n<td><span style=\"font-weight: 400;\">0,7 grammes<\/span><\/td>\n<\/tr>\n<tr>\n<td><span style=\"font-weight: 400;\">Nombre de portions<\/span><\/td>\n<td><span style=\"font-weight: 400;\">20 par bo\u00eete<\/span><\/td>\n<\/tr>\n<tr>\n<td><span style=\"font-weight: 400;\">Poids total de la bo\u00eete<\/span><\/td>\n<td><span style=\"font-weight: 400;\">14 grammes<\/span><\/td>\n<\/tr>\n<tr>\n<td><span style=\"font-weight: 400;\">Fabricant<\/span><\/td>\n<td><span style=\"font-weight: 400;\">BAT<\/span><\/td>\n<\/tr>\n<tr>\n<td><span style=\"font-weight: 400;\">Caract\u00e9ristiques notables<\/span><\/td>\n<td><span style=\"font-weight: 400;\">Sans tabac, portions minces discr\u00e8tes, profil de saveur r\u00e9glisse \u00e9quilibr\u00e9<\/span><\/td>\n<\/tr>\n<\/tbody>\n<\/table>","protected":false},"excerpt":{"rendered":"<p>VELO Les sachets de nicotine Salty Liquorice offrent un go\u00fbt riche et distinctif. <strong data-start=\"66\" data-end=\"85\">R\u00e9glisse sal\u00e9e<\/strong> avec des notes d'anis et de salmiak. <strong data-start=\"126\" data-end=\"134\">Mince<\/strong>, Le format enti\u00e8rement blanc permet une utilisation discr\u00e8te et confortable ainsi qu'une lib\u00e9ration coh\u00e9rente et raffin\u00e9e. Chaque sachet contient <strong data-start=\"238\" data-end=\"256\">10 mg de nicotine<\/strong>.<\/p>","protected":false},"featured_media":8340,"comment_status":"open","ping_status":"closed","template":"","format":[206],"meta":{"_acf_changed":false},"product_brand":[],"product_cat":[48],"product_tag":[16587],"flavours":[198],"nicotine":[211,232],"class_list":{"0":"post-8339","1":"product","2":"type-product","3":"status-publish","4":"has-post-thumbnail","6":"product_cat-velo","7":"product_tag-10-mg-pouch","8":"pa_quantity-1-pack","9":"pa_quantity-10-pack","10":"pa_quantity-3-pack","11":"pa_quantity-30-pack","12":"pa_quantity-5-pack","13":"pa_quantity-60-pack","14":"flavours-licorice","15":"format-slim","16":"nicotine-14-mg-g","17":"nicotine-extra-strong","19":"first","20":"instock","21":"taxable","22":"shipping-taxable","23":"purchasable","24":"product-type-variable"},"acf":[],"_links":{"self":[{"href":"https:\/\/whitelip.com\/fr\/wp-json\/wp\/v2\/product\/8339","targetHints":{"allow":["GET"]}}],"collection":[{"href":"https:\/\/whitelip.com\/fr\/wp-json\/wp\/v2\/product"}],"about":[{"href":"https:\/\/whitelip.com\/fr\/wp-json\/wp\/v2\/types\/product"}],"replies":[{"embeddable":true,"href":"https:\/\/whitelip.com\/fr\/wp-json\/wp\/v2\/comments?post=8339"}],"wp:featuredmedia":[{"embeddable":true,"href":"https:\/\/whitelip.com\/fr\/wp-json\/wp\/v2\/media\/8340"}],"wp:attachment":[{"href":"https:\/\/whitelip.com\/fr\/wp-json\/wp\/v2\/media?parent=8339"}],"wp:term":[{"taxonomy":"product_brand","embeddable":true,"href":"https:\/\/whitelip.com\/fr\/wp-json\/wp\/v2\/product_brand?post=8339"},{"taxonomy":"product_cat","embeddable":true,"href":"https:\/\/whitelip.com\/fr\/wp-json\/wp\/v2\/product_cat?post=8339"},{"taxonomy":"product_tag","embeddable":true,"href":"https:\/\/whitelip.com\/fr\/wp-json\/wp\/v2\/product_tag?post=8339"},{"taxonomy":"flavours","embeddable":true,"href":"https:\/\/whitelip.com\/fr\/wp-json\/wp\/v2\/flavours?post=8339"},{"taxonomy":"format","embeddable":true,"href":"https:\/\/whitelip.com\/fr\/wp-json\/wp\/v2\/format?post=8339"},{"taxonomy":"nicotine","embeddable":true,"href":"https:\/\/whitelip.com\/fr\/wp-json\/wp\/v2\/nicotine?post=8339"}],"curies":[{"name":"wp","href":"https:\/\/api.w.org\/{rel}","templated":true}]}}