{"id":8337,"date":"2024-12-20T19:39:05","date_gmt":"2024-12-20T19:39:05","guid":{"rendered":"https:\/\/whitelip.com\/velo-bright-spearmint-mini\/"},"modified":"2026-04-22T10:11:55","modified_gmt":"2026-04-22T10:11:55","slug":"velo-bright-spearmint-mini","status":"publish","type":"product","link":"https:\/\/whitelip.com\/fr\/velo\/velo-bright-spearmint-mini\/","title":{"rendered":"VELO Bright Spearmint Mini"},"content":{"rendered":"<h2><strong>VELO Bright Spearmint Mini<\/strong><\/h2>\n<p><span style=\"font-weight: 400;\">VELO Bright Spearmint Mini offre une saveur de menthe douce rafra\u00eechissante et vivifiante, offrant une exp\u00e9rience de menthe fra\u00eeche et croustillante qui r\u00e9veille les sens. Ces pochettes de nicotine mini tout blanc sont con\u00e7ues pour une utilisation discr\u00e8te et confortable, s'ajustant parfaitement sous la l\u00e8vre sans \u00eatre visibles. La douceur \u00e9quilibr\u00e9e de la menthe douce combin\u00e9e \u00e0 une l\u00e9g\u00e8re touche de menthol fournit un go\u00fbt agr\u00e9able sans la sensation de br\u00fblure accablante souvent associ\u00e9e aux produits de menthe plus forts. Id\u00e9al pour ceux qui recherchent une exp\u00e9rience de nicotine subtile et satisfaisante, VELO Bright Spearmint Mini assure une lib\u00e9ration constante de saveur et de nicotine, ce qui en fait un choix appropri\u00e9 pour les utilisateurs nouveaux et exp\u00e9riment\u00e9s.<\/span><\/p>\n<table>\n<tbody>\n<tr>\n<td><b>Attribut<\/b><\/td>\n<td><b>D\u00e9tails<\/b><\/td>\n<\/tr>\n<tr>\n<td><span style=\"font-weight: 400;\">Marque<\/span><\/td>\n<td><span style=\"font-weight: 400;\">v\u00e9lo<\/span><\/td>\n<\/tr>\n<tr>\n<td><span style=\"font-weight: 400;\">Type de produit<\/span><\/td>\n<td><span style=\"font-weight: 400;\">Tous les sachets de nicotine blancs<\/span><\/td>\n<\/tr>\n<tr>\n<td><span style=\"font-weight: 400;\">Format<\/span><\/td>\n<td><span style=\"font-weight: 400;\">Mini<\/span><\/td>\n<\/tr>\n<tr>\n<td><span style=\"font-weight: 400;\">Saveur<\/span><\/td>\n<td><span style=\"font-weight: 400;\">Menthe douce avec une touche de menthol<\/span><\/td>\n<\/tr>\n<tr>\n<td><span style=\"font-weight: 400;\">Intensit\u00e9 de la nicotine<\/span><\/td>\n<td><span style=\"font-weight: 400;\">8 mg\/g (4 mg par sachet)<\/span><\/td>\n<\/tr>\n<tr>\n<td><span style=\"font-weight: 400;\">Poids de la portion<\/span><\/td>\n<td><span style=\"font-weight: 400;\">0,5 grammes<\/span><\/td>\n<\/tr>\n<tr>\n<td><span style=\"font-weight: 400;\">Nombre de portions<\/span><\/td>\n<td><span style=\"font-weight: 400;\">20 par bo\u00eete<\/span><\/td>\n<\/tr>\n<tr>\n<td><span style=\"font-weight: 400;\">Poids total de la bo\u00eete<\/span><\/td>\n<td><span style=\"font-weight: 400;\">10 grammes<\/span><\/td>\n<\/tr>\n<tr>\n<td><span style=\"font-weight: 400;\">Fabricant<\/span><\/td>\n<td><span style=\"font-weight: 400;\">BAT<\/span><\/td>\n<\/tr>\n<tr>\n<td><span style=\"font-weight: 400;\">Caract\u00e9ristiques notables<\/span><\/td>\n<td><span style=\"font-weight: 400;\">Sans tabac, portions mini discr\u00e8tes, saveur de menthe \u00e9quilibr\u00e9e, coulure minimale<\/span><\/td>\n<\/tr>\n<\/tbody>\n<\/table>","protected":false},"excerpt":{"rendered":"<p>Les pochettes de nicotine VELO Bright Spearmint Mini offrent une saveur rafra\u00eechissante <strong data-start=\"65\" data-end=\"85\">Bright Spearmint<\/strong> avec un profil de menthe croustillant et frais. Mini, <strong data-start=\"132\" data-end=\"140\">mince<\/strong>, Le format enti\u00e8rement blanc permet une utilisation discr\u00e8te et confortable et une lib\u00e9ration r\u00e9guli\u00e8re. Chaque sachet contient <strong data-start=\"235\" data-end=\"252\">4 mg de nicotine<\/strong>.<\/p>","protected":false},"featured_media":8338,"comment_status":"open","ping_status":"closed","template":"","format":[205],"meta":{"_acf_changed":false},"product_brand":[],"product_cat":[48],"product_tag":[16585],"flavours":[199],"nicotine":[230,236],"class_list":{"0":"post-8337","1":"product","2":"type-product","3":"status-publish","4":"has-post-thumbnail","6":"product_cat-velo","7":"product_tag-4-mg-pouch","8":"pa_quantity-1-pack","9":"pa_quantity-10-pack","10":"pa_quantity-3-pack","11":"pa_quantity-30-pack","12":"pa_quantity-5-pack","13":"pa_quantity-60-pack","14":"flavours-mint","15":"format-mini","16":"nicotine-8-mg-g","17":"nicotine-strong","19":"first","20":"outofstock","21":"taxable","22":"shipping-taxable","23":"purchasable","24":"product-type-variable"},"acf":[],"_links":{"self":[{"href":"https:\/\/whitelip.com\/fr\/wp-json\/wp\/v2\/product\/8337","targetHints":{"allow":["GET"]}}],"collection":[{"href":"https:\/\/whitelip.com\/fr\/wp-json\/wp\/v2\/product"}],"about":[{"href":"https:\/\/whitelip.com\/fr\/wp-json\/wp\/v2\/types\/product"}],"replies":[{"embeddable":true,"href":"https:\/\/whitelip.com\/fr\/wp-json\/wp\/v2\/comments?post=8337"}],"wp:featuredmedia":[{"embeddable":true,"href":"https:\/\/whitelip.com\/fr\/wp-json\/wp\/v2\/media\/8338"}],"wp:attachment":[{"href":"https:\/\/whitelip.com\/fr\/wp-json\/wp\/v2\/media?parent=8337"}],"wp:term":[{"taxonomy":"product_brand","embeddable":true,"href":"https:\/\/whitelip.com\/fr\/wp-json\/wp\/v2\/product_brand?post=8337"},{"taxonomy":"product_cat","embeddable":true,"href":"https:\/\/whitelip.com\/fr\/wp-json\/wp\/v2\/product_cat?post=8337"},{"taxonomy":"product_tag","embeddable":true,"href":"https:\/\/whitelip.com\/fr\/wp-json\/wp\/v2\/product_tag?post=8337"},{"taxonomy":"flavours","embeddable":true,"href":"https:\/\/whitelip.com\/fr\/wp-json\/wp\/v2\/flavours?post=8337"},{"taxonomy":"format","embeddable":true,"href":"https:\/\/whitelip.com\/fr\/wp-json\/wp\/v2\/format?post=8337"},{"taxonomy":"nicotine","embeddable":true,"href":"https:\/\/whitelip.com\/fr\/wp-json\/wp\/v2\/nicotine?post=8337"}],"curies":[{"name":"wp","href":"https:\/\/api.w.org\/{rel}","templated":true}]}}