{"id":8331,"date":"2024-11-28T12:42:44","date_gmt":"2024-11-28T12:42:44","guid":{"rendered":"https:\/\/whitelip.com\/zxs-melon-rush-large\/"},"modified":"2026-05-06T10:11:13","modified_gmt":"2026-05-06T10:11:13","slug":"zxs-melon-rush-large","status":"publish","type":"product","link":"https:\/\/whitelip.com\/fr\/zxs\/zxs-melon-rush-large\/","title":{"rendered":"Z!XS Melon Rush Large"},"content":{"rendered":"<h2><b>Z!XS Melon Rush Large<\/b><\/h2>\n<p><span style=\"font-weight: 400;\">Le Z!XS Melon Rush Large offre une <\/span><b>go\u00fbt sucr\u00e9 et juteux de melon<\/b><span style=\"font-weight: 400;\">, La douceur naturelle du melon cr\u00e9e un go\u00fbt doux et satisfaisant, parfait pour les utilisateurs qui appr\u00e9cient un profil d'ar\u00f4me l\u00e9ger et vibrant. La douceur naturelle du melon cr\u00e9e un go\u00fbt doux et satisfaisant, parfait pour les utilisateurs qui appr\u00e9cient un profil de saveur l\u00e9ger et vibrant. Chaque grand sachet blanc contient <\/span><b>12 mg de nicotine<\/b><span style=\"font-weight: 400;\">, La nicotine est un \u00e9l\u00e9ment essentiel de l'ar\u00f4me et de la saveur de l'alcool, offrant une lib\u00e9ration forte et r\u00e9guli\u00e8re pour ceux qui recherchent un coup de fouet nicotinique audacieux.<\/span><\/p>\n<p><span style=\"font-weight: 400;\">Le grand format assure un ajustement plus complet sous la l\u00e8vre tout en maintenant le confort et la discr\u00e9tion, ce qui le rend id\u00e9al pour une utilisation propre et sans tache \u00e0 tout moment, n'importe o\u00f9. Fabriqu\u00e9 sans tabac et avec des mat\u00e9riaux v\u00e9g\u00e9taux de haute qualit\u00e9, Z!XS Melon Rush Large est une alternative moderne \u00e0 la nicotine pour ceux qui recherchent une saveur fruit\u00e9e associ\u00e9e \u00e0 une puissance fiable.<\/span><\/p>\n<table>\n<tbody>\n<tr>\n<td><b>Attribut<\/b><\/td>\n<td><b>D\u00e9tails<\/b><\/td>\n<\/tr>\n<tr>\n<td><b>Marque<\/b><\/td>\n<td><span style=\"font-weight: 400;\">Z!XS<\/span><\/td>\n<\/tr>\n<tr>\n<td><b>Type de produit<\/b><\/td>\n<td><span style=\"font-weight: 400;\">Tous les sachets de nicotine blancs<\/span><\/td>\n<\/tr>\n<tr>\n<td><b>Format<\/b><\/td>\n<td><span style=\"font-weight: 400;\">Grandes dimensions<\/span><\/td>\n<\/tr>\n<tr>\n<td><b>Saveur<\/b><\/td>\n<td><span style=\"font-weight: 400;\">Melon<\/span><\/td>\n<\/tr>\n<tr>\n<td><b>Intensit\u00e9 de la nicotine<\/b><\/td>\n<td><span style=\"font-weight: 400;\">12 mg par sachet<\/span><\/td>\n<\/tr>\n<tr>\n<td><b>Poids de la portion<\/b><\/td>\n<td><span style=\"font-weight: 400;\">1,0 gramme<\/span><\/td>\n<\/tr>\n<tr>\n<td><b>Nombre de portions<\/b><\/td>\n<td><span style=\"font-weight: 400;\">20 par bo\u00eete<\/span><\/td>\n<\/tr>\n<tr>\n<td><b>Poids total de la bo\u00eete<\/b><\/td>\n<td><span style=\"font-weight: 400;\">20 grammes<\/span><\/td>\n<\/tr>\n<tr>\n<td><b>Fabricant<\/b><\/td>\n<td><span style=\"font-weight: 400;\">Z!XS International<\/span><\/td>\n<\/tr>\n<tr>\n<td><b>Caract\u00e9ristiques notables<\/b><\/td>\n<td><span style=\"font-weight: 400;\">Sans tabac, grand format, saveur sucr\u00e9e et rafra\u00eechissante de melon<\/span><\/td>\n<\/tr>\n<\/tbody>\n<\/table>","protected":false},"excerpt":{"rendered":"<p>Z!XS <strong data-start=\"5\" data-end=\"19\">Ru\u00e9e vers le melon<\/strong> <strong data-start=\"20\" data-end=\"29\">Grandes dimensions<\/strong> offre un melon sucr\u00e9 et juteux pour un profil fruit\u00e9 et rafra\u00eechissant. L'ar\u00f4me blanc <strong data-start=\"106\" data-end=\"115\">Grandes dimensions<\/strong> sont discr\u00e8tes et confortables. Chaque pochette contient <strong data-start=\"174\" data-end=\"192\">12 mg de nicotine<\/strong>, La mise en place d'un syst\u00e8me d'alerte rapide permet d'obtenir un rel\u00e2chement fort et r\u00e9gulier.<\/p>","protected":false},"featured_media":8332,"comment_status":"open","ping_status":"closed","template":"","format":[206],"meta":{"_acf_changed":false},"product_brand":[],"product_cat":[39],"product_tag":[16561],"flavours":[196],"nicotine":[230,236],"class_list":{"0":"post-8331","1":"product","2":"type-product","3":"status-publish","4":"has-post-thumbnail","6":"product_cat-zxs","7":"product_tag-12-mg-pouch","8":"pa_quantity-1-pack","9":"pa_quantity-10-pack","10":"pa_quantity-3-pack","11":"pa_quantity-30-pack","12":"pa_quantity-5-pack","13":"pa_quantity-60-pack","14":"flavours-fruits-berries","15":"format-slim","16":"nicotine-8-mg-g","17":"nicotine-strong","19":"first","20":"instock","21":"taxable","22":"shipping-taxable","23":"purchasable","24":"product-type-variable"},"acf":[],"_links":{"self":[{"href":"https:\/\/whitelip.com\/fr\/wp-json\/wp\/v2\/product\/8331","targetHints":{"allow":["GET"]}}],"collection":[{"href":"https:\/\/whitelip.com\/fr\/wp-json\/wp\/v2\/product"}],"about":[{"href":"https:\/\/whitelip.com\/fr\/wp-json\/wp\/v2\/types\/product"}],"replies":[{"embeddable":true,"href":"https:\/\/whitelip.com\/fr\/wp-json\/wp\/v2\/comments?post=8331"}],"wp:featuredmedia":[{"embeddable":true,"href":"https:\/\/whitelip.com\/fr\/wp-json\/wp\/v2\/media\/8332"}],"wp:attachment":[{"href":"https:\/\/whitelip.com\/fr\/wp-json\/wp\/v2\/media?parent=8331"}],"wp:term":[{"taxonomy":"product_brand","embeddable":true,"href":"https:\/\/whitelip.com\/fr\/wp-json\/wp\/v2\/product_brand?post=8331"},{"taxonomy":"product_cat","embeddable":true,"href":"https:\/\/whitelip.com\/fr\/wp-json\/wp\/v2\/product_cat?post=8331"},{"taxonomy":"product_tag","embeddable":true,"href":"https:\/\/whitelip.com\/fr\/wp-json\/wp\/v2\/product_tag?post=8331"},{"taxonomy":"flavours","embeddable":true,"href":"https:\/\/whitelip.com\/fr\/wp-json\/wp\/v2\/flavours?post=8331"},{"taxonomy":"format","embeddable":true,"href":"https:\/\/whitelip.com\/fr\/wp-json\/wp\/v2\/format?post=8331"},{"taxonomy":"nicotine","embeddable":true,"href":"https:\/\/whitelip.com\/fr\/wp-json\/wp\/v2\/nicotine?post=8331"}],"curies":[{"name":"wp","href":"https:\/\/api.w.org\/{rel}","templated":true}]}}