{"id":8305,"date":"2024-11-28T12:41:59","date_gmt":"2024-11-28T12:41:59","guid":{"rendered":"https:\/\/whitelip.com\/zyn-spearmint-9mg\/"},"modified":"2026-04-22T10:11:57","modified_gmt":"2026-04-22T10:11:57","slug":"zyn-spearmint-9mg","status":"publish","type":"product","link":"https:\/\/whitelip.com\/fr\/zyn\/zyn-spearmint-9mg\/","title":{"rendered":"ZYN Menthe verte 9mg"},"content":{"rendered":"<h2><b>ZYN Menthe verte 9mg<\/b><\/h2>\n<p><span style=\"font-weight: 400;\">ZYN Spearmint 9mg offre une exp\u00e9rience nicotinique rafra\u00eechissante et revigorante gr\u00e2ce \u00e0 son m\u00e9lange d'ar\u00f4mes de menthe verte et de menthe poivr\u00e9e. Chaque sachet mince, enti\u00e8rement blanc, contient 9 mg de nicotine, ce qui permet une lib\u00e9ration forte mais r\u00e9guli\u00e8re, id\u00e9ale pour ceux qui recherchent un coup de fouet puissant.<\/span><\/p>\n<p><span style=\"font-weight: 400;\">Le format fin assure une tenue discr\u00e8te et confortable sous la l\u00e8vre, permettant une utilisation propre et sans tache \u00e0 tout moment. Fabriqu\u00e9 enti\u00e8rement \u00e0 partir de mat\u00e9riaux v\u00e9g\u00e9taux de haute qualit\u00e9, ZYN Spearmint 9mg offre une alternative nicotinique moderne et agr\u00e9able avec une saveur vibrante et rafra\u00eechissante.<\/span><\/p>\n<table>\n<tbody>\n<tr>\n<td><b>Attribut<\/b><\/td>\n<td><b>D\u00e9tails<\/b><\/td>\n<\/tr>\n<tr>\n<td><span style=\"font-weight: 400;\">Marque<\/span><\/td>\n<td><span style=\"font-weight: 400;\">ZYN<\/span><\/td>\n<\/tr>\n<tr>\n<td><span style=\"font-weight: 400;\">Type de produit<\/span><\/td>\n<td><span style=\"font-weight: 400;\">Tous les sachets de nicotine blancs<\/span><\/td>\n<\/tr>\n<tr>\n<td><span style=\"font-weight: 400;\">Format<\/span><\/td>\n<td><span style=\"font-weight: 400;\">Mince<\/span><\/td>\n<\/tr>\n<tr>\n<td><span style=\"font-weight: 400;\">Saveur<\/span><\/td>\n<td><span style=\"font-weight: 400;\">Menthe Verte et Menthe Poivr\u00e9e<\/span><\/td>\n<\/tr>\n<tr>\n<td><span style=\"font-weight: 400;\">Intensit\u00e9 de la nicotine<\/span><\/td>\n<td><span style=\"font-weight: 400;\">9 mg par sachet<\/span><\/td>\n<\/tr>\n<tr>\n<td><span style=\"font-weight: 400;\">Poids de la portion<\/span><\/td>\n<td><span style=\"font-weight: 400;\">0,7 grammes<\/span><\/td>\n<\/tr>\n<tr>\n<td><span style=\"font-weight: 400;\">Nombre de portions<\/span><\/td>\n<td><span style=\"font-weight: 400;\">21 par bo\u00eete<\/span><\/td>\n<\/tr>\n<tr>\n<td><span style=\"font-weight: 400;\">Poids total de la bo\u00eete<\/span><\/td>\n<td><span style=\"font-weight: 400;\">14,7 grammes<\/span><\/td>\n<\/tr>\n<tr>\n<td><span style=\"font-weight: 400;\">Fabricant<\/span><\/td>\n<td><span style=\"font-weight: 400;\">Swedish Match<\/span><\/td>\n<\/tr>\n<tr>\n<td><span style=\"font-weight: 400;\">Caract\u00e9ristiques notables<\/span><\/td>\n<td><span style=\"font-weight: 400;\">Sans tabac, format slim, saveur menthe rafra\u00eechissante<\/span><\/td>\n<\/tr>\n<\/tbody>\n<\/table>","protected":false},"excerpt":{"rendered":"<p><strong>Nouveau mod\u00e8le ! Pendant la p\u00e9riode de transition, les deux mod\u00e8les peuvent \u00eatre vendus.<\/strong><\/p>\n<p>ZYN <strong data-start=\"4\" data-end=\"17\">Menthe verte<\/strong> <strong data-start=\"18\" data-end=\"26\">mince<\/strong> m\u00e9lange menthe verte et menthe poivr\u00e9e pour un profil rafra\u00eechissant et vivifiant. Chaque sachet contient <strong data-start=\"119\" data-end=\"136\">9 mg de nicotine<\/strong> pour une lib\u00e9ration forte et r\u00e9guli\u00e8re.<\/p>","protected":false},"featured_media":8306,"comment_status":"open","ping_status":"closed","template":"","format":[206],"meta":{"_acf_changed":false},"product_brand":[],"product_cat":[37],"product_tag":[16563],"flavours":[199],"nicotine":[210,232],"class_list":{"0":"post-8305","1":"product","2":"type-product","3":"status-publish","4":"has-post-thumbnail","6":"product_cat-zyn","7":"product_tag-9-mg-pouch","8":"pa_quantity-1-pack","9":"pa_quantity-10-pack","10":"pa_quantity-3-pack","11":"pa_quantity-30-pack","12":"pa_quantity-5-pack","13":"pa_quantity-60-pack","14":"flavours-mint","15":"format-slim","16":"nicotine-13-mg-g","17":"nicotine-extra-strong","19":"first","20":"instock","21":"taxable","22":"shipping-taxable","23":"purchasable","24":"product-type-variable"},"acf":[],"_links":{"self":[{"href":"https:\/\/whitelip.com\/fr\/wp-json\/wp\/v2\/product\/8305","targetHints":{"allow":["GET"]}}],"collection":[{"href":"https:\/\/whitelip.com\/fr\/wp-json\/wp\/v2\/product"}],"about":[{"href":"https:\/\/whitelip.com\/fr\/wp-json\/wp\/v2\/types\/product"}],"replies":[{"embeddable":true,"href":"https:\/\/whitelip.com\/fr\/wp-json\/wp\/v2\/comments?post=8305"}],"wp:featuredmedia":[{"embeddable":true,"href":"https:\/\/whitelip.com\/fr\/wp-json\/wp\/v2\/media\/8306"}],"wp:attachment":[{"href":"https:\/\/whitelip.com\/fr\/wp-json\/wp\/v2\/media?parent=8305"}],"wp:term":[{"taxonomy":"product_brand","embeddable":true,"href":"https:\/\/whitelip.com\/fr\/wp-json\/wp\/v2\/product_brand?post=8305"},{"taxonomy":"product_cat","embeddable":true,"href":"https:\/\/whitelip.com\/fr\/wp-json\/wp\/v2\/product_cat?post=8305"},{"taxonomy":"product_tag","embeddable":true,"href":"https:\/\/whitelip.com\/fr\/wp-json\/wp\/v2\/product_tag?post=8305"},{"taxonomy":"flavours","embeddable":true,"href":"https:\/\/whitelip.com\/fr\/wp-json\/wp\/v2\/flavours?post=8305"},{"taxonomy":"format","embeddable":true,"href":"https:\/\/whitelip.com\/fr\/wp-json\/wp\/v2\/format?post=8305"},{"taxonomy":"nicotine","embeddable":true,"href":"https:\/\/whitelip.com\/fr\/wp-json\/wp\/v2\/nicotine?post=8305"}],"curies":[{"name":"wp","href":"https:\/\/api.w.org\/{rel}","templated":true}]}}