{"id":8296,"date":"2024-12-20T19:39:05","date_gmt":"2024-12-20T19:39:05","guid":{"rendered":"https:\/\/whitelip.com\/velo-sour-lime-mini\/"},"modified":"2026-04-22T10:11:55","modified_gmt":"2026-04-22T10:11:55","slug":"velo-sour-lime-mini","status":"publish","type":"product","link":"https:\/\/whitelip.com\/fr\/velo\/velo-sour-lime-mini\/","title":{"rendered":"VELO Sour Lime Mini"},"content":{"rendered":"<h2><strong>VELO Sour Lime Mini<\/strong><\/h2>\n<p><span style=\"font-weight: 400; font-size: 16px;\">VELO Sour Lime Mini offre une saveur de citron vert vibrante et acidul\u00e9e, parfaitement \u00e9quilibr\u00e9e par des notes subtiles de douceur et un soup\u00e7on d'exotisme. Ces mini-poches de nicotine enti\u00e8rement blanches sont con\u00e7ues pour une utilisation discr\u00e8te et confortable, s'ins\u00e9rant parfaitement sous la l\u00e8vre sans se faire remarquer. Leur taille compacte et leur faible taux de nicotine en font un excellent choix pour les personnes qui recherchent une exp\u00e9rience nicotinique plus douce ou qui d\u00e9couvrent les sachets de nicotine. La surface s\u00e8che des sachets garantit une lib\u00e9ration prolong\u00e9e de l'ar\u00f4me et de la nicotine, pour une exp\u00e9rience satisfaisante et durable. Sans tabac et fabriqu\u00e9 avec des fibres v\u00e9g\u00e9tales de haute qualit\u00e9, VELO Sour Lime Mini offre un coup de fouet rafra\u00eechissant aux agrumes pour ceux qui appr\u00e9cient un profil de saveur vif et revigorant.<\/span><\/p>\n<table>\n<tbody>\n<tr>\n<td><b>Attribut<\/b><\/td>\n<td><b>D\u00e9tails<\/b><\/td>\n<\/tr>\n<tr>\n<td><span style=\"font-weight: 400;\">Marque<\/span><\/td>\n<td><span style=\"font-weight: 400;\">v\u00e9lo<\/span><\/td>\n<\/tr>\n<tr>\n<td><span style=\"font-weight: 400;\">Type de produit<\/span><\/td>\n<td><span style=\"font-weight: 400;\">Tous les sachets de nicotine blancs<\/span><\/td>\n<\/tr>\n<tr>\n<td><span style=\"font-weight: 400;\">Format<\/span><\/td>\n<td><span style=\"font-weight: 400;\">Mini<\/span><\/td>\n<\/tr>\n<tr>\n<td><span style=\"font-weight: 400;\">Saveur<\/span><\/td>\n<td><span style=\"font-weight: 400;\">Citron vert avec des nuances douces et exotiques subtiles<\/span><\/td>\n<\/tr>\n<tr>\n<td><span style=\"font-weight: 400;\">Intensit\u00e9 de la nicotine<\/span><\/td>\n<td><span style=\"font-weight: 400;\">8 mg\/g (4 mg par sachet)<\/span><\/td>\n<\/tr>\n<tr>\n<td><span style=\"font-weight: 400;\">Poids de la portion<\/span><\/td>\n<td><span style=\"font-weight: 400;\">0,5 grammes<\/span><\/td>\n<\/tr>\n<tr>\n<td><span style=\"font-weight: 400;\">Nombre de portions<\/span><\/td>\n<td><span style=\"font-weight: 400;\">20 par bo\u00eete<\/span><\/td>\n<\/tr>\n<tr>\n<td><span style=\"font-weight: 400;\">Poids total de la bo\u00eete<\/span><\/td>\n<td><span style=\"font-weight: 400;\">10 grammes<\/span><\/td>\n<\/tr>\n<tr>\n<td><span style=\"font-weight: 400;\">Fabricant<\/span><\/td>\n<td><span style=\"font-weight: 400;\">BAT<\/span><\/td>\n<\/tr>\n<tr>\n<td><span style=\"font-weight: 400;\">Caract\u00e9ristiques notables<\/span><\/td>\n<td><span style=\"font-weight: 400;\">Sans tabac, portions mini discr\u00e8tes, lib\u00e9ration prolong\u00e9e de saveur, adapt\u00e9 aux nouveaux utilisateurs<\/span><\/td>\n<\/tr>\n<\/tbody>\n<\/table>","protected":false},"excerpt":{"rendered":"<p>Les mini-pochettes de nicotine VELO Sour Lime offrent un go\u00fbt vibrant et acidul\u00e9. <strong data-start=\"62\" data-end=\"75\">Citron vert acide<\/strong> Le go\u00fbt de l'orange est tr\u00e8s agr\u00e9able, avec une douceur subtile et des notes exotiques. Mini, <strong data-start=\"129\" data-end=\"137\">mince<\/strong>, Le format enti\u00e8rement blanc permet une utilisation discr\u00e8te et confortable avec une lib\u00e9ration prolong\u00e9e et propre. Chaque sachet contient <strong data-start=\"239\" data-end=\"256\">4 mg de nicotine<\/strong>.<\/p>","protected":false},"featured_media":8297,"comment_status":"open","ping_status":"closed","template":"","format":[205],"meta":{"_acf_changed":false},"product_brand":[],"product_cat":[48],"product_tag":[16585],"flavours":[190],"nicotine":[230,236],"class_list":{"0":"post-8296","1":"product","2":"type-product","3":"status-publish","4":"has-post-thumbnail","6":"product_cat-velo","7":"product_tag-4-mg-pouch","8":"pa_quantity-1-pack","9":"pa_quantity-10-pack","10":"pa_quantity-3-pack","11":"pa_quantity-30-pack","12":"pa_quantity-5-pack","13":"pa_quantity-60-pack","14":"flavours-citrus","15":"format-mini","16":"nicotine-8-mg-g","17":"nicotine-strong","19":"first","20":"outofstock","21":"taxable","22":"shipping-taxable","23":"purchasable","24":"product-type-variable"},"acf":[],"_links":{"self":[{"href":"https:\/\/whitelip.com\/fr\/wp-json\/wp\/v2\/product\/8296","targetHints":{"allow":["GET"]}}],"collection":[{"href":"https:\/\/whitelip.com\/fr\/wp-json\/wp\/v2\/product"}],"about":[{"href":"https:\/\/whitelip.com\/fr\/wp-json\/wp\/v2\/types\/product"}],"replies":[{"embeddable":true,"href":"https:\/\/whitelip.com\/fr\/wp-json\/wp\/v2\/comments?post=8296"}],"wp:featuredmedia":[{"embeddable":true,"href":"https:\/\/whitelip.com\/fr\/wp-json\/wp\/v2\/media\/8297"}],"wp:attachment":[{"href":"https:\/\/whitelip.com\/fr\/wp-json\/wp\/v2\/media?parent=8296"}],"wp:term":[{"taxonomy":"product_brand","embeddable":true,"href":"https:\/\/whitelip.com\/fr\/wp-json\/wp\/v2\/product_brand?post=8296"},{"taxonomy":"product_cat","embeddable":true,"href":"https:\/\/whitelip.com\/fr\/wp-json\/wp\/v2\/product_cat?post=8296"},{"taxonomy":"product_tag","embeddable":true,"href":"https:\/\/whitelip.com\/fr\/wp-json\/wp\/v2\/product_tag?post=8296"},{"taxonomy":"flavours","embeddable":true,"href":"https:\/\/whitelip.com\/fr\/wp-json\/wp\/v2\/flavours?post=8296"},{"taxonomy":"format","embeddable":true,"href":"https:\/\/whitelip.com\/fr\/wp-json\/wp\/v2\/format?post=8296"},{"taxonomy":"nicotine","embeddable":true,"href":"https:\/\/whitelip.com\/fr\/wp-json\/wp\/v2\/nicotine?post=8296"}],"curies":[{"name":"wp","href":"https:\/\/api.w.org\/{rel}","templated":true}]}}