{"id":8294,"date":"2024-11-28T12:41:35","date_gmt":"2024-11-28T12:41:35","guid":{"rendered":"https:\/\/whitelip.com\/cuba-white-cola\/"},"modified":"2026-04-21T10:11:26","modified_gmt":"2026-04-21T10:11:26","slug":"cuba-white-cola","status":"publish","type":"product","link":"https:\/\/whitelip.com\/fr\/cuba\/cuba-white-cola\/","title":{"rendered":"CUBA White Cola"},"content":{"rendered":"<h2><b>CUBA White Cola<\/b><\/h2>\n<p><span style=\"font-weight: 400;\">Les sachets de nicotine CUBA White Cola offrent une saveur rafra\u00eechissante de cola combin\u00e9e \u00e0 une concentration de nicotine de 16 mg par sachet, offrant une exp\u00e9rience \u00e9quilibr\u00e9e et satisfaisante. Chaque bo\u00eete contient 20 sachets au format slim, con\u00e7us pour un ajustement confortable et discret sous la l\u00e8vre. Les sachets sont sans tabac et utilisent une teneur en humidit\u00e9 moyenne pour faciliter l'absorption rapide de la nicotine et de la saveur, vous permettant de profiter de l'essence audacieuse du cola jusqu'\u00e0 40 minutes.<\/span><\/p>\n<table>\n<tbody>\n<tr>\n<td><b>Attribut<\/b><\/td>\n<td><b>D\u00e9tails<\/b><\/td>\n<\/tr>\n<tr>\n<td><b>Contenu par bo\u00eete<\/b><\/td>\n<td><span style=\"font-weight: 400;\">13g (20 sachets)<\/span><\/td>\n<\/tr>\n<tr>\n<td><b>Teneur en nicotine<\/b><\/td>\n<td><span style=\"font-weight: 400;\">16 mg\/g (16 mg par sachet)<\/span><\/td>\n<\/tr>\n<tr>\n<td><b>Format de la pochette<\/b><\/td>\n<td><span style=\"font-weight: 400;\">Mince<\/span><\/td>\n<\/tr>\n<tr>\n<td><b>Producteur<\/b><\/td>\n<td><span style=\"font-weight: 400;\">CUBA<\/span><\/td>\n<\/tr>\n<tr>\n<td><b>Saveur<\/b><\/td>\n<td><span style=\"font-weight: 400;\">Cola<\/span><\/td>\n<\/tr>\n<tr>\n<td><b>Taper<\/b><\/td>\n<td><span style=\"font-weight: 400;\">Pochette toute blanche<\/span><\/td>\n<\/tr>\n<\/tbody>\n<\/table>","protected":false},"excerpt":{"rendered":"<p>Rafra\u00eechissant <strong data-start=\"11\" data-end=\"19\">cola<\/strong> avec un go\u00fbt net et audacieux. Le <strong data-start=\"50\" data-end=\"58\">mince<\/strong> les sachets se positionnent discr\u00e8tement et confortablement sous la l\u00e8vre et utilisent un niveau d'humidit\u00e9 moyen pour une lib\u00e9ration rapide de la saveur et de la nicotine. Chaque sachet contient <strong data-start=\"203\" data-end=\"231\">16 mg de nicotine par sachet<\/strong>, sans tabac et durant jusqu'\u00e0 40 minutes. Chaque bo\u00eete contient 20 sachets.<\/p>","protected":false},"featured_media":8295,"comment_status":"open","ping_status":"closed","template":"","format":[206],"meta":{"_acf_changed":false},"product_brand":[],"product_cat":[46],"product_tag":[16569],"flavours":[193],"nicotine":[213,232],"class_list":{"0":"post-8294","1":"product","2":"type-product","3":"status-publish","4":"has-post-thumbnail","6":"product_cat-cuba","7":"product_tag-16-mg-pouch","8":"pa_quantity-1-pack","9":"pa_quantity-10-pack","10":"pa_quantity-3-pack","11":"pa_quantity-30-pack","12":"pa_quantity-5-pack","13":"pa_quantity-60-pack","14":"flavours-cola","15":"format-slim","16":"nicotine-16-mg-g","17":"nicotine-extra-strong","19":"first","20":"outofstock","21":"taxable","22":"shipping-taxable","23":"purchasable","24":"product-type-variable"},"acf":[],"_links":{"self":[{"href":"https:\/\/whitelip.com\/fr\/wp-json\/wp\/v2\/product\/8294","targetHints":{"allow":["GET"]}}],"collection":[{"href":"https:\/\/whitelip.com\/fr\/wp-json\/wp\/v2\/product"}],"about":[{"href":"https:\/\/whitelip.com\/fr\/wp-json\/wp\/v2\/types\/product"}],"replies":[{"embeddable":true,"href":"https:\/\/whitelip.com\/fr\/wp-json\/wp\/v2\/comments?post=8294"}],"wp:featuredmedia":[{"embeddable":true,"href":"https:\/\/whitelip.com\/fr\/wp-json\/wp\/v2\/media\/8295"}],"wp:attachment":[{"href":"https:\/\/whitelip.com\/fr\/wp-json\/wp\/v2\/media?parent=8294"}],"wp:term":[{"taxonomy":"product_brand","embeddable":true,"href":"https:\/\/whitelip.com\/fr\/wp-json\/wp\/v2\/product_brand?post=8294"},{"taxonomy":"product_cat","embeddable":true,"href":"https:\/\/whitelip.com\/fr\/wp-json\/wp\/v2\/product_cat?post=8294"},{"taxonomy":"product_tag","embeddable":true,"href":"https:\/\/whitelip.com\/fr\/wp-json\/wp\/v2\/product_tag?post=8294"},{"taxonomy":"flavours","embeddable":true,"href":"https:\/\/whitelip.com\/fr\/wp-json\/wp\/v2\/flavours?post=8294"},{"taxonomy":"format","embeddable":true,"href":"https:\/\/whitelip.com\/fr\/wp-json\/wp\/v2\/format?post=8294"},{"taxonomy":"nicotine","embeddable":true,"href":"https:\/\/whitelip.com\/fr\/wp-json\/wp\/v2\/nicotine?post=8294"}],"curies":[{"name":"wp","href":"https:\/\/api.w.org\/{rel}","templated":true}]}}