{"id":8292,"date":"2024-11-28T12:41:35","date_gmt":"2024-11-28T12:41:35","guid":{"rendered":"https:\/\/whitelip.com\/cuba-white-forest-berries\/"},"modified":"2026-05-11T10:11:28","modified_gmt":"2026-05-11T10:11:28","slug":"cuba-white-forest-berries","status":"publish","type":"product","link":"https:\/\/whitelip.com\/fr\/cuba\/cuba-white-forest-berries\/","title":{"rendered":"CUBA Baies foresti\u00e8res blanches"},"content":{"rendered":"<h2><b>CUBA Baies foresti\u00e8res blanches<\/b><\/h2>\n<p><span style=\"font-weight: 400;\">Les sachets de nicotine CUBA White Forest Berries offrent une d\u00e9licieuse fusion de baies foresti\u00e8res sucr\u00e9es, offrant une exp\u00e9rience gustative rafra\u00eechissante et satisfaisante. Chaque sachet fin, enti\u00e8rement blanc, contient 16 mg de nicotine, procurant une sensation forte adapt\u00e9e aux utilisateurs exp\u00e9riment\u00e9s. Le design discret assure une tenue confortable sous la l\u00e8vre, permettant une utilisation \u00e0 tout moment sans tacher les dents. Fabriqu\u00e9s par CUBA, un fabricant polonais connu pour allier m\u00e9thodes contemporaines et qualit\u00e9 traditionnelle, ces sachets illustrent des normes \u00e9lev\u00e9es et des combinaisons d'ar\u00f4mes innovantes.<\/span><\/p>\n<table>\n<tbody>\n<tr>\n<td><b>Attribut<\/b><\/td>\n<td><b>D\u00e9tails<\/b><\/td>\n<\/tr>\n<tr>\n<td><b>Contenu par bo\u00eete<\/b><\/td>\n<td><span style=\"font-weight: 400;\">13g (20 sachets)<\/span><\/td>\n<\/tr>\n<tr>\n<td><b>Teneur en nicotine<\/b><\/td>\n<td><span style=\"font-weight: 400;\">16 mg\/g (16 mg par sachet)<\/span><\/td>\n<\/tr>\n<tr>\n<td><b>Format de la pochette<\/b><\/td>\n<td><span style=\"font-weight: 400;\">Mince<\/span><\/td>\n<\/tr>\n<tr>\n<td><b>Producteur<\/b><\/td>\n<td><span style=\"font-weight: 400;\">CUBA<\/span><\/td>\n<\/tr>\n<tr>\n<td><b>Saveur<\/b><\/td>\n<td><span style=\"font-weight: 400;\">Baies des bois<\/span><\/td>\n<\/tr>\n<tr>\n<td><b>Taper<\/b><\/td>\n<td><span style=\"font-weight: 400;\">Pochette toute blanche<\/span><\/td>\n<\/tr>\n<\/tbody>\n<\/table>\n<p>\u00a0<\/p>","protected":false},"excerpt":{"rendered":"<p>Douceur <strong data-start=\"6\" data-end=\"24\">baies des for\u00eats<\/strong> pour un go\u00fbt rafra\u00eechissant et satisfaisant. Les <strong data-start=\"65\" data-end=\"84\">mince, <\/strong>Les sachets enti\u00e8rement blancs se placent discr\u00e8tement et confortablement sous la l\u00e8vre pour une utilisation propre, \u00e0 tout moment. Chaque sachet contient <strong data-start=\"182\" data-end=\"210\">16 mg de nicotine par sachet<\/strong>, Le logiciel CUBA a \u00e9t\u00e9 con\u00e7u pour r\u00e9pondre aux besoins des utilisateurs exp\u00e9riment\u00e9s de CUBA.<\/p>","protected":false},"featured_media":8293,"comment_status":"open","ping_status":"closed","template":"","format":[206],"meta":{"_acf_changed":false},"product_brand":[],"product_cat":[46],"product_tag":[16569],"flavours":[196],"nicotine":[213,232],"class_list":{"0":"post-8292","1":"product","2":"type-product","3":"status-publish","4":"has-post-thumbnail","6":"product_cat-cuba","7":"product_tag-16-mg-pouch","8":"pa_quantity-1-pack","9":"pa_quantity-10-pack","10":"pa_quantity-3-pack","11":"pa_quantity-30-pack","12":"pa_quantity-5-pack","13":"pa_quantity-60-pack","14":"flavours-fruits-berries","15":"format-slim","16":"nicotine-16-mg-g","17":"nicotine-extra-strong","19":"first","20":"outofstock","21":"taxable","22":"shipping-taxable","23":"purchasable","24":"product-type-variable"},"acf":[],"_links":{"self":[{"href":"https:\/\/whitelip.com\/fr\/wp-json\/wp\/v2\/product\/8292","targetHints":{"allow":["GET"]}}],"collection":[{"href":"https:\/\/whitelip.com\/fr\/wp-json\/wp\/v2\/product"}],"about":[{"href":"https:\/\/whitelip.com\/fr\/wp-json\/wp\/v2\/types\/product"}],"replies":[{"embeddable":true,"href":"https:\/\/whitelip.com\/fr\/wp-json\/wp\/v2\/comments?post=8292"}],"wp:featuredmedia":[{"embeddable":true,"href":"https:\/\/whitelip.com\/fr\/wp-json\/wp\/v2\/media\/8293"}],"wp:attachment":[{"href":"https:\/\/whitelip.com\/fr\/wp-json\/wp\/v2\/media?parent=8292"}],"wp:term":[{"taxonomy":"product_brand","embeddable":true,"href":"https:\/\/whitelip.com\/fr\/wp-json\/wp\/v2\/product_brand?post=8292"},{"taxonomy":"product_cat","embeddable":true,"href":"https:\/\/whitelip.com\/fr\/wp-json\/wp\/v2\/product_cat?post=8292"},{"taxonomy":"product_tag","embeddable":true,"href":"https:\/\/whitelip.com\/fr\/wp-json\/wp\/v2\/product_tag?post=8292"},{"taxonomy":"flavours","embeddable":true,"href":"https:\/\/whitelip.com\/fr\/wp-json\/wp\/v2\/flavours?post=8292"},{"taxonomy":"format","embeddable":true,"href":"https:\/\/whitelip.com\/fr\/wp-json\/wp\/v2\/format?post=8292"},{"taxonomy":"nicotine","embeddable":true,"href":"https:\/\/whitelip.com\/fr\/wp-json\/wp\/v2\/nicotine?post=8292"}],"curies":[{"name":"wp","href":"https:\/\/api.w.org\/{rel}","templated":true}]}}