{"id":8288,"date":"2024-11-28T12:41:35","date_gmt":"2024-11-28T12:41:35","guid":{"rendered":"https:\/\/whitelip.com\/cuba-black-jogurt\/"},"modified":"2026-04-28T10:11:18","modified_gmt":"2026-04-28T10:11:18","slug":"cuba-black-jogurt","status":"publish","type":"product","link":"https:\/\/whitelip.com\/fr\/cuba\/cuba-black-jogurt\/","title":{"rendered":"Jogurt noir de CUBA"},"content":{"rendered":"<h2><b>Jogurt noir de CUBA<\/b><\/h2>\n<p><span style=\"font-weight: 400;\">Les sachets de nicotine CUBA Black Jogurt offrent un m\u00e9lange unique d'ar\u00f4mes de yaourt cr\u00e9meux et de fraise sucr\u00e9e, pour une exp\u00e9rience gustative riche et satisfaisante. Chaque sachet fin, enti\u00e8rement blanc, contient 43 mg de nicotine, procurant une sensation forte adapt\u00e9e aux utilisateurs exp\u00e9riment\u00e9s. Les sachets de couleur noire sont con\u00e7us pour \u00eatre discrets et ne pas tacher les dents. Chaque bo\u00eete contient 20 sachets, ce qui permet de disposer d'une quantit\u00e9 suffisante pour votre plaisir. Fabriqu\u00e9s par CUBA, un fabricant polonais connu pour allier m\u00e9thodes contemporaines et qualit\u00e9 traditionnelle, ces sachets illustrent des normes \u00e9lev\u00e9es et des combinaisons d'ar\u00f4mes innovantes.<\/span><\/p>\n<table>\n<tbody>\n<tr>\n<td><b>Attribut<\/b><\/td>\n<td><b>D\u00e9tails<\/b><\/td>\n<\/tr>\n<tr>\n<td><b>Contenu par bo\u00eete<\/b><\/td>\n<td><span style=\"font-weight: 400;\">13g (20 sachets)<\/span><\/td>\n<\/tr>\n<tr>\n<td><b>Teneur en nicotine<\/b><\/td>\n<td><span style=\"font-weight: 400;\">43 mg\/g (43 mg par sachet)<\/span><\/td>\n<\/tr>\n<tr>\n<td><b>Format de la pochette<\/b><\/td>\n<td><span style=\"font-weight: 400;\">Mince<\/span><\/td>\n<\/tr>\n<tr>\n<td><b>Producteur<\/b><\/td>\n<td><span style=\"font-weight: 400;\">CUBA<\/span><\/td>\n<\/tr>\n<tr>\n<td><b>Saveur<\/b><\/td>\n<td><span style=\"font-weight: 400;\">Yaourt et fraise<\/span><\/td>\n<\/tr>\n<tr>\n<td><b>Taper<\/b><\/td>\n<td><span style=\"font-weight: 400;\">Pochette toute blanche<\/span><\/td>\n<\/tr>\n<\/tbody>\n<\/table>\n<p>\u00a0<\/p>","protected":false},"excerpt":{"rendered":"<p>Cr\u00e9meux <strong data-start=\"7\" data-end=\"39\">yaourt <\/strong>avec des produits sucr\u00e9s <strong>fraise<\/strong> pour un profil riche, semblable \u00e0 celui d'un dessert. Les <strong data-start=\"78\" data-end=\"93\">mince, <\/strong>Les sachets noirs se placent discr\u00e8tement sous la l\u00e8vre et ne tachent pas les dents. Chaque sachet contient <strong data-start=\"174\" data-end=\"202\">43 mg de nicotine par sachet<\/strong>, CUBA est une marque de tabac qui offre un kick fort et satisfaisant pour les utilisateurs exp\u00e9riment\u00e9s. Chaque bo\u00eete contient 20 sachets, fabriqu\u00e9s par CUBA selon des normes de qualit\u00e9 sup\u00e9rieure et sans tabac.<\/p>","protected":false},"featured_media":8289,"comment_status":"open","ping_status":"closed","template":"","format":[206],"meta":{"_acf_changed":false},"product_brand":[],"product_cat":[46],"product_tag":[16567],"flavours":[196],"nicotine":[227,233],"class_list":{"0":"post-8288","1":"product","2":"type-product","3":"status-publish","4":"has-post-thumbnail","6":"product_cat-cuba","7":"product_tag-43-mg-pouch","8":"pa_quantity-1-pack","9":"pa_quantity-10-pack","10":"pa_quantity-3-pack","11":"pa_quantity-30-pack","12":"pa_quantity-5-pack","13":"pa_quantity-60-pack","14":"flavours-fruits-berries","15":"format-slim","16":"nicotine-43-mg-g","17":"nicotine-extreme","19":"first","20":"outofstock","21":"taxable","22":"shipping-taxable","23":"purchasable","24":"product-type-variable"},"acf":[],"_links":{"self":[{"href":"https:\/\/whitelip.com\/fr\/wp-json\/wp\/v2\/product\/8288","targetHints":{"allow":["GET"]}}],"collection":[{"href":"https:\/\/whitelip.com\/fr\/wp-json\/wp\/v2\/product"}],"about":[{"href":"https:\/\/whitelip.com\/fr\/wp-json\/wp\/v2\/types\/product"}],"replies":[{"embeddable":true,"href":"https:\/\/whitelip.com\/fr\/wp-json\/wp\/v2\/comments?post=8288"}],"wp:featuredmedia":[{"embeddable":true,"href":"https:\/\/whitelip.com\/fr\/wp-json\/wp\/v2\/media\/8289"}],"wp:attachment":[{"href":"https:\/\/whitelip.com\/fr\/wp-json\/wp\/v2\/media?parent=8288"}],"wp:term":[{"taxonomy":"product_brand","embeddable":true,"href":"https:\/\/whitelip.com\/fr\/wp-json\/wp\/v2\/product_brand?post=8288"},{"taxonomy":"product_cat","embeddable":true,"href":"https:\/\/whitelip.com\/fr\/wp-json\/wp\/v2\/product_cat?post=8288"},{"taxonomy":"product_tag","embeddable":true,"href":"https:\/\/whitelip.com\/fr\/wp-json\/wp\/v2\/product_tag?post=8288"},{"taxonomy":"flavours","embeddable":true,"href":"https:\/\/whitelip.com\/fr\/wp-json\/wp\/v2\/flavours?post=8288"},{"taxonomy":"format","embeddable":true,"href":"https:\/\/whitelip.com\/fr\/wp-json\/wp\/v2\/format?post=8288"},{"taxonomy":"nicotine","embeddable":true,"href":"https:\/\/whitelip.com\/fr\/wp-json\/wp\/v2\/nicotine?post=8288"}],"curies":[{"name":"wp","href":"https:\/\/api.w.org\/{rel}","templated":true}]}}