{"id":8284,"date":"2024-11-28T12:41:34","date_gmt":"2024-11-28T12:41:34","guid":{"rendered":"https:\/\/whitelip.com\/zxs-cola-buzz-slim\/"},"modified":"2026-04-21T13:48:01","modified_gmt":"2026-04-21T13:48:01","slug":"zxs-cola-buzz-slim","status":"publish","type":"product","link":"https:\/\/whitelip.com\/fr\/zxs\/zxs-cola-buzz-slim\/","title":{"rendered":"Z!XS Cola Buzz Slim"},"content":{"rendered":"<h2><b>Z!XS Cola Buzz Slim<\/b><\/h2>\n<p><span style=\"font-weight: 400;\">Z!XS Cola Buzz Slim d\u00e9livre une <\/span><b>go\u00fbt classique de cola<\/b><span style=\"font-weight: 400;\"> avec un subtil soup\u00e7on de p\u00e9tillant, offrant une exp\u00e9rience nicotinique nostalgique et rafra\u00eechissante. La combinaison de notes sucr\u00e9es et acidul\u00e9es capture l'essence d'une boisson au cola p\u00e9tillante, ce qui la rend parfaite pour les utilisateurs qui appr\u00e9cient un profil de saveur ludique mais \u00e9quilibr\u00e9. Chaque sachet mince, enti\u00e8rement blanc, contient <\/span><b>10 mg de nicotine<\/b><span style=\"font-weight: 400;\">, L'utilisation d'un syst\u00e8me d'ouverture \u00e0 l'aide d'une cl\u00e9 de contact permet un d\u00e9clenchement fort et r\u00e9gulier pour une utilisation satisfaisante.<\/span><\/p>\n<p><span style=\"font-weight: 400;\">Le format mince assure une tenue discr\u00e8te et confortable sous la l\u00e8vre, permettant un plaisir propre et sans tache o\u00f9 que vous soyez. Enti\u00e8rement sans tabac et fabriqu\u00e9e \u00e0 partir de mat\u00e9riaux v\u00e9g\u00e9taux de haute qualit\u00e9, Z!XS Cola Buzz Slim offre une alternative nicotinique moderne et savoureuse avec une touche de cola intemporelle.<\/span><\/p>\n<table>\n<tbody>\n<tr>\n<td><b>Attribut<\/b><\/td>\n<td><b>D\u00e9tails<\/b><\/td>\n<\/tr>\n<tr>\n<td><b>Marque<\/b><\/td>\n<td><span style=\"font-weight: 400;\">Z!XS<\/span><\/td>\n<\/tr>\n<tr>\n<td><b>Type de produit<\/b><\/td>\n<td><span style=\"font-weight: 400;\">Tous les sachets de nicotine blancs<\/span><\/td>\n<\/tr>\n<tr>\n<td><b>Format<\/b><\/td>\n<td><span style=\"font-weight: 400;\">Mince<\/span><\/td>\n<\/tr>\n<tr>\n<td><b>Saveur<\/b><\/td>\n<td><span style=\"font-weight: 400;\">Cola<\/span><\/td>\n<\/tr>\n<tr>\n<td><b>Intensit\u00e9 de la nicotine<\/b><\/td>\n<td><span style=\"font-weight: 400;\">10 mg par sachet<\/span><\/td>\n<\/tr>\n<tr>\n<td><b>Poids de la portion<\/b><\/td>\n<td><span style=\"font-weight: 400;\">0,7 grammes<\/span><\/td>\n<\/tr>\n<tr>\n<td><b>Nombre de portions<\/b><\/td>\n<td><span style=\"font-weight: 400;\">20 par bo\u00eete<\/span><\/td>\n<\/tr>\n<tr>\n<td><b>Poids total de la bo\u00eete<\/b><\/td>\n<td><span style=\"font-weight: 400;\">14 grammes<\/span><\/td>\n<\/tr>\n<tr>\n<td><b>Fabricant<\/b><\/td>\n<td><span style=\"font-weight: 400;\">Z!XS International<\/span><\/td>\n<\/tr>\n<tr>\n<td><b>Caract\u00e9ristiques notables<\/b><\/td>\n<td><span style=\"font-weight: 400;\">Sans tabac, format slim, saveur classique de cola avec une touche p\u00e9tillante<\/span><\/td>\n<\/tr>\n<\/tbody>\n<\/table>","protected":false},"excerpt":{"rendered":"<div id=\"tw-container\" class=\"YQaNob\" data-cp=\"1\" data-is-ver=\"false\" data-nnttsvi=\"1\" data-sm=\"1\" data-sugg-time=\"500\" data-sugg-url=\"https:\/\/clients1.google.com\/complete\/search\" data-uilc=\"sv\">\n<div id=\"tw-ob\" class=\"tw-src-ltr\">\n<div class=\"oSioSc\">\n<div id=\"tw-target\">\n<div id=\"kAz1tf\" class=\"g9WsWb\">\n<div id=\"tw-target-text-container\" class=\"tw-ta-container F0azHf tw-nfl\">\n<div id=\"tw-container\" class=\"YQaNob\" data-cp=\"1\" data-is-ver=\"false\" data-nnttsvi=\"1\" data-sm=\"1\" data-sugg-time=\"500\" data-sugg-url=\"https:\/\/clients1.google.com\/complete\/search\" data-uilc=\"sv\">\n<div id=\"tw-ob\" class=\"tw-src-ltr\">\n<div class=\"oSioSc\">\n<div id=\"tw-target\">\n<div id=\"kAz1tf\" class=\"g9WsWb\">\n<div id=\"tw-target-text-container\" class=\"tw-ta-container F0azHf tw-nfl\">\n<p>Z!XS <strong data-start=\"5\" data-end=\"18\">Cola Buzz<\/strong> <strong data-start=\"19\" data-end=\"27\">mince<\/strong> offre un cola classique avec un p\u00e9tillement subtil pour un profil nostalgique et rafra\u00eechissant. Les sachets enti\u00e8rement blancs sont discrets et confortables. Chaque sachet contient <strong data-start=\"178\" data-end=\"196\">10 mg de nicotine<\/strong> pour une lib\u00e9ration forte et r\u00e9guli\u00e8re.<\/p>\n<\/div>\n<\/div>\n<\/div>\n<\/div>\n<\/div>\n<\/div>\n<\/div>\n<\/div>\n<\/div>\n<\/div>\n<\/div>\n<\/div>","protected":false},"featured_media":8285,"comment_status":"open","ping_status":"closed","template":"","format":[206],"meta":{"_acf_changed":false},"product_brand":[],"product_cat":[39],"product_tag":[16587],"flavours":[193],"nicotine":[213,232],"class_list":{"0":"post-8284","1":"product","2":"type-product","3":"status-publish","4":"has-post-thumbnail","6":"product_cat-zxs","7":"product_tag-10-mg-pouch","8":"pa_quantity-1-pack","9":"pa_quantity-10-pack","10":"pa_quantity-3-pack","11":"pa_quantity-30-pack","12":"pa_quantity-5-pack","13":"pa_quantity-60-pack","14":"flavours-cola","15":"format-slim","16":"nicotine-16-mg-g","17":"nicotine-extra-strong","19":"first","20":"instock","21":"taxable","22":"shipping-taxable","23":"purchasable","24":"product-type-variable"},"acf":[],"_links":{"self":[{"href":"https:\/\/whitelip.com\/fr\/wp-json\/wp\/v2\/product\/8284","targetHints":{"allow":["GET"]}}],"collection":[{"href":"https:\/\/whitelip.com\/fr\/wp-json\/wp\/v2\/product"}],"about":[{"href":"https:\/\/whitelip.com\/fr\/wp-json\/wp\/v2\/types\/product"}],"replies":[{"embeddable":true,"href":"https:\/\/whitelip.com\/fr\/wp-json\/wp\/v2\/comments?post=8284"}],"wp:featuredmedia":[{"embeddable":true,"href":"https:\/\/whitelip.com\/fr\/wp-json\/wp\/v2\/media\/8285"}],"wp:attachment":[{"href":"https:\/\/whitelip.com\/fr\/wp-json\/wp\/v2\/media?parent=8284"}],"wp:term":[{"taxonomy":"product_brand","embeddable":true,"href":"https:\/\/whitelip.com\/fr\/wp-json\/wp\/v2\/product_brand?post=8284"},{"taxonomy":"product_cat","embeddable":true,"href":"https:\/\/whitelip.com\/fr\/wp-json\/wp\/v2\/product_cat?post=8284"},{"taxonomy":"product_tag","embeddable":true,"href":"https:\/\/whitelip.com\/fr\/wp-json\/wp\/v2\/product_tag?post=8284"},{"taxonomy":"flavours","embeddable":true,"href":"https:\/\/whitelip.com\/fr\/wp-json\/wp\/v2\/flavours?post=8284"},{"taxonomy":"format","embeddable":true,"href":"https:\/\/whitelip.com\/fr\/wp-json\/wp\/v2\/format?post=8284"},{"taxonomy":"nicotine","embeddable":true,"href":"https:\/\/whitelip.com\/fr\/wp-json\/wp\/v2\/nicotine?post=8284"}],"curies":[{"name":"wp","href":"https:\/\/api.w.org\/{rel}","templated":true}]}}