{"id":8278,"date":"2024-11-28T12:41:10","date_gmt":"2024-11-28T12:41:10","guid":{"rendered":"https:\/\/whitelip.com\/cuba-black-ice-spearmint\/"},"modified":"2026-05-16T10:10:42","modified_gmt":"2026-05-16T10:10:42","slug":"cuba-black-ice-spearmint","status":"publish","type":"product","link":"https:\/\/whitelip.com\/fr\/cuba\/cuba-black-ice-spearmint\/","title":{"rendered":"CUBA Black Ice Menthe verte"},"content":{"rendered":"<h2><b>CUBA Black Ice Menthe verte<\/b><\/h2>\n<p><span style=\"font-weight: 400;\">Les sachets de nicotine CUBA Black Ice Spearmint offrent une saveur rafra\u00eechissante de menthe verte combin\u00e9e \u00e0 une puissante teneur en nicotine de 43 mg par sachet, pour une exp\u00e9rience forte et revigorante. Chaque sachet fin, enti\u00e8rement blanc, est con\u00e7u pour la discr\u00e9tion et le confort, garantissant une exp\u00e9rience qui ne laisse pas de traces. Les sachets de couleur noire ajoutent une esth\u00e9tique \u00e9l\u00e9gante \u00e0 votre plaisir de la nicotine. Chaque bo\u00eete contient 20 sachets, ce qui permet de r\u00e9pondre \u00e0 tous vos besoins. Fabriqu\u00e9s par CUBA, un fabricant polonais connu pour allier m\u00e9thodes contemporaines et qualit\u00e9 traditionnelle, ces sachets illustrent des normes \u00e9lev\u00e9es et des combinaisons d'ar\u00f4mes innovantes.<\/span><\/p>\n<table>\n<tbody>\n<tr>\n<td><b>Attribut<\/b><\/td>\n<td><b>D\u00e9tails<\/b><\/td>\n<\/tr>\n<tr>\n<td><b>Contenu par bo\u00eete<\/b><\/td>\n<td><span style=\"font-weight: 400;\">13g (20 sachets)<\/span><\/td>\n<\/tr>\n<tr>\n<td><b>Teneur en nicotine<\/b><\/td>\n<td><span style=\"font-weight: 400;\">43 mg\/g (43 mg par sachet)<\/span><\/td>\n<\/tr>\n<tr>\n<td><b>Format de la pochette<\/b><\/td>\n<td><span style=\"font-weight: 400;\">Mince<\/span><\/td>\n<\/tr>\n<tr>\n<td><b>Producteur<\/b><\/td>\n<td><span style=\"font-weight: 400;\">CUBA<\/span><\/td>\n<\/tr>\n<tr>\n<td><b>Saveur<\/b><\/td>\n<td><span style=\"font-weight: 400;\">Menthe verte<\/span><\/td>\n<\/tr>\n<tr>\n<td><b>Taper<\/b><\/td>\n<td><span style=\"font-weight: 400;\">Pochette toute blanche<\/span><\/td>\n<\/tr>\n<\/tbody>\n<\/table>\n<p>\u00a0<\/p>","protected":false},"excerpt":{"rendered":"<p>Rafra\u00eechissant <strong data-start=\"11\" data-end=\"41\">menthe verte <\/strong>avec un rafra\u00eechissement glac\u00e9 pour un go\u00fbt fort et revigorant. Les <strong data-start=\"80\" data-end=\"95\">mince, <\/strong>Les sachets noirs se placent discr\u00e8tement et confortablement sous la l\u00e8vre pour une exp\u00e9rience propre et sans tache. Chaque sachet contient <strong data-start=\"207\" data-end=\"235\">43 mg de nicotine par sachet<\/strong>, avec 20 sachets par bo\u00eete en provenance de CUBA.<\/p>","protected":false},"featured_media":8279,"comment_status":"open","ping_status":"closed","template":"","format":[206],"meta":{"_acf_changed":false},"product_brand":[],"product_cat":[46],"product_tag":[16567],"flavours":[199],"nicotine":[227,233],"class_list":{"0":"post-8278","1":"product","2":"type-product","3":"status-publish","4":"has-post-thumbnail","6":"product_cat-cuba","7":"product_tag-43-mg-pouch","8":"pa_quantity-1-pack","9":"pa_quantity-10-pack","10":"pa_quantity-3-pack","11":"pa_quantity-30-pack","12":"pa_quantity-5-pack","13":"pa_quantity-60-pack","14":"flavours-mint","15":"format-slim","16":"nicotine-43-mg-g","17":"nicotine-extreme","19":"first","20":"outofstock","21":"taxable","22":"shipping-taxable","23":"purchasable","24":"product-type-variable"},"acf":[],"_links":{"self":[{"href":"https:\/\/whitelip.com\/fr\/wp-json\/wp\/v2\/product\/8278","targetHints":{"allow":["GET"]}}],"collection":[{"href":"https:\/\/whitelip.com\/fr\/wp-json\/wp\/v2\/product"}],"about":[{"href":"https:\/\/whitelip.com\/fr\/wp-json\/wp\/v2\/types\/product"}],"replies":[{"embeddable":true,"href":"https:\/\/whitelip.com\/fr\/wp-json\/wp\/v2\/comments?post=8278"}],"wp:featuredmedia":[{"embeddable":true,"href":"https:\/\/whitelip.com\/fr\/wp-json\/wp\/v2\/media\/8279"}],"wp:attachment":[{"href":"https:\/\/whitelip.com\/fr\/wp-json\/wp\/v2\/media?parent=8278"}],"wp:term":[{"taxonomy":"product_brand","embeddable":true,"href":"https:\/\/whitelip.com\/fr\/wp-json\/wp\/v2\/product_brand?post=8278"},{"taxonomy":"product_cat","embeddable":true,"href":"https:\/\/whitelip.com\/fr\/wp-json\/wp\/v2\/product_cat?post=8278"},{"taxonomy":"product_tag","embeddable":true,"href":"https:\/\/whitelip.com\/fr\/wp-json\/wp\/v2\/product_tag?post=8278"},{"taxonomy":"flavours","embeddable":true,"href":"https:\/\/whitelip.com\/fr\/wp-json\/wp\/v2\/flavours?post=8278"},{"taxonomy":"format","embeddable":true,"href":"https:\/\/whitelip.com\/fr\/wp-json\/wp\/v2\/format?post=8278"},{"taxonomy":"nicotine","embeddable":true,"href":"https:\/\/whitelip.com\/fr\/wp-json\/wp\/v2\/nicotine?post=8278"}],"curies":[{"name":"wp","href":"https:\/\/api.w.org\/{rel}","templated":true}]}}