{"id":8268,"date":"2024-11-28T12:40:47","date_gmt":"2024-11-28T12:40:47","guid":{"rendered":"https:\/\/whitelip.com\/cuba-ninja-orange\/"},"modified":"2026-05-11T10:11:28","modified_gmt":"2026-05-11T10:11:28","slug":"cuba-ninja-orange","status":"publish","type":"product","link":"https:\/\/whitelip.com\/fr\/cuba\/cuba-ninja-orange\/","title":{"rendered":"CUBA Ninja Orange"},"content":{"rendered":"<h2><strong>CUBA Ninja Orange<\/strong><\/h2>\n<p><span style=\"font-size: 16px;\">CUBA Ninja Orange offre un go\u00fbt d'orange puissant et sucr\u00e9. Les sachets de CUBA Ninja Orange sont de couleur blanche et contiennent une concentration \u00e9lev\u00e9e de nicotine. Les sachets sont au format slim avec une concentration de nicotine de 30 mg\/g.<\/span><\/p>\n<table>\n<tbody>\n<tr>\n<td><b>Attribut<\/b><\/td>\n<td><b>D\u00e9tails<\/b><\/td>\n<\/tr>\n<tr>\n<td><b>Contenu par bo\u00eete<\/b><\/td>\n<td><span style=\"font-weight: 400;\">13g (25 pochettes)<\/span><\/td>\n<\/tr>\n<tr>\n<td><b>Teneur en nicotine<\/b><\/td>\n<td><span style=\"font-weight: 400;\">30 mg\/g (15 mg par pochette)<\/span><\/td>\n<\/tr>\n<tr>\n<td><b>Format de la pochette<\/b><\/td>\n<td><span style=\"font-weight: 400;\">Mince<\/span><\/td>\n<\/tr>\n<tr>\n<td><b>Producteur<\/b><\/td>\n<td><span style=\"font-weight: 400;\">CUBA<\/span><\/td>\n<\/tr>\n<tr>\n<td><b>Saveur<\/b><\/td>\n<td>Orange<\/td>\n<\/tr>\n<tr>\n<td><b>Taper<\/b><\/td>\n<td><span style=\"font-weight: 400;\">Pochette toute blanche<\/span><\/td>\n<\/tr>\n<\/tbody>\n<\/table>\n<h3><strong>\u00c0 propos de la marque : CUBA<\/strong><\/h3>\n<p>CUBA propose des sachets de nicotine dans plusieurs saveurs d\u00e9licieuses comme l'Ananas, la Cerise et la Myrtille. Les sachets sont doux sous la l\u00e8vre et offrent un bon coup de nicotine. CUBA se d\u00e9cline en trois s\u00e9ries : White-line, Black-line et Ninja. Black-line contient un impressionnant 50 mg de nicotine, ce qui rend m\u00eame les utilisateurs les plus exp\u00e9riment\u00e9s \u00e9tourdir. Cependant, Cuba White-line contient 20 mg, con\u00e7u davantage pour les utilisateurs quotidiens. Ninja contient 30 mg.<\/p>\n<h3><strong>A propos de Whitelip.se :\u00a0<\/strong><\/h3>\n<p><span data-contrast=\"auto\">Bienvenue sur Whitelip.se, votre destination ultime pour des sachets de nicotine de haute qualit\u00e9. Explorez notre vaste gamme de produits con\u00e7us pour r\u00e9pondre \u00e0 vos besoins en nicotine, avec des livraisons aux \u00c9tats-Unis et en Europe, toutes commod\u00e9ment disponibles avec des options de livraison gratuite \u00e0 la caisse. Am\u00e9liorez votre satisfaction \u00e0 chaque achat, car nous vous proposons des marques de premier ordre et une livraison sans faille \u00e0 votre porte. Faites l'exp\u00e9rience de la commodit\u00e9 ultime et de la qualit\u00e9 sup\u00e9rieure uniquement chez Whitelip.se. Achetez maintenant et laissez-vous tenter par le plaisir des sachets de nicotine blancs de premi\u00e8re qualit\u00e9.<\/span><span data-ccp-props=\"{&quot;201341983&quot;:0,&quot;335559739&quot;:160,&quot;335559740&quot;:259}\">\u00a0<\/span><\/p>","protected":false},"excerpt":{"rendered":"<article class=\"text-token-text-primary w-full focus:outline-none [--shadow-height:45px] has-data-writing-block:pointer-events-none has-data-writing-block:-mt-(--shadow-height) has-data-writing-block:pt-(--shadow-height) [&amp;:has([data-writing-block])&gt;*]:pointer-events-auto [content-visibility:auto] supports-[content-visibility:auto]:[contain-intrinsic-size:auto_100lvh] scroll-mt-[calc(var(--header-height)+min(200px,max(70px,20svh)))]\" dir=\"auto\" tabindex=\"-1\" data-turn-id=\"request-WEB:53f85bc0-55a4-4148-bb59-ef9269c3c52e-117\" data-testid=\"conversation-turn-230\" data-scroll-anchor=\"true\" data-turn=\"assistant\">\n<div class=\"text-base my-auto mx-auto pb-10 [--thread-content-margin:--spacing(4)] thread-sm:[--thread-content-margin:--spacing(6)] thread-lg:[--thread-content-margin:--spacing(16)] px-(--thread-content-margin)\">\n<div class=\"[--thread-content-max-width:40rem] thread-lg:[--thread-content-max-width:48rem] mx-auto max-w-(--thread-content-max-width) flex-1 group\/turn-messages focus-visible:outline-hidden relative flex w-full min-w-0 flex-col agent-turn\" tabindex=\"-1\">\n<div class=\"flex max-w-full flex-col grow\">\n<div class=\"min-h-8 text-message relative flex w-full flex-col items-end gap-2 text-start break-words whitespace-normal [.text-message+&amp;]:mt-5\" dir=\"auto\" data-message-author-role=\"assistant\" data-message-id=\"3342c41c-209b-4b33-8a74-3937723048a7\" data-message-model-slug=\"gpt-5-thinking\">\n<div class=\"flex w-full flex-col gap-1 empty:hidden first:pt-[1px]\">\n<div class=\"markdown prose dark:prose-invert w-full break-words dark markdown-new-styling\">\n<p data-start=\"0\" data-end=\"216\" data-is-last-node=\"\" data-is-only-node=\"\">Powerful, sweet <strong data-start=\"16\" data-end=\"26\">orange<\/strong> with a bold citrus hit. The <strong data-start=\"55\" data-end=\"74\">slim, <\/strong>all-white pouches sit discreetly under the lip for a clean, comfortable feel. Nicotine strength <strong data-start=\"161\" data-end=\"172\">30 mg\/g<\/strong>, crafted for users who want high intensity.<\/p>\n<\/div>\n<\/div>\n<\/div>\n<\/div>\n<div class=\"z-0 flex min-h-[46px] justify-start\"><\/div>\n<div class=\"mt-3 w-full empty:hidden\">\n<div class=\"text-center\"><\/div>\n<\/div>\n<\/div>\n<\/div>\n<\/article>\n<div class=\"pointer-events-none h-px w-px\" aria-hidden=\"true\" data-edge=\"true\"><\/div>\n","protected":false},"featured_media":8269,"comment_status":"open","ping_status":"closed","template":"","format":[206],"meta":{"_acf_changed":false},"product_brand":[],"product_cat":[46],"product_tag":[16571],"flavours":[190],"nicotine":[221,233],"class_list":{"0":"post-8268","1":"product","2":"type-product","3":"status-publish","4":"has-post-thumbnail","6":"product_cat-cuba","7":"product_tag-15-mg-pouch","8":"pa_quantity-1-pack","9":"pa_quantity-10-pack","10":"pa_quantity-3-pack","11":"pa_quantity-30-pack","12":"pa_quantity-5-pack","13":"pa_quantity-60-pack","14":"flavours-citrus","15":"format-slim","16":"nicotine-30-mg-g","17":"nicotine-extreme","19":"first","20":"outofstock","21":"taxable","22":"shipping-taxable","23":"purchasable","24":"product-type-variable"},"acf":[],"_links":{"self":[{"href":"https:\/\/whitelip.com\/fr\/wp-json\/wp\/v2\/product\/8268","targetHints":{"allow":["GET"]}}],"collection":[{"href":"https:\/\/whitelip.com\/fr\/wp-json\/wp\/v2\/product"}],"about":[{"href":"https:\/\/whitelip.com\/fr\/wp-json\/wp\/v2\/types\/product"}],"replies":[{"embeddable":true,"href":"https:\/\/whitelip.com\/fr\/wp-json\/wp\/v2\/comments?post=8268"}],"wp:featuredmedia":[{"embeddable":true,"href":"https:\/\/whitelip.com\/fr\/wp-json\/wp\/v2\/media\/8269"}],"wp:attachment":[{"href":"https:\/\/whitelip.com\/fr\/wp-json\/wp\/v2\/media?parent=8268"}],"wp:term":[{"taxonomy":"product_brand","embeddable":true,"href":"https:\/\/whitelip.com\/fr\/wp-json\/wp\/v2\/product_brand?post=8268"},{"taxonomy":"product_cat","embeddable":true,"href":"https:\/\/whitelip.com\/fr\/wp-json\/wp\/v2\/product_cat?post=8268"},{"taxonomy":"product_tag","embeddable":true,"href":"https:\/\/whitelip.com\/fr\/wp-json\/wp\/v2\/product_tag?post=8268"},{"taxonomy":"flavours","embeddable":true,"href":"https:\/\/whitelip.com\/fr\/wp-json\/wp\/v2\/flavours?post=8268"},{"taxonomy":"format","embeddable":true,"href":"https:\/\/whitelip.com\/fr\/wp-json\/wp\/v2\/format?post=8268"},{"taxonomy":"nicotine","embeddable":true,"href":"https:\/\/whitelip.com\/fr\/wp-json\/wp\/v2\/nicotine?post=8268"}],"curies":[{"name":"wp","href":"https:\/\/api.w.org\/{rel}","templated":true}]}}