{"id":8266,"date":"2024-12-20T19:39:11","date_gmt":"2024-12-20T19:39:11","guid":{"rendered":"https:\/\/whitelip.com\/xqs-spearmint-strong\/"},"modified":"2026-05-06T10:11:12","modified_gmt":"2026-05-06T10:11:12","slug":"xqs-wintergreen-strong","status":"publish","type":"product","link":"https:\/\/whitelip.com\/fr\/xqs\/xqs-wintergreen-strong\/","title":{"rendered":"XQS Wintergreen Strong"},"content":{"rendered":"<h2>XQS Wintergreen Strong<\/h2>\n<p><span style=\"font-weight: 400;\">XQS Wintergreen Strong offre une <\/span><b>saveur douce et rafra\u00eechissante de gaulth\u00e9rie<\/b><span style=\"font-weight: 400;\">, combinant une sensation de menthe glac\u00e9e avec une l\u00e9g\u00e8re douceur pour une exp\u00e9rience bien \u00e9quilibr\u00e9e et vivifiante. Chaque sachet slim blanc offre <\/span><b>10 mg de nicotine<\/b><span style=\"font-weight: 400;\">, offrant une lib\u00e9ration forte et r\u00e9guli\u00e8re, parfaite pour les utilisateurs recherchant une satisfaction nicotin\u00e9e fiable avec un go\u00fbt classiquement menth\u00e9.<\/span><\/p>\n<p><span style=\"font-weight: 400;\">Le format slim assure un ajustement discret et confortable sous la l\u00e8vre, permettant une utilisation propre et sans taches partout o\u00f9 vous \u00eates. Enti\u00e8rement sans tabac et fabriqu\u00e9 avec des mat\u00e9riaux de haute qualit\u00e9 \u00e0 base de plantes, XQS Wintergreen Strong offre une alternative nicotin\u00e9e moderne pour ceux qui appr\u00e9cient une saveur de menthe poivr\u00e9e audacieuse et glac\u00e9e associ\u00e9e \u00e0 une force satisfaisante.<\/span><\/p>\n<table>\n<tbody>\n<tr>\n<td><b>Attribut<\/b><\/td>\n<td><b>D\u00e9tails<\/b><\/td>\n<\/tr>\n<tr>\n<td><b>Marque<\/b><\/td>\n<td><span style=\"font-weight: 400;\">XQS<\/span><\/td>\n<\/tr>\n<tr>\n<td><b>Type de produit<\/b><\/td>\n<td><span style=\"font-weight: 400;\">Tous les sachets de nicotine blancs<\/span><\/td>\n<\/tr>\n<tr>\n<td><b>Format<\/b><\/td>\n<td><span style=\"font-weight: 400;\">Mince<\/span><\/td>\n<\/tr>\n<tr>\n<td><b>Saveur<\/b><\/td>\n<td><span style=\"font-weight: 400;\">Gaulth\u00e9rie<\/span><\/td>\n<\/tr>\n<tr>\n<td><b>Intensit\u00e9 de la nicotine<\/b><\/td>\n<td><span style=\"font-weight: 400;\">10 mg par sachet (13 mg\/g)<\/span><\/td>\n<\/tr>\n<tr>\n<td><b>Poids de la portion<\/b><\/td>\n<td><span style=\"font-weight: 400;\">0,75 grammes<\/span><\/td>\n<\/tr>\n<tr>\n<td><b>Nombre de portions<\/b><\/td>\n<td><span style=\"font-weight: 400;\">20 par bo\u00eete<\/span><\/td>\n<\/tr>\n<tr>\n<td><b>Poids total de la bo\u00eete<\/b><\/td>\n<td><span style=\"font-weight: 400;\">15 grammes<\/span><\/td>\n<\/tr>\n<tr>\n<td><b>Fabricant<\/b><\/td>\n<td><span style=\"font-weight: 400;\">XQS International<\/span><\/td>\n<\/tr>\n<tr>\n<td><b>Caract\u00e9ristiques notables<\/b><\/td>\n<td><span style=\"font-weight: 400;\">Sans tabac, format slim, saveur lisse et rafra\u00eechissante de menthe poivr\u00e9e<\/span><\/td>\n<\/tr>\n<\/tbody>\n<\/table>","protected":false},"excerpt":{"rendered":"<p>XQS <strong data-start=\"4\" data-end=\"19\">Gaulth\u00e9rie<\/strong> <strong data-start=\"20\" data-end=\"30\">Fort<\/strong> offre une menthe poivr\u00e9e lisse et rafra\u00eechissante avec une touche de menthe glac\u00e9e et une l\u00e9g\u00e8re douceur. <strong data-start=\"123\" data-end=\"131\">mince<\/strong>, Les pochettes enti\u00e8rement blanches sont discr\u00e8tes et confortables. Chaque pochette contient <strong data-start=\"201\" data-end=\"219\">10 mg de nicotine<\/strong> pour une lib\u00e9ration forte et r\u00e9guli\u00e8re.<\/p>","protected":false},"featured_media":63926,"comment_status":"open","ping_status":"closed","template":"","format":[206],"meta":{"_acf_changed":false},"product_brand":[],"product_cat":[27],"product_tag":[16587],"flavours":[196],"nicotine":[210,232],"class_list":{"0":"post-8266","1":"product","2":"type-product","3":"status-publish","4":"has-post-thumbnail","6":"product_cat-xqs","7":"product_tag-10-mg-pouch","8":"pa_quantity-1-pack","9":"pa_quantity-10-pack","10":"pa_quantity-3-pack","11":"pa_quantity-30-pack","12":"pa_quantity-5-pack","13":"pa_quantity-60-pack","14":"flavours-fruits-berries","15":"format-slim","16":"nicotine-13-mg-g","17":"nicotine-extra-strong","19":"first","20":"instock","21":"taxable","22":"shipping-taxable","23":"purchasable","24":"product-type-variable"},"acf":[],"_links":{"self":[{"href":"https:\/\/whitelip.com\/fr\/wp-json\/wp\/v2\/product\/8266","targetHints":{"allow":["GET"]}}],"collection":[{"href":"https:\/\/whitelip.com\/fr\/wp-json\/wp\/v2\/product"}],"about":[{"href":"https:\/\/whitelip.com\/fr\/wp-json\/wp\/v2\/types\/product"}],"replies":[{"embeddable":true,"href":"https:\/\/whitelip.com\/fr\/wp-json\/wp\/v2\/comments?post=8266"}],"wp:featuredmedia":[{"embeddable":true,"href":"https:\/\/whitelip.com\/fr\/wp-json\/wp\/v2\/media\/63926"}],"wp:attachment":[{"href":"https:\/\/whitelip.com\/fr\/wp-json\/wp\/v2\/media?parent=8266"}],"wp:term":[{"taxonomy":"product_brand","embeddable":true,"href":"https:\/\/whitelip.com\/fr\/wp-json\/wp\/v2\/product_brand?post=8266"},{"taxonomy":"product_cat","embeddable":true,"href":"https:\/\/whitelip.com\/fr\/wp-json\/wp\/v2\/product_cat?post=8266"},{"taxonomy":"product_tag","embeddable":true,"href":"https:\/\/whitelip.com\/fr\/wp-json\/wp\/v2\/product_tag?post=8266"},{"taxonomy":"flavours","embeddable":true,"href":"https:\/\/whitelip.com\/fr\/wp-json\/wp\/v2\/flavours?post=8266"},{"taxonomy":"format","embeddable":true,"href":"https:\/\/whitelip.com\/fr\/wp-json\/wp\/v2\/format?post=8266"},{"taxonomy":"nicotine","embeddable":true,"href":"https:\/\/whitelip.com\/fr\/wp-json\/wp\/v2\/nicotine?post=8266"}],"curies":[{"name":"wp","href":"https:\/\/api.w.org\/{rel}","templated":true}]}}