{"id":8264,"date":"2024-12-20T19:39:11","date_gmt":"2024-12-20T19:39:11","guid":{"rendered":"https:\/\/whitelip.com\/xqs-elderflower-strong\/"},"modified":"2026-05-04T10:11:39","modified_gmt":"2026-05-04T10:11:39","slug":"xqs-elderflower-strong","status":"publish","type":"product","link":"https:\/\/whitelip.com\/fr\/xqs\/xqs-elderflower-strong\/","title":{"rendered":"XQS Fleur de sureau forte"},"content":{"rendered":"<h2><b>XQS Fleur de sureau forte<\/b><\/h2>\n<p><span style=\"font-weight: 400;\">XQS Elderflower Strong (fleur de sureau forte) offre une <\/span><b>Saveur d\u00e9licate et florale de la fleur de sureau<\/b><span style=\"font-weight: 400;\">, Ces sachets offrent un go\u00fbt doux et rafra\u00eechissant avec une subtile douceur. Parfaits pour ceux qui recherchent une exp\u00e9rience gustative unique et raffin\u00e9e, ces sachets offrent une lib\u00e9ration de nicotine bien \u00e9quilibr\u00e9e. Chaque sachet fin, enti\u00e8rement blanc, contient <\/span><b>10 mg de nicotine<\/b><span style=\"font-weight: 400;\">, Le syst\u00e8me d'aspiration de l'eau de pluie permet d'obtenir un effet fort et r\u00e9gulier, id\u00e9al pour les utilisateurs exp\u00e9riment\u00e9s.<\/span><\/p>\n<p><span style=\"font-weight: 400;\">Le format mince permet un ajustement discret et confortable sous la l\u00e8vre, offrant une alternative propre et sans tache pour le plaisir de la nicotine. Fabriqu\u00e9 sans tabac et avec des fibres v\u00e9g\u00e9tales de haute qualit\u00e9, XQS Elderflower Strong offre une option nicotinique moderne avec une touche florale fra\u00eeche et l\u00e9g\u00e8re pour ceux qui appr\u00e9cient les saveurs subtiles et \u00e9l\u00e9gantes.<\/span><\/p>\n<table>\n<tbody>\n<tr>\n<td><b>Attribut<\/b><\/td>\n<td><b>D\u00e9tails<\/b><\/td>\n<\/tr>\n<tr>\n<td><b>Marque<\/b><\/td>\n<td><span style=\"font-weight: 400;\">XQS<\/span><\/td>\n<\/tr>\n<tr>\n<td><b>Type de produit<\/b><\/td>\n<td><span style=\"font-weight: 400;\">Tous les sachets de nicotine blancs<\/span><\/td>\n<\/tr>\n<tr>\n<td><b>Format<\/b><\/td>\n<td><span style=\"font-weight: 400;\">Mince<\/span><\/td>\n<\/tr>\n<tr>\n<td><b>Saveur<\/b><\/td>\n<td><span style=\"font-weight: 400;\">Fleur de sureau<\/span><\/td>\n<\/tr>\n<tr>\n<td><b>Intensit\u00e9 de la nicotine<\/b><\/td>\n<td><span style=\"font-weight: 400;\">10 mg par sachet (13 mg\/g)<\/span><\/td>\n<\/tr>\n<tr>\n<td><b>Poids de la portion<\/b><\/td>\n<td><span style=\"font-weight: 400;\">0,75 grammes<\/span><\/td>\n<\/tr>\n<tr>\n<td><b>Nombre de portions<\/b><\/td>\n<td><span style=\"font-weight: 400;\">20 par bo\u00eete<\/span><\/td>\n<\/tr>\n<tr>\n<td><b>Poids total de la bo\u00eete<\/b><\/td>\n<td><span style=\"font-weight: 400;\">15 grammes<\/span><\/td>\n<\/tr>\n<tr>\n<td><b>Fabricant<\/b><\/td>\n<td><span style=\"font-weight: 400;\">XQS International<\/span><\/td>\n<\/tr>\n<tr>\n<td><b>Caract\u00e9ristiques notables<\/b><\/td>\n<td><span style=\"font-weight: 400;\">Sans tabac, format fin, saveur lisse et florale de sureau<\/span><\/td>\n<\/tr>\n<\/tbody>\n<\/table>","protected":false},"excerpt":{"rendered":"<p>XQS <strong data-start=\"4\" data-end=\"19\">Fleur de sureau<\/strong> <strong data-start=\"20\" data-end=\"30\">Fort<\/strong> offre une fleur de sureau d\u00e9licate et florale avec une douceur subtile pour un profil doux et rafra\u00eechissant. La <strong data-start=\"131\" data-end=\"139\">mince<\/strong>, Les pochettes enti\u00e8rement blanches sont discr\u00e8tes et confortables. Chaque pochette contient <strong data-start=\"209\" data-end=\"227\">10 mg de nicotine<\/strong> pour une lib\u00e9ration forte et r\u00e9guli\u00e8re.<\/p>","protected":false},"featured_media":8265,"comment_status":"open","ping_status":"closed","template":"","format":[206],"meta":{"_acf_changed":false},"product_brand":[],"product_cat":[27],"product_tag":[16587],"flavours":[196],"nicotine":[210,232],"class_list":{"0":"post-8264","1":"product","2":"type-product","3":"status-publish","4":"has-post-thumbnail","6":"product_cat-xqs","7":"product_tag-10-mg-pouch","8":"pa_quantity-1-pack","9":"pa_quantity-10-pack","10":"pa_quantity-3-pack","11":"pa_quantity-30-pack","12":"pa_quantity-5-pack","13":"pa_quantity-60-pack","14":"flavours-fruits-berries","15":"format-slim","16":"nicotine-13-mg-g","17":"nicotine-extra-strong","19":"first","20":"instock","21":"taxable","22":"shipping-taxable","23":"purchasable","24":"product-type-variable"},"acf":[],"_links":{"self":[{"href":"https:\/\/whitelip.com\/fr\/wp-json\/wp\/v2\/product\/8264","targetHints":{"allow":["GET"]}}],"collection":[{"href":"https:\/\/whitelip.com\/fr\/wp-json\/wp\/v2\/product"}],"about":[{"href":"https:\/\/whitelip.com\/fr\/wp-json\/wp\/v2\/types\/product"}],"replies":[{"embeddable":true,"href":"https:\/\/whitelip.com\/fr\/wp-json\/wp\/v2\/comments?post=8264"}],"wp:featuredmedia":[{"embeddable":true,"href":"https:\/\/whitelip.com\/fr\/wp-json\/wp\/v2\/media\/8265"}],"wp:attachment":[{"href":"https:\/\/whitelip.com\/fr\/wp-json\/wp\/v2\/media?parent=8264"}],"wp:term":[{"taxonomy":"product_brand","embeddable":true,"href":"https:\/\/whitelip.com\/fr\/wp-json\/wp\/v2\/product_brand?post=8264"},{"taxonomy":"product_cat","embeddable":true,"href":"https:\/\/whitelip.com\/fr\/wp-json\/wp\/v2\/product_cat?post=8264"},{"taxonomy":"product_tag","embeddable":true,"href":"https:\/\/whitelip.com\/fr\/wp-json\/wp\/v2\/product_tag?post=8264"},{"taxonomy":"flavours","embeddable":true,"href":"https:\/\/whitelip.com\/fr\/wp-json\/wp\/v2\/flavours?post=8264"},{"taxonomy":"format","embeddable":true,"href":"https:\/\/whitelip.com\/fr\/wp-json\/wp\/v2\/format?post=8264"},{"taxonomy":"nicotine","embeddable":true,"href":"https:\/\/whitelip.com\/fr\/wp-json\/wp\/v2\/nicotine?post=8264"}],"curies":[{"name":"wp","href":"https:\/\/api.w.org\/{rel}","templated":true}]}}