{"id":8262,"date":"2024-11-28T12:40:47","date_gmt":"2024-11-28T12:40:47","guid":{"rendered":"https:\/\/whitelip.com\/loop-habanero-mint-4\/"},"modified":"2026-04-29T10:11:07","modified_gmt":"2026-04-29T10:11:07","slug":"loop-habanero-mint-4","status":"publish","type":"product","link":"https:\/\/whitelip.com\/fr\/loop\/loop-habanero-mint-4\/","title":{"rendered":"LOOP Habanero Mint #4"},"content":{"rendered":"<h2><b>LOOP Habanero Mint #4<\/b><\/h2>\n<p><span style=\"font-weight: 400;\">LOOP Habanero Menthe #4 offre une fusion audacieuse de chaleur intense habanero et menthe rafra\u00eechissante, cr\u00e9ant une exp\u00e9rience nicotinique unique et intense. Ces sachets de nicotine slim sont con\u00e7us pour les utilisateurs qui appr\u00e9cient les saveurs fortes associ\u00e9es \u00e0 une force nicotinique plus \u00e9lev\u00e9e. Parfait pour une utilisation discr\u00e8te et confortable, LOOP Habanero Menthe #4 s'adapte parfaitement sous la l\u00e8vre, offrant une option propre et tonifiante pour ceux qui recherchent un m\u00e9lange palpitant de chaleur et de fra\u00eecheur.<\/span><\/p>\n<table>\n<tbody>\n<tr>\n<td><b>Attribut<\/b><\/td>\n<td><b>D\u00e9tails<\/b><\/td>\n<\/tr>\n<tr>\n<td><span style=\"font-weight: 400;\">Contenu par bo\u00eete<\/span><\/td>\n<td><span style=\"font-weight: 400;\">12g (20 sachets)<\/span><\/td>\n<\/tr>\n<tr>\n<td><span style=\"font-weight: 400;\">Teneur en nicotine<\/span><\/td>\n<td><span style=\"font-weight: 400;\">20 mg\/g<\/span><\/td>\n<\/tr>\n<tr>\n<td><span style=\"font-weight: 400;\">Format de la pochette<\/span><\/td>\n<td><span style=\"font-weight: 400;\">Mince<\/span><\/td>\n<\/tr>\n<tr>\n<td><span style=\"font-weight: 400;\">Producteur<\/span><\/td>\n<td>boucle<\/td>\n<\/tr>\n<tr>\n<td><span style=\"font-weight: 400;\">Saveur<\/span><\/td>\n<td><span style=\"font-weight: 400;\">Habanero et Menthe<\/span><\/td>\n<\/tr>\n<tr>\n<td><span style=\"font-weight: 400;\">Taper<\/span><\/td>\n<td><span style=\"font-weight: 400;\">Pochette enti\u00e8rement blanche, sans tabac<\/span><\/td>\n<\/tr>\n<\/tbody>\n<\/table>","protected":false},"excerpt":{"rendered":"<p class=\"sr-only\"><span style=\"font-size: 16px;\">Fusion audacieuse de chaleur <\/span><strong style=\"font-size: 16px;\" data-start=\"21\" data-end=\"38\">habanero menthe<\/strong><span style=\"font-size: 16px;\"> intense avec une fra\u00eecheur rafra\u00eechissante pour un coup unique et intense. <\/span><strong style=\"font-size: 16px;\" data-start=\"97\" data-end=\"105\">Mince<\/strong><span style=\"font-size: 16px;\">, les sachets sans tabac se placent discr\u00e8tement sous la l\u00e8vre pour une utilisation propre et tonifiante. Convient aux chercheurs de force \u00e9lev\u00e9e.<\/span><\/p>","protected":false},"featured_media":8263,"comment_status":"open","ping_status":"closed","template":"","format":[206],"meta":{"_acf_changed":false},"product_brand":[],"product_cat":[32],"product_tag":[16775,16521],"flavours":[187,190],"nicotine":[218,232],"class_list":{"0":"post-8262","1":"product","2":"type-product","3":"status-publish","4":"has-post-thumbnail","6":"product_cat-loop","7":"product_tag-12-5-mg-pouch","8":"product_tag-15-off","9":"pa_quantity-1-pack","10":"pa_quantity-10-pack","11":"pa_quantity-3-pack","12":"pa_quantity-30-pack","13":"pa_quantity-5-pack","14":"pa_quantity-60-pack","15":"flavours-chili","16":"flavours-citrus","17":"format-slim","18":"nicotine-20-mg-g","19":"nicotine-extra-strong","21":"first","22":"instock","23":"sale","24":"taxable","25":"shipping-taxable","26":"purchasable","27":"product-type-variable"},"acf":[],"_links":{"self":[{"href":"https:\/\/whitelip.com\/fr\/wp-json\/wp\/v2\/product\/8262","targetHints":{"allow":["GET"]}}],"collection":[{"href":"https:\/\/whitelip.com\/fr\/wp-json\/wp\/v2\/product"}],"about":[{"href":"https:\/\/whitelip.com\/fr\/wp-json\/wp\/v2\/types\/product"}],"replies":[{"embeddable":true,"href":"https:\/\/whitelip.com\/fr\/wp-json\/wp\/v2\/comments?post=8262"}],"wp:featuredmedia":[{"embeddable":true,"href":"https:\/\/whitelip.com\/fr\/wp-json\/wp\/v2\/media\/8263"}],"wp:attachment":[{"href":"https:\/\/whitelip.com\/fr\/wp-json\/wp\/v2\/media?parent=8262"}],"wp:term":[{"taxonomy":"product_brand","embeddable":true,"href":"https:\/\/whitelip.com\/fr\/wp-json\/wp\/v2\/product_brand?post=8262"},{"taxonomy":"product_cat","embeddable":true,"href":"https:\/\/whitelip.com\/fr\/wp-json\/wp\/v2\/product_cat?post=8262"},{"taxonomy":"product_tag","embeddable":true,"href":"https:\/\/whitelip.com\/fr\/wp-json\/wp\/v2\/product_tag?post=8262"},{"taxonomy":"flavours","embeddable":true,"href":"https:\/\/whitelip.com\/fr\/wp-json\/wp\/v2\/flavours?post=8262"},{"taxonomy":"format","embeddable":true,"href":"https:\/\/whitelip.com\/fr\/wp-json\/wp\/v2\/format?post=8262"},{"taxonomy":"nicotine","embeddable":true,"href":"https:\/\/whitelip.com\/fr\/wp-json\/wp\/v2\/nicotine?post=8262"}],"curies":[{"name":"wp","href":"https:\/\/api.w.org\/{rel}","templated":true}]}}