{"id":8246,"date":"2024-11-28T12:40:23","date_gmt":"2024-11-28T12:40:23","guid":{"rendered":"https:\/\/whitelip.com\/cuba-black-pineapple\/"},"modified":"2026-04-28T10:11:17","modified_gmt":"2026-04-28T10:11:17","slug":"cuba-black-pineapple","status":"publish","type":"product","link":"https:\/\/whitelip.com\/fr\/cuba\/cuba-black-pineapple\/","title":{"rendered":"CUBA Black Pineapple"},"content":{"rendered":"<h2><b>CUBA Black Pineapple<\/b><\/h2>\n<p><span style=\"font-weight: 400;\">Les pochettes de nicotine CUBA Black Ananas offrent une saveur d'ananas vibrante et sucr\u00e9e, offrant une exp\u00e9rience nicotin\u00e9e intense. Chaque pochette slim de couleur cr\u00e8me contient 43 mg de nicotine par gramme, \u00e9quivalent \u00e0 environ 43 mg par pochette, ce qui la rend appropri\u00e9e pour les utilisateurs exp\u00e9riment\u00e9s \u00e0 la recherche d'une sensation forte. Les pochettes de couleur noire sont con\u00e7ues pour \u00eatre discr\u00e8tes et non-tachantes pour les dents. Chaque bo\u00eete contient 20 pochettes, offrant un approvisionnement amplement suffisant pour votre plaisir. Produit par CUBA, un fabricant polonais connu pour allier les m\u00e9thodes contemporaines \u00e0 la qualit\u00e9 traditionnelle, ces pochettes exemplifient les normes \u00e9lev\u00e9es et les combinaisons de saveurs innovantes.<\/span><\/p>\n<table>\n<tbody>\n<tr>\n<td><b>Attribut<\/b><\/td>\n<td><b>D\u00e9tails<\/b><\/td>\n<\/tr>\n<tr>\n<td><b>Contenu par bo\u00eete<\/b><\/td>\n<td><span style=\"font-weight: 400;\">13g (20 sachets)<\/span><\/td>\n<\/tr>\n<tr>\n<td><b>Teneur en nicotine<\/b><\/td>\n<td><span style=\"font-weight: 400;\">43 mg\/g (43 mg par sachet)<\/span><\/td>\n<\/tr>\n<tr>\n<td><b>Format de la pochette<\/b><\/td>\n<td><span style=\"font-weight: 400;\">Mince<\/span><\/td>\n<\/tr>\n<tr>\n<td><b>Producteur<\/b><\/td>\n<td><span style=\"font-weight: 400;\">CUBA<\/span><\/td>\n<\/tr>\n<tr>\n<td><b>Saveur<\/b><\/td>\n<td><span style=\"font-weight: 400;\">Ananas<\/span><\/td>\n<\/tr>\n<tr>\n<td><b>Taper<\/b><\/td>\n<td><span style=\"font-weight: 400;\">Pochette toute blanche<\/span><\/td>\n<\/tr>\n<\/tbody>\n<\/table>\n<p>\u00a0<\/p>","protected":false},"excerpt":{"rendered":"<p>Vibrant, doux <strong data-start=\"15\" data-end=\"28\">ananas<\/strong> pour un go\u00fbt intense et satisfaisant. Les <strong data-start=\"67\" data-end=\"82\">mince, <\/strong>Les sachets noirs se placent discr\u00e8tement sous la l\u00e8vre et ne tachent pas les dents. Chaque sachet contient <strong data-start=\"163\" data-end=\"192\">~43 mg de nicotine par sachet<\/strong> (43 mg\/g), convient aux utilisateurs exp\u00e9riment\u00e9s. Chaque bo\u00eete comprend 20 pochettes, fabriqu\u00e9es par CUBA selon les normes premium.<\/p>","protected":false},"featured_media":8247,"comment_status":"open","ping_status":"closed","template":"","format":[206],"meta":{"_acf_changed":false},"product_brand":[],"product_cat":[46],"product_tag":[16567],"flavours":[196],"nicotine":[227,233],"class_list":{"0":"post-8246","1":"product","2":"type-product","3":"status-publish","4":"has-post-thumbnail","6":"product_cat-cuba","7":"product_tag-43-mg-pouch","8":"pa_quantity-1-pack","9":"pa_quantity-10-pack","10":"pa_quantity-3-pack","11":"pa_quantity-30-pack","12":"pa_quantity-5-pack","13":"pa_quantity-60-pack","14":"flavours-fruits-berries","15":"format-slim","16":"nicotine-43-mg-g","17":"nicotine-extreme","19":"first","20":"outofstock","21":"taxable","22":"shipping-taxable","23":"purchasable","24":"product-type-variable"},"acf":[],"_links":{"self":[{"href":"https:\/\/whitelip.com\/fr\/wp-json\/wp\/v2\/product\/8246","targetHints":{"allow":["GET"]}}],"collection":[{"href":"https:\/\/whitelip.com\/fr\/wp-json\/wp\/v2\/product"}],"about":[{"href":"https:\/\/whitelip.com\/fr\/wp-json\/wp\/v2\/types\/product"}],"replies":[{"embeddable":true,"href":"https:\/\/whitelip.com\/fr\/wp-json\/wp\/v2\/comments?post=8246"}],"wp:featuredmedia":[{"embeddable":true,"href":"https:\/\/whitelip.com\/fr\/wp-json\/wp\/v2\/media\/8247"}],"wp:attachment":[{"href":"https:\/\/whitelip.com\/fr\/wp-json\/wp\/v2\/media?parent=8246"}],"wp:term":[{"taxonomy":"product_brand","embeddable":true,"href":"https:\/\/whitelip.com\/fr\/wp-json\/wp\/v2\/product_brand?post=8246"},{"taxonomy":"product_cat","embeddable":true,"href":"https:\/\/whitelip.com\/fr\/wp-json\/wp\/v2\/product_cat?post=8246"},{"taxonomy":"product_tag","embeddable":true,"href":"https:\/\/whitelip.com\/fr\/wp-json\/wp\/v2\/product_tag?post=8246"},{"taxonomy":"flavours","embeddable":true,"href":"https:\/\/whitelip.com\/fr\/wp-json\/wp\/v2\/flavours?post=8246"},{"taxonomy":"format","embeddable":true,"href":"https:\/\/whitelip.com\/fr\/wp-json\/wp\/v2\/format?post=8246"},{"taxonomy":"nicotine","embeddable":true,"href":"https:\/\/whitelip.com\/fr\/wp-json\/wp\/v2\/nicotine?post=8246"}],"curies":[{"name":"wp","href":"https:\/\/api.w.org\/{rel}","templated":true}]}}