{"id":8238,"date":"2024-12-20T19:39:09","date_gmt":"2024-12-20T19:39:09","guid":{"rendered":"https:\/\/whitelip.com\/xqs-citrus-cooling-strong\/"},"modified":"2026-05-06T10:11:12","modified_gmt":"2026-05-06T10:11:12","slug":"xqs-citrus-cooling-strong","status":"publish","type":"product","link":"https:\/\/whitelip.com\/fr\/xqs\/xqs-citrus-cooling-strong\/","title":{"rendered":"XQS Citrus Cooling Strong"},"content":{"rendered":"<h2><b>XQS Citrus Cooling Strong<\/b><\/h2>\n<p><span style=\"font-weight: 400;\">XQS Citrus Cooling Strong associe les caract\u00e9ristiques suivantes <\/span><b>saveurs piquantes d'agrumes<\/b><span style=\"font-weight: 400;\"> avec un rafra\u00eechissement <\/span><b>menthol rafra\u00eechissant<\/b><span style=\"font-weight: 400;\">, Les notes vives de citron et de lime s'associent parfaitement \u00e0 une sensation de fra\u00eecheur vive, cr\u00e9ant ainsi un profil d'ar\u00f4me \u00e9quilibr\u00e9 et \u00e9nergisant. Les notes vives de citron et de citron vert s'associent parfaitement \u00e0 une sensation de fra\u00eecheur vive, cr\u00e9ant un profil d'ar\u00f4me \u00e9quilibr\u00e9 et \u00e9nergisant. Chaque sachet mince, enti\u00e8rement blanc, contient <\/span><b>10 mg de nicotine<\/b><span style=\"font-weight: 400;\">, Les utilisateurs \u00e0 la recherche d'une force fiable peuvent ainsi b\u00e9n\u00e9ficier d'une lib\u00e9ration forte et coh\u00e9rente.<\/span><\/p>\n<p><span style=\"font-weight: 400;\">Le format fin assure une tenue discr\u00e8te et confortable sous la l\u00e8vre, ce qui permet de profiter d'une exp\u00e9rience nicotinique propre et sans tache, o\u00f9 que vous soyez. Enti\u00e8rement sans tabac et fabriqu\u00e9 \u00e0 partir de fibres v\u00e9g\u00e9tales de haute qualit\u00e9, XQS Citrus Cooling Strong est une alternative moderne pour ceux qui appr\u00e9cient le go\u00fbt acidul\u00e9 des agrumes associ\u00e9 \u00e0 un fini frais et rafra\u00eechissant.<\/span><\/p>\n<table>\n<tbody>\n<tr>\n<td><b>Attribut<\/b><\/td>\n<td><b>D\u00e9tails<\/b><\/td>\n<\/tr>\n<tr>\n<td><b>Marque<\/b><\/td>\n<td><span style=\"font-weight: 400;\">XQS<\/span><\/td>\n<\/tr>\n<tr>\n<td><b>Type de produit<\/b><\/td>\n<td><span style=\"font-weight: 400;\">Tous les sachets de nicotine blancs<\/span><\/td>\n<\/tr>\n<tr>\n<td><b>Format<\/b><\/td>\n<td><span style=\"font-weight: 400;\">Mince<\/span><\/td>\n<\/tr>\n<tr>\n<td><b>Saveur<\/b><\/td>\n<td><span style=\"font-weight: 400;\">Agrumes et sensation de froid<\/span><\/td>\n<\/tr>\n<tr>\n<td><b>Intensit\u00e9 de la nicotine<\/b><\/td>\n<td><span style=\"font-weight: 400;\">10 mg par sachet (13 mg\/g)<\/span><\/td>\n<\/tr>\n<tr>\n<td><b>Poids de la portion<\/b><\/td>\n<td><span style=\"font-weight: 400;\">0,75 grammes<\/span><\/td>\n<\/tr>\n<tr>\n<td><b>Nombre de portions<\/b><\/td>\n<td><span style=\"font-weight: 400;\">20 par bo\u00eete<\/span><\/td>\n<\/tr>\n<tr>\n<td><b>Poids total de la bo\u00eete<\/b><\/td>\n<td><span style=\"font-weight: 400;\">15 grammes<\/span><\/td>\n<\/tr>\n<tr>\n<td><b>Fabricant<\/b><\/td>\n<td><span style=\"font-weight: 400;\">XQS International<\/span><\/td>\n<\/tr>\n<tr>\n<td><b>Caract\u00e9ristiques notables<\/b><\/td>\n<td><span style=\"font-weight: 400;\">Sans tabac, format fin, saveur acidul\u00e9e d'agrumes avec une finition menthol rafra\u00eechissante<\/span><\/td>\n<\/tr>\n<\/tbody>\n<\/table>","protected":false},"excerpt":{"rendered":"<p>XQS <strong data-start=\"4\" data-end=\"22\">Refroidissement des agrumes<\/strong> <strong data-start=\"23\" data-end=\"33\">Fort<\/strong> offre des agrumes piquants avec un final menthol\u00e9 rafra\u00eechissant. Les <strong data-start=\"102\" data-end=\"110\">mince<\/strong>, Les pochettes enti\u00e8rement blanches sont discr\u00e8tes et confortables. Chaque pochette contient <strong data-start=\"180\" data-end=\"198\">10 mg de nicotine<\/strong> pour une lib\u00e9ration forte et coh\u00e9rente.<\/p>","protected":false},"featured_media":84309,"comment_status":"open","ping_status":"closed","template":"","format":[206],"meta":{"_acf_changed":false},"product_brand":[],"product_cat":[27],"product_tag":[16587],"flavours":[190],"nicotine":[213,232],"class_list":{"0":"post-8238","1":"product","2":"type-product","3":"status-publish","4":"has-post-thumbnail","6":"product_cat-xqs","7":"product_tag-10-mg-pouch","8":"pa_quantity-1-pack","9":"pa_quantity-10-pack","10":"pa_quantity-3-pack","11":"pa_quantity-30-pack","12":"pa_quantity-5-pack","13":"pa_quantity-60-pack","14":"flavours-citrus","15":"format-slim","16":"nicotine-16-mg-g","17":"nicotine-extra-strong","19":"first","20":"instock","21":"taxable","22":"shipping-taxable","23":"product-type-variable"},"acf":[],"_links":{"self":[{"href":"https:\/\/whitelip.com\/fr\/wp-json\/wp\/v2\/product\/8238","targetHints":{"allow":["GET"]}}],"collection":[{"href":"https:\/\/whitelip.com\/fr\/wp-json\/wp\/v2\/product"}],"about":[{"href":"https:\/\/whitelip.com\/fr\/wp-json\/wp\/v2\/types\/product"}],"replies":[{"embeddable":true,"href":"https:\/\/whitelip.com\/fr\/wp-json\/wp\/v2\/comments?post=8238"}],"wp:featuredmedia":[{"embeddable":true,"href":"https:\/\/whitelip.com\/fr\/wp-json\/wp\/v2\/media\/84309"}],"wp:attachment":[{"href":"https:\/\/whitelip.com\/fr\/wp-json\/wp\/v2\/media?parent=8238"}],"wp:term":[{"taxonomy":"product_brand","embeddable":true,"href":"https:\/\/whitelip.com\/fr\/wp-json\/wp\/v2\/product_brand?post=8238"},{"taxonomy":"product_cat","embeddable":true,"href":"https:\/\/whitelip.com\/fr\/wp-json\/wp\/v2\/product_cat?post=8238"},{"taxonomy":"product_tag","embeddable":true,"href":"https:\/\/whitelip.com\/fr\/wp-json\/wp\/v2\/product_tag?post=8238"},{"taxonomy":"flavours","embeddable":true,"href":"https:\/\/whitelip.com\/fr\/wp-json\/wp\/v2\/flavours?post=8238"},{"taxonomy":"format","embeddable":true,"href":"https:\/\/whitelip.com\/fr\/wp-json\/wp\/v2\/format?post=8238"},{"taxonomy":"nicotine","embeddable":true,"href":"https:\/\/whitelip.com\/fr\/wp-json\/wp\/v2\/nicotine?post=8238"}],"curies":[{"name":"wp","href":"https:\/\/api.w.org\/{rel}","templated":true}]}}