{"id":8224,"date":"2024-11-28T12:39:59","date_gmt":"2024-11-28T12:39:59","guid":{"rendered":"https:\/\/whitelip.com\/loop-jalapeno-lime-mini-2\/"},"modified":"2026-04-29T10:11:30","modified_gmt":"2026-04-29T10:11:30","slug":"loop-jalapeno-lime-mini-2","status":"publish","type":"product","link":"https:\/\/whitelip.com\/fr\/loop\/loop-jalapeno-lime-mini-2\/","title":{"rendered":"LOOP Jalape\u00f1o Lime Mini #2"},"content":{"rendered":"<h2><b>LOOP Jalape\u00f1o Lime Mini #2<\/b><\/h2>\n<p><span style=\"font-weight: 400;\">LOOP Jalape\u00f1o Lime Mini #2 offre une combinaison vibrante de citron vert piquant et de jalape\u00f1o subtil, offrant une exp\u00e9rience nicotinique audacieuse et rafra\u00eechissante dans un format compact. Ces mini-pochettes de nicotine sont con\u00e7ues pour une utilisation discr\u00e8te et confortable, s'ins\u00e9rant parfaitement sous la l\u00e8vre. Avec un taux de nicotine doux, LOOP Jalape\u00f1o Lime Mini #2 est id\u00e9al pour les utilisateurs \u00e0 la recherche d'une option douce mais savoureuse. Son m\u00e9lange unique d'\u00e9pices et d'agrumes garantit une exp\u00e9rience satisfaisante et revigorante, \u00e0 tout moment et en tout lieu.<\/span><\/p>\n<table>\n<tbody>\n<tr>\n<td><b>Attribut<\/b><\/td>\n<td><b>D\u00e9tails<\/b><\/td>\n<\/tr>\n<tr>\n<td><span style=\"font-weight: 400;\">Contenu par bo\u00eete<\/span><\/td>\n<td><span style=\"font-weight: 400;\">10g (20 sachets)<\/span><\/td>\n<\/tr>\n<tr>\n<td><span style=\"font-weight: 400;\">Teneur en nicotine<\/span><\/td>\n<td><span style=\"font-weight: 400;\">6 mg\/g<\/span><\/td>\n<\/tr>\n<tr>\n<td><span style=\"font-weight: 400;\">Format de la pochette<\/span><\/td>\n<td><span style=\"font-weight: 400;\">Mini<\/span><\/td>\n<\/tr>\n<tr>\n<td><span style=\"font-weight: 400;\">Producteur<\/span><\/td>\n<td><span style=\"font-weight: 400;\">boucle<\/span><\/td>\n<\/tr>\n<tr>\n<td><span style=\"font-weight: 400;\">Saveur<\/span><\/td>\n<td><span style=\"font-weight: 400;\">Jalape\u00f1o et Citron Vert<\/span><\/td>\n<\/tr>\n<tr>\n<td><span style=\"font-weight: 400;\">Taper<\/span><\/td>\n<td><span style=\"font-weight: 400;\">Pochette enti\u00e8rement blanche, sans tabac<\/span><\/td>\n<\/tr>\n<\/tbody>\n<\/table>","protected":false},"excerpt":{"rendered":"<p>Vibrant <strong data-start=\"8\" data-end=\"25\">jalape\u00f1o citron vert<\/strong> avec des agrumes piquants et un soup\u00e7on d'\u00e9pices. <strong data-start=\"69\" data-end=\"77\">Mini<\/strong>, Les sachets sans tabac se placent discr\u00e8tement sous la l\u00e8vre pour une utilisation confortable en d\u00e9placement. Une force douce et \u00e9quilibr\u00e9e pour un effet liftant doux et savoureux.<\/p>","protected":false},"featured_media":8225,"comment_status":"open","ping_status":"closed","template":"","format":[205],"meta":{"_acf_changed":false},"product_brand":[],"product_cat":[32],"product_tag":[17012],"flavours":[187],"nicotine":[212,232],"class_list":{"0":"post-8224","1":"product","2":"type-product","3":"status-publish","4":"has-post-thumbnail","6":"product_cat-loop","7":"product_tag-6-8-mg-pouch","8":"pa_quantity-1-pack","9":"pa_quantity-10-pack","10":"pa_quantity-3-pack","11":"pa_quantity-30-pack","12":"pa_quantity-5-pack","13":"pa_quantity-60-pack","14":"flavours-chili","15":"format-mini","16":"nicotine-15-mg-g","17":"nicotine-extra-strong","19":"first","20":"instock","21":"taxable","22":"shipping-taxable","23":"purchasable","24":"product-type-variable"},"acf":[],"_links":{"self":[{"href":"https:\/\/whitelip.com\/fr\/wp-json\/wp\/v2\/product\/8224","targetHints":{"allow":["GET"]}}],"collection":[{"href":"https:\/\/whitelip.com\/fr\/wp-json\/wp\/v2\/product"}],"about":[{"href":"https:\/\/whitelip.com\/fr\/wp-json\/wp\/v2\/types\/product"}],"replies":[{"embeddable":true,"href":"https:\/\/whitelip.com\/fr\/wp-json\/wp\/v2\/comments?post=8224"}],"wp:featuredmedia":[{"embeddable":true,"href":"https:\/\/whitelip.com\/fr\/wp-json\/wp\/v2\/media\/8225"}],"wp:attachment":[{"href":"https:\/\/whitelip.com\/fr\/wp-json\/wp\/v2\/media?parent=8224"}],"wp:term":[{"taxonomy":"product_brand","embeddable":true,"href":"https:\/\/whitelip.com\/fr\/wp-json\/wp\/v2\/product_brand?post=8224"},{"taxonomy":"product_cat","embeddable":true,"href":"https:\/\/whitelip.com\/fr\/wp-json\/wp\/v2\/product_cat?post=8224"},{"taxonomy":"product_tag","embeddable":true,"href":"https:\/\/whitelip.com\/fr\/wp-json\/wp\/v2\/product_tag?post=8224"},{"taxonomy":"flavours","embeddable":true,"href":"https:\/\/whitelip.com\/fr\/wp-json\/wp\/v2\/flavours?post=8224"},{"taxonomy":"format","embeddable":true,"href":"https:\/\/whitelip.com\/fr\/wp-json\/wp\/v2\/format?post=8224"},{"taxonomy":"nicotine","embeddable":true,"href":"https:\/\/whitelip.com\/fr\/wp-json\/wp\/v2\/nicotine?post=8224"}],"curies":[{"name":"wp","href":"https:\/\/api.w.org\/{rel}","templated":true}]}}