{"id":8220,"date":"2024-11-28T12:39:36","date_gmt":"2024-11-28T12:39:36","guid":{"rendered":"https:\/\/whitelip.com\/killa-spearmint\/"},"modified":"2026-05-12T10:11:31","modified_gmt":"2026-05-12T10:11:31","slug":"killa-spearmint","status":"publish","type":"product","link":"https:\/\/whitelip.com\/fr\/killa\/killa-spearmint\/","title":{"rendered":"KILLA Menthe verte"},"content":{"rendered":"<h2><b>KILLA Menthe verte<\/b><\/h2>\n<p><span style=\"font-weight: 400;\">Les sachets de nicotine KILLA menthe verte offrent une explosion rafra\u00eechissante de saveur douce de menthe verte combin\u00e9e \u00e0 une exp\u00e9rience nicotinique robuste. Con\u00e7us pour les utilisateurs \u00e0 la recherche d'une sensation forte et revigorante, ces sachets sans tabac offrent un moyen discret et pratique d'appr\u00e9cier la nicotine sans fumer. Le format fin assure une tenue confortable sous la l\u00e8vre, offrant une lib\u00e9ration satisfaisante d'ar\u00f4me et de nicotine.<\/span><\/p>\n<table>\n<tbody>\n<tr>\n<td><b>Attribut<\/b><\/td>\n<td><b>D\u00e9tails<\/b><\/td>\n<\/tr>\n<tr>\n<td><span style=\"font-weight: 400;\">Contenu par bo\u00eete<\/span><\/td>\n<td><span style=\"font-weight: 400;\">16g (20 sachets)<\/span><\/td>\n<\/tr>\n<tr>\n<td><span style=\"font-weight: 400;\">Teneur en nicotine<\/span><\/td>\n<td><span style=\"font-weight: 400;\">16 mg\/g (12,8 mg par sachet)<\/span><\/td>\n<\/tr>\n<tr>\n<td><span style=\"font-weight: 400;\">Format de la pochette<\/span><\/td>\n<td><span style=\"font-weight: 400;\">Mince<\/span><\/td>\n<\/tr>\n<tr>\n<td><span style=\"font-weight: 400;\">Producteur<\/span><\/td>\n<td><span style=\"font-weight: 400;\">NGP Empire<\/span><\/td>\n<\/tr>\n<tr>\n<td><span style=\"font-weight: 400;\">Saveur<\/span><\/td>\n<td><span style=\"font-weight: 400;\">Menthe verte<\/span><\/td>\n<\/tr>\n<tr>\n<td><span style=\"font-weight: 400;\">Taper<\/span><\/td>\n<td><span style=\"font-weight: 400;\">Pochette enti\u00e8rement blanche, sans tabac<\/span><\/td>\n<\/tr>\n<\/tbody>\n<\/table>","protected":false},"excerpt":{"rendered":"<p>Rafra\u00eechissant, doux <strong data-start=\"18\" data-end=\"31\">menthe verte<\/strong> avec un lifting net et revigorant. <strong data-start=\"65\" data-end=\"73\">Mince<\/strong>, Les sachets sans tabac se placent discr\u00e8tement sous la l\u00e8vre pour une utilisation pratique et sans tabac. Chaque sachet contient <strong data-start=\"177\" data-end=\"197\">12,8 mg de nicotine<\/strong>, Le r\u00e9sultat est une lib\u00e9ration forte et satisfaisante.<\/p>","protected":false},"featured_media":8221,"comment_status":"open","ping_status":"closed","template":"","format":[206],"meta":{"_acf_changed":false},"product_brand":[],"product_cat":[64],"product_tag":[16676],"flavours":[199],"nicotine":[213,232],"class_list":{"0":"post-8220","1":"product","2":"type-product","3":"status-publish","4":"has-post-thumbnail","6":"product_cat-killa","7":"product_tag-12-8-mg-pouch","8":"pa_quantity-1-pack","9":"pa_quantity-10-pack","10":"pa_quantity-3-pack","11":"pa_quantity-30-pack","12":"pa_quantity-5-pack","13":"pa_quantity-60-pack","14":"flavours-mint","15":"format-slim","16":"nicotine-16-mg-g","17":"nicotine-extra-strong","19":"first","20":"instock","21":"taxable","22":"shipping-taxable","23":"purchasable","24":"product-type-variable"},"acf":[],"_links":{"self":[{"href":"https:\/\/whitelip.com\/fr\/wp-json\/wp\/v2\/product\/8220","targetHints":{"allow":["GET"]}}],"collection":[{"href":"https:\/\/whitelip.com\/fr\/wp-json\/wp\/v2\/product"}],"about":[{"href":"https:\/\/whitelip.com\/fr\/wp-json\/wp\/v2\/types\/product"}],"replies":[{"embeddable":true,"href":"https:\/\/whitelip.com\/fr\/wp-json\/wp\/v2\/comments?post=8220"}],"wp:featuredmedia":[{"embeddable":true,"href":"https:\/\/whitelip.com\/fr\/wp-json\/wp\/v2\/media\/8221"}],"wp:attachment":[{"href":"https:\/\/whitelip.com\/fr\/wp-json\/wp\/v2\/media?parent=8220"}],"wp:term":[{"taxonomy":"product_brand","embeddable":true,"href":"https:\/\/whitelip.com\/fr\/wp-json\/wp\/v2\/product_brand?post=8220"},{"taxonomy":"product_cat","embeddable":true,"href":"https:\/\/whitelip.com\/fr\/wp-json\/wp\/v2\/product_cat?post=8220"},{"taxonomy":"product_tag","embeddable":true,"href":"https:\/\/whitelip.com\/fr\/wp-json\/wp\/v2\/product_tag?post=8220"},{"taxonomy":"flavours","embeddable":true,"href":"https:\/\/whitelip.com\/fr\/wp-json\/wp\/v2\/flavours?post=8220"},{"taxonomy":"format","embeddable":true,"href":"https:\/\/whitelip.com\/fr\/wp-json\/wp\/v2\/format?post=8220"},{"taxonomy":"nicotine","embeddable":true,"href":"https:\/\/whitelip.com\/fr\/wp-json\/wp\/v2\/nicotine?post=8220"}],"curies":[{"name":"wp","href":"https:\/\/api.w.org\/{rel}","templated":true}]}}