{"id":8214,"date":"2024-11-28T12:39:36","date_gmt":"2024-11-28T12:39:36","guid":{"rendered":"https:\/\/whitelip.com\/killa-melon\/"},"modified":"2026-04-21T10:11:25","modified_gmt":"2026-04-21T10:11:25","slug":"killa-melon","status":"publish","type":"product","link":"https:\/\/whitelip.com\/fr\/killa\/killa-melon\/","title":{"rendered":"KILLA Melon"},"content":{"rendered":"<h2><strong>KILLA Melon<\/strong><\/h2>\n<p>KILLA Melon &#8211; Ressentez le froid glacial sous votre l\u00e8vre avec le go\u00fbt du melon rafra\u00eechissant. La canette contient 20 sachets fins avec une force de nicotine de 16mg\/g.<\/p>\n<ul>\n<li>Go\u00fbt : Melon<\/li>\n<li>Format : Slim<\/li>\n<li>Pochettes : 20 pi\u00e8ces<\/li>\n<li>Nicotine : 16 mg\/g<\/li>\n<li>Poids : 16 g<\/li>\n<li>Marque : <a href=\"https:\/\/whitelip.com\/fr\/killa\/\">TUEUR<\/a><\/li>\n<li>Fabricant : <a href=\"https:\/\/ngpeurope.eu\/en\/\" target=\"_blank\" rel=\"noopener\">N.G.P EUROPE<\/a><\/li>\n<\/ul>\n<p><em><strong>A propos de la marque : KILLA<\/strong><\/em><\/p>\n<p>Explorez les sachets de nicotine KILLA abordables et de haute qualit\u00e9 &#8211; une gamme \u00e9conomique qui ne compromet pas la qualit\u00e9. Avec diverses saveurs passionnantes et des forces de nicotine disponibles, KILLA offre une solution abordable et satisfaisante pour r\u00e9pondre \u00e0 vos besoins en nicotine. Explorez notre gamme de sachets de nicotine KILLA bon march\u00e9 et profitez d'une exp\u00e9rience de nicotine abordable et savoureuse \u00e0 tout moment, n'importe o\u00f9.<\/p>\n<p><em><strong>A propos de Whitelip.se :\u00a0<\/strong><\/em><\/p>\n<p><span data-contrast=\"auto\">Bienvenue sur Whitelip.se, votre destination ultime pour des sachets de nicotine de haute qualit\u00e9. Explorez notre vaste gamme de produits con\u00e7us pour r\u00e9pondre \u00e0 vos besoins en nicotine, avec des livraisons aux \u00c9tats-Unis et en Europe, toutes commod\u00e9ment disponibles avec des options de livraison gratuite \u00e0 la caisse. Am\u00e9liorez votre satisfaction \u00e0 chaque achat, car nous vous proposons des marques de premier ordre et une livraison sans faille \u00e0 votre porte. Faites l'exp\u00e9rience de la commodit\u00e9 ultime et de la qualit\u00e9 sup\u00e9rieure uniquement chez Whitelip.se. Achetez maintenant et laissez-vous tenter par le plaisir des sachets de nicotine blancs de premi\u00e8re qualit\u00e9.<\/span><\/p>","protected":false},"excerpt":{"rendered":"<p>Refroidissement <strong data-start=\"8\" data-end=\"17\">melon<\/strong> avec un go\u00fbt glac\u00e9 et rafra\u00eechissant. <strong data-start=\"56\" data-end=\"64\">Mince<\/strong>, Les sachets sans tabac se placent discr\u00e8tement sous la l\u00e8vre pour une exp\u00e9rience propre et douce. Chaque sachet contient <strong data-start=\"168\" data-end=\"188\">16 mg\/g de nicotine<\/strong>, Le syst\u00e8me d'alimentation en eau potable est tr\u00e8s efficace, offrant un coup de pied puissant et satisfaisant ; <strong data-start=\"228\" data-end=\"250\">20 sachets par bo\u00eete<\/strong>.<\/p>","protected":false},"featured_media":8215,"comment_status":"open","ping_status":"closed","template":"","format":[206],"meta":{"_acf_changed":false},"product_brand":[],"product_cat":[64],"product_tag":[16676],"flavours":[196],"nicotine":[213,232],"class_list":{"0":"post-8214","1":"product","2":"type-product","3":"status-publish","4":"has-post-thumbnail","6":"product_cat-killa","7":"product_tag-12-8-mg-pouch","8":"pa_quantity-1-pack","9":"pa_quantity-10-pack","10":"pa_quantity-3-pack","11":"pa_quantity-30-pack","12":"pa_quantity-5-pack","13":"pa_quantity-60-pack","14":"flavours-fruits-berries","15":"format-slim","16":"nicotine-16-mg-g","17":"nicotine-extra-strong","19":"first","20":"instock","21":"taxable","22":"shipping-taxable","23":"purchasable","24":"product-type-variable"},"acf":[],"_links":{"self":[{"href":"https:\/\/whitelip.com\/fr\/wp-json\/wp\/v2\/product\/8214","targetHints":{"allow":["GET"]}}],"collection":[{"href":"https:\/\/whitelip.com\/fr\/wp-json\/wp\/v2\/product"}],"about":[{"href":"https:\/\/whitelip.com\/fr\/wp-json\/wp\/v2\/types\/product"}],"replies":[{"embeddable":true,"href":"https:\/\/whitelip.com\/fr\/wp-json\/wp\/v2\/comments?post=8214"}],"wp:featuredmedia":[{"embeddable":true,"href":"https:\/\/whitelip.com\/fr\/wp-json\/wp\/v2\/media\/8215"}],"wp:attachment":[{"href":"https:\/\/whitelip.com\/fr\/wp-json\/wp\/v2\/media?parent=8214"}],"wp:term":[{"taxonomy":"product_brand","embeddable":true,"href":"https:\/\/whitelip.com\/fr\/wp-json\/wp\/v2\/product_brand?post=8214"},{"taxonomy":"product_cat","embeddable":true,"href":"https:\/\/whitelip.com\/fr\/wp-json\/wp\/v2\/product_cat?post=8214"},{"taxonomy":"product_tag","embeddable":true,"href":"https:\/\/whitelip.com\/fr\/wp-json\/wp\/v2\/product_tag?post=8214"},{"taxonomy":"flavours","embeddable":true,"href":"https:\/\/whitelip.com\/fr\/wp-json\/wp\/v2\/flavours?post=8214"},{"taxonomy":"format","embeddable":true,"href":"https:\/\/whitelip.com\/fr\/wp-json\/wp\/v2\/format?post=8214"},{"taxonomy":"nicotine","embeddable":true,"href":"https:\/\/whitelip.com\/fr\/wp-json\/wp\/v2\/nicotine?post=8214"}],"curies":[{"name":"wp","href":"https:\/\/api.w.org\/{rel}","templated":true}]}}