{"id":8212,"date":"2024-11-28T12:39:14","date_gmt":"2024-11-28T12:39:14","guid":{"rendered":"https:\/\/whitelip.com\/cuba-black-blueberry\/"},"modified":"2026-03-05T10:21:31","modified_gmt":"2026-03-05T10:21:31","slug":"cuba-black-blueberry","status":"publish","type":"product","link":"https:\/\/whitelip.com\/fr\/cuba\/cuba-black-blueberry\/","title":{"rendered":"CUBA Black Blueberry"},"content":{"rendered":"<h2><b>CUBA Black Blueberry<\/b><\/h2>\n<p><span style=\"font-weight: 400;\">Les pochettes de nicotine CUBA Black Myrtille offrent une saveur riche et juteuse de myrtille combin\u00e9e \u00e0 une teneur \u00e9lev\u00e9e en nicotine de 43 mg par pochette, offrant une exp\u00e9rience intense et satisfaisante. Chaque bo\u00eete contient 20 pochettes au format slim, con\u00e7ues pour un usage discret sans tacher les dents. Produits par CUBA, un fabricant polonais connu pour allier les m\u00e9thodes contemporaines \u00e0 la qualit\u00e9 traditionnelle, ces pochettes exemplifient les normes \u00e9lev\u00e9es et les combinaisons de saveurs innovantes.<\/span><\/p>\n<p><b>Sp\u00e9cifications<\/b><\/p>\n<table>\n<tbody>\n<tr>\n<td><b>Attribut<\/b><\/td>\n<td><b>D\u00e9tails<\/b><\/td>\n<\/tr>\n<tr>\n<td><b>Contenu par bo\u00eete<\/b><\/td>\n<td><span style=\"font-weight: 400;\">13g (20 sachets)<\/span><\/td>\n<\/tr>\n<tr>\n<td><b>Teneur en nicotine<\/b><\/td>\n<td><span style=\"font-weight: 400;\">43 mg\/g (43 mg par sachet)<\/span><\/td>\n<\/tr>\n<tr>\n<td><b>Format de la pochette<\/b><\/td>\n<td><span style=\"font-weight: 400;\">Mince<\/span><\/td>\n<\/tr>\n<tr>\n<td><b>Producteur<\/b><\/td>\n<td><span style=\"font-weight: 400;\">CUBA<\/span><\/td>\n<\/tr>\n<tr>\n<td><b>Saveur<\/b><\/td>\n<td><span style=\"font-weight: 400;\">Myrtille<\/span><\/td>\n<\/tr>\n<tr>\n<td><b>Taper<\/b><\/td>\n<td><span style=\"font-weight: 400;\">Pochette toute blanche<\/span><\/td>\n<\/tr>\n<\/tbody>\n<\/table>\n<p>\u00a0<\/p>","protected":false},"excerpt":{"rendered":"<p><span style=\"font-weight: 400;\">Les pochettes de nicotine CUBA Black Myrtille offrent une saveur riche et juteuse de myrtille combin\u00e9e \u00e0 une teneur \u00e9lev\u00e9e en nicotine de 43 mg par pochette, offrant une exp\u00e9rience intense et satisfaisante. Chaque bo\u00eete contient 20 pochettes au format slim, con\u00e7ues pour un usage discret sans tacher les dents. Produits par CUBA, un fabricant polonais connu pour allier les m\u00e9thodes contemporaines \u00e0 la qualit\u00e9 traditionnelle, ces pochettes exemplifient les normes \u00e9lev\u00e9es et les combinaisons de saveurs innovantes.<\/span><\/p>","protected":false},"featured_media":8213,"comment_status":"open","ping_status":"closed","template":"","format":[206],"meta":{"_acf_changed":false},"product_brand":[],"product_cat":[46],"product_tag":[16567],"flavours":[196],"nicotine":[227,233],"class_list":{"0":"post-8212","1":"product","2":"type-product","3":"status-publish","4":"has-post-thumbnail","6":"product_cat-cuba","7":"product_tag-43-mg-pouch","8":"pa_quantity-1-pack","9":"pa_quantity-10-pack","10":"pa_quantity-3-pack","11":"pa_quantity-30-pack","12":"pa_quantity-5-pack","13":"pa_quantity-60-pack","14":"flavours-fruits-berries","15":"format-slim","16":"nicotine-43-mg-g","17":"nicotine-extreme","19":"first","20":"outofstock","21":"taxable","22":"shipping-taxable","23":"purchasable","24":"product-type-variable"},"acf":[],"_links":{"self":[{"href":"https:\/\/whitelip.com\/fr\/wp-json\/wp\/v2\/product\/8212","targetHints":{"allow":["GET"]}}],"collection":[{"href":"https:\/\/whitelip.com\/fr\/wp-json\/wp\/v2\/product"}],"about":[{"href":"https:\/\/whitelip.com\/fr\/wp-json\/wp\/v2\/types\/product"}],"replies":[{"embeddable":true,"href":"https:\/\/whitelip.com\/fr\/wp-json\/wp\/v2\/comments?post=8212"}],"wp:featuredmedia":[{"embeddable":true,"href":"https:\/\/whitelip.com\/fr\/wp-json\/wp\/v2\/media\/8213"}],"wp:attachment":[{"href":"https:\/\/whitelip.com\/fr\/wp-json\/wp\/v2\/media?parent=8212"}],"wp:term":[{"taxonomy":"product_brand","embeddable":true,"href":"https:\/\/whitelip.com\/fr\/wp-json\/wp\/v2\/product_brand?post=8212"},{"taxonomy":"product_cat","embeddable":true,"href":"https:\/\/whitelip.com\/fr\/wp-json\/wp\/v2\/product_cat?post=8212"},{"taxonomy":"product_tag","embeddable":true,"href":"https:\/\/whitelip.com\/fr\/wp-json\/wp\/v2\/product_tag?post=8212"},{"taxonomy":"flavours","embeddable":true,"href":"https:\/\/whitelip.com\/fr\/wp-json\/wp\/v2\/flavours?post=8212"},{"taxonomy":"format","embeddable":true,"href":"https:\/\/whitelip.com\/fr\/wp-json\/wp\/v2\/format?post=8212"},{"taxonomy":"nicotine","embeddable":true,"href":"https:\/\/whitelip.com\/fr\/wp-json\/wp\/v2\/nicotine?post=8212"}],"curies":[{"name":"wp","href":"https:\/\/api.w.org\/{rel}","templated":true}]}}