{"id":8210,"date":"2024-11-28T12:39:14","date_gmt":"2024-11-28T12:39:14","guid":{"rendered":"https:\/\/whitelip.com\/zxs-melon-freeze-slim\/"},"modified":"2026-04-28T10:11:17","modified_gmt":"2026-04-28T10:11:17","slug":"zxs-melon-freeze-slim","status":"publish","type":"product","link":"https:\/\/whitelip.com\/fr\/zxs\/zxs-melon-freeze-slim\/","title":{"rendered":"Z!XS Melon Freeze Slim"},"content":{"rendered":"<h2><b>Z!XS Melon Freeze Slim<\/b><\/h2>\n<p><span style=\"font-weight: 400;\">Z!XS Melon Freeze Slim combine le <\/span><b>go\u00fbt sucr\u00e9 et juteux du melon<\/b><span style=\"font-weight: 400;\"> avec une <\/span><b>touche de menthe glac\u00e9e<\/b><span style=\"font-weight: 400;\">, offrant une exp\u00e9rience nicotin\u00e9e rafra\u00eechissante et fruit\u00e9e. Ce m\u00e9lange unique offre un \u00e9quilibre parfait entre la douceur naturelle et la fra\u00eecheur glac\u00e9e, id\u00e9al pour les utilisateurs recherchant un profil de saveur lisse mais vivifiant. Chaque sachet slim blanc offre <\/span><b>10 mg de nicotine<\/b><span style=\"font-weight: 400;\">, offrant une lib\u00e9ration forte et r\u00e9guli\u00e8re pour une utilisation satisfaisante.<\/span><\/p>\n<p><span style=\"font-weight: 400;\">Le format slim assure un ajustement discret et confortable sous la l\u00e8vre, le rendant parfait pour un plaisir propre et sans taches \u00e0 tout moment, n'importe o\u00f9. Fabriqu\u00e9 enti\u00e8rement sans tabac et compos\u00e9 de mat\u00e9riaux de haute qualit\u00e9 \u00e0 base de plantes, Z!XS Melon Freeze Slim offre une alternative nicotin\u00e9e moderne avec une explosion fruit\u00e9e et une finition glac\u00e9e croquante.<\/span><\/p>\n<table>\n<tbody>\n<tr>\n<td><b>Attribut<\/b><\/td>\n<td><b>D\u00e9tails<\/b><\/td>\n<\/tr>\n<tr>\n<td><b>Marque<\/b><\/td>\n<td><span style=\"font-weight: 400;\">Z!XS<\/span><\/td>\n<\/tr>\n<tr>\n<td><b>Type de produit<\/b><\/td>\n<td><span style=\"font-weight: 400;\">Tous les sachets de nicotine blancs<\/span><\/td>\n<\/tr>\n<tr>\n<td><b>Format<\/b><\/td>\n<td><span style=\"font-weight: 400;\">Mince<\/span><\/td>\n<\/tr>\n<tr>\n<td><b>Saveur<\/b><\/td>\n<td><span style=\"font-weight: 400;\">Melon et menthe<\/span><\/td>\n<\/tr>\n<tr>\n<td><b>Intensit\u00e9 de la nicotine<\/b><\/td>\n<td><span style=\"font-weight: 400;\">10 mg par sachet<\/span><\/td>\n<\/tr>\n<tr>\n<td><b>Poids de la portion<\/b><\/td>\n<td><span style=\"font-weight: 400;\">0,7 grammes<\/span><\/td>\n<\/tr>\n<tr>\n<td><b>Nombre de portions<\/b><\/td>\n<td><span style=\"font-weight: 400;\">20 par bo\u00eete<\/span><\/td>\n<\/tr>\n<tr>\n<td><b>Poids total de la bo\u00eete<\/b><\/td>\n<td><span style=\"font-weight: 400;\">14 grammes<\/span><\/td>\n<\/tr>\n<tr>\n<td><b>Fabricant<\/b><\/td>\n<td><span style=\"font-weight: 400;\">Z!XS International<\/span><\/td>\n<\/tr>\n<tr>\n<td><b>Caract\u00e9ristiques notables<\/b><\/td>\n<td><span style=\"font-weight: 400;\">Sans tabac, format slim, saveur sucr\u00e9e de melon avec une touche de menthe glac\u00e9e<\/span><\/td>\n<\/tr>\n<\/tbody>\n<\/table>","protected":false},"excerpt":{"rendered":"<p>Z!XS <strong data-start=\"5\" data-end=\"21\">Gel du melon<\/strong> <strong data-start=\"22\" data-end=\"30\">mince<\/strong> fusionne le melon sucr\u00e9 et juteux avec une touche de menthe glac\u00e9e vivifiante pour un profil fruit\u00e9e et rafra\u00eechissant. Les sachets blanc offrent un aspect discret et confortable. Chaque sachet contient <strong data-start=\"204\" data-end=\"222\">10 mg de nicotine<\/strong> pour une lib\u00e9ration forte et r\u00e9guli\u00e8re.<\/p>","protected":false},"featured_media":8211,"comment_status":"open","ping_status":"closed","template":"","format":[206],"meta":{"_acf_changed":false},"product_brand":[],"product_cat":[39],"product_tag":[16587],"flavours":[196],"nicotine":[213,232],"class_list":{"0":"post-8210","1":"product","2":"type-product","3":"status-publish","4":"has-post-thumbnail","6":"product_cat-zxs","7":"product_tag-10-mg-pouch","8":"pa_quantity-1-pack","9":"pa_quantity-10-pack","10":"pa_quantity-3-pack","11":"pa_quantity-30-pack","12":"pa_quantity-5-pack","13":"pa_quantity-60-pack","14":"flavours-fruits-berries","15":"format-slim","16":"nicotine-16-mg-g","17":"nicotine-extra-strong","19":"first","20":"instock","21":"taxable","22":"shipping-taxable","23":"purchasable","24":"product-type-variable"},"acf":[],"_links":{"self":[{"href":"https:\/\/whitelip.com\/fr\/wp-json\/wp\/v2\/product\/8210","targetHints":{"allow":["GET"]}}],"collection":[{"href":"https:\/\/whitelip.com\/fr\/wp-json\/wp\/v2\/product"}],"about":[{"href":"https:\/\/whitelip.com\/fr\/wp-json\/wp\/v2\/types\/product"}],"replies":[{"embeddable":true,"href":"https:\/\/whitelip.com\/fr\/wp-json\/wp\/v2\/comments?post=8210"}],"wp:featuredmedia":[{"embeddable":true,"href":"https:\/\/whitelip.com\/fr\/wp-json\/wp\/v2\/media\/8211"}],"wp:attachment":[{"href":"https:\/\/whitelip.com\/fr\/wp-json\/wp\/v2\/media?parent=8210"}],"wp:term":[{"taxonomy":"product_brand","embeddable":true,"href":"https:\/\/whitelip.com\/fr\/wp-json\/wp\/v2\/product_brand?post=8210"},{"taxonomy":"product_cat","embeddable":true,"href":"https:\/\/whitelip.com\/fr\/wp-json\/wp\/v2\/product_cat?post=8210"},{"taxonomy":"product_tag","embeddable":true,"href":"https:\/\/whitelip.com\/fr\/wp-json\/wp\/v2\/product_tag?post=8210"},{"taxonomy":"flavours","embeddable":true,"href":"https:\/\/whitelip.com\/fr\/wp-json\/wp\/v2\/flavours?post=8210"},{"taxonomy":"format","embeddable":true,"href":"https:\/\/whitelip.com\/fr\/wp-json\/wp\/v2\/format?post=8210"},{"taxonomy":"nicotine","embeddable":true,"href":"https:\/\/whitelip.com\/fr\/wp-json\/wp\/v2\/nicotine?post=8210"}],"curies":[{"name":"wp","href":"https:\/\/api.w.org\/{rel}","templated":true}]}}