{"id":8208,"date":"2024-11-28T12:39:13","date_gmt":"2024-11-28T12:39:13","guid":{"rendered":"https:\/\/whitelip.com\/zyn-black-cherry-3mg\/"},"modified":"2026-04-28T13:18:50","modified_gmt":"2026-04-28T13:18:50","slug":"zyn-black-cherry-3mg","status":"publish","type":"product","link":"https:\/\/whitelip.com\/fr\/zyn\/zyn-black-cherry-3mg\/","title":{"rendered":"ZYN Black Cherry 3mg"},"content":{"rendered":"<h2><b>ZYN Black Cherry 3mg<\/b><\/h2>\n<p><span style=\"font-weight: 400;\">ZYN Black Cherry 3mg offre un profil de saveur luxueux et de type dessert, combinant le go\u00fbt riche des cerises noires avec des touches subtiles d'amande et de caramel. Ce m\u00e9lange offre un \u00e9quilibre parfait entre douceur, richesse et acidit\u00e9, compl\u00e9t\u00e9 par une l\u00e9g\u00e8re noisette sal\u00e9e de l'amande, ce qui en fait un dessert id\u00e9al apr\u00e8s le repas.<\/span><\/p>\n<p><span style=\"font-weight: 400;\">Chaque pochette mini de couleur blanche contient 3 mg de nicotine, offrant une lib\u00e9ration mod\u00e9r\u00e9e et r\u00e9guli\u00e8re adapt\u00e9e \u00e0 ceux qui recherchent une exp\u00e9rience de nicotine plus l\u00e9g\u00e8re. Le format mini sec assure un ajustement discret et confortable sous la l\u00e8vre, permettant une utilisation propre et sans taches \u00e0 tout moment. Fabriqu\u00e9 enti\u00e8rement \u00e0 partir de mat\u00e9riaux v\u00e9g\u00e9taux de haute qualit\u00e9, ZYN Black Cherry 3mg offre une alternative de nicotine moderne et agr\u00e9able avec un profil de saveur unique.<\/span><\/p>\n<table>\n<tbody>\n<tr>\n<td><b>Attribut<\/b><\/td>\n<td><b>D\u00e9tails<\/b><\/td>\n<\/tr>\n<tr>\n<td><span style=\"font-weight: 400;\">Marque<\/span><\/td>\n<td><span style=\"font-weight: 400;\">ZYN<\/span><\/td>\n<\/tr>\n<tr>\n<td><span style=\"font-weight: 400;\">Type de produit<\/span><\/td>\n<td><span style=\"font-weight: 400;\">Tous les sachets de nicotine blancs<\/span><\/td>\n<\/tr>\n<tr>\n<td><span style=\"font-weight: 400;\">Format<\/span><\/td>\n<td><span style=\"font-weight: 400;\">Mini Dry<\/span><\/td>\n<\/tr>\n<tr>\n<td><span style=\"font-weight: 400;\">Saveur<\/span><\/td>\n<td><span style=\"font-weight: 400;\">Cerise noire, amande et caramel<\/span><\/td>\n<\/tr>\n<tr>\n<td><span style=\"font-weight: 400;\">Intensit\u00e9 de la nicotine<\/span><\/td>\n<td><span style=\"font-weight: 400;\">3 mg par sachet<\/span><\/td>\n<\/tr>\n<tr>\n<td><span style=\"font-weight: 400;\">Poids de la portion<\/span><\/td>\n<td><span style=\"font-weight: 400;\">0,4 grammes<\/span><\/td>\n<\/tr>\n<tr>\n<td><span style=\"font-weight: 400;\">Nombre de portions<\/span><\/td>\n<td><span style=\"font-weight: 400;\">20 par bo\u00eete<\/span><\/td>\n<\/tr>\n<tr>\n<td><span style=\"font-weight: 400;\">Poids total de la bo\u00eete<\/span><\/td>\n<td><span style=\"font-weight: 400;\">8 grammes<\/span><\/td>\n<\/tr>\n<tr>\n<td><span style=\"font-weight: 400;\">Fabricant<\/span><\/td>\n<td><span style=\"font-weight: 400;\">Swedish Match<\/span><\/td>\n<\/tr>\n<tr>\n<td><span style=\"font-weight: 400;\">Caract\u00e9ristiques notables<\/span><\/td>\n<td><span style=\"font-weight: 400;\">Sans tabac, format mini, saveur de cerise de type dessert<\/span><\/td>\n<\/tr>\n<\/tbody>\n<\/table>","protected":false},"excerpt":{"rendered":"<p><strong>Nouveau mod\u00e8le ! Pendant la p\u00e9riode de transition, les deux mod\u00e8les peuvent \u00eatre vendus.<\/strong><\/p>\n<p>ZYN <strong data-start=\"4\" data-end=\"20\">Cerise noire<\/strong> offre une cerise noire riche avec des touches subtiles d'amande et de caramel pour un profil de type dessert, \u00e9quilibrant la douceur, la profondeur et une acidit\u00e9 douce. Chaque pochette contient <strong data-start=\"175\" data-end=\"192\">3 mg de nicotine<\/strong> pour une finition l\u00e9g\u00e8re et satisfaisante.<\/p>","protected":false},"featured_media":8209,"comment_status":"open","ping_status":"closed","template":"","format":[205],"meta":{"_acf_changed":false},"product_brand":[],"product_cat":[37],"product_tag":[16579],"flavours":[196],"nicotine":[230,236],"class_list":{"0":"post-8208","1":"product","2":"type-product","3":"status-publish","4":"has-post-thumbnail","6":"product_cat-zyn","7":"product_tag-3-mg-pouch","8":"pa_quantity-1-pack","9":"pa_quantity-10-pack","10":"pa_quantity-3-pack","11":"pa_quantity-30-pack","12":"pa_quantity-5-pack","13":"pa_quantity-60-pack","14":"flavours-fruits-berries","15":"format-mini","16":"nicotine-8-mg-g","17":"nicotine-strong","19":"first","20":"instock","21":"sold-individually","22":"taxable","23":"shipping-taxable","24":"purchasable","25":"product-type-variable"},"acf":[],"_links":{"self":[{"href":"https:\/\/whitelip.com\/fr\/wp-json\/wp\/v2\/product\/8208","targetHints":{"allow":["GET"]}}],"collection":[{"href":"https:\/\/whitelip.com\/fr\/wp-json\/wp\/v2\/product"}],"about":[{"href":"https:\/\/whitelip.com\/fr\/wp-json\/wp\/v2\/types\/product"}],"replies":[{"embeddable":true,"href":"https:\/\/whitelip.com\/fr\/wp-json\/wp\/v2\/comments?post=8208"}],"wp:featuredmedia":[{"embeddable":true,"href":"https:\/\/whitelip.com\/fr\/wp-json\/wp\/v2\/media\/8209"}],"wp:attachment":[{"href":"https:\/\/whitelip.com\/fr\/wp-json\/wp\/v2\/media?parent=8208"}],"wp:term":[{"taxonomy":"product_brand","embeddable":true,"href":"https:\/\/whitelip.com\/fr\/wp-json\/wp\/v2\/product_brand?post=8208"},{"taxonomy":"product_cat","embeddable":true,"href":"https:\/\/whitelip.com\/fr\/wp-json\/wp\/v2\/product_cat?post=8208"},{"taxonomy":"product_tag","embeddable":true,"href":"https:\/\/whitelip.com\/fr\/wp-json\/wp\/v2\/product_tag?post=8208"},{"taxonomy":"flavours","embeddable":true,"href":"https:\/\/whitelip.com\/fr\/wp-json\/wp\/v2\/flavours?post=8208"},{"taxonomy":"format","embeddable":true,"href":"https:\/\/whitelip.com\/fr\/wp-json\/wp\/v2\/format?post=8208"},{"taxonomy":"nicotine","embeddable":true,"href":"https:\/\/whitelip.com\/fr\/wp-json\/wp\/v2\/nicotine?post=8208"}],"curies":[{"name":"wp","href":"https:\/\/api.w.org\/{rel}","templated":true}]}}