{"id":8188,"date":"2024-11-28T12:38:50","date_gmt":"2024-11-28T12:38:50","guid":{"rendered":"https:\/\/whitelip.com\/zxs-north-ice-slim\/"},"modified":"2026-04-13T17:45:31","modified_gmt":"2026-04-13T17:45:31","slug":"zxs-north-ice-slim","status":"publish","type":"product","link":"https:\/\/whitelip.com\/fr\/zxs\/zxs-north-ice-slim\/","title":{"rendered":"Z!XS North Ice Slim"},"content":{"rendered":"<h2><b>Z!XS North Ice Slim<\/b><\/h2>\n<p><span style=\"font-weight: 400;\">Le Z!XS North Ice Slim offre une <\/span><b>go\u00fbt intense de menthe glac\u00e9e<\/b><span style=\"font-weight: 400;\"> avec un effet de refroidissement vif et rafra\u00eechissant, cr\u00e9ant une exp\u00e9rience nicotinique revitalisante. Parfait pour les utilisateurs qui appr\u00e9cient un profil de menthe propre et puissant, chaque sachet mince et enti\u00e8rement blanc contient <\/span><b>10 mg de nicotine<\/b><span style=\"font-weight: 400;\">, L'utilisation d'un syst\u00e8me d'ouverture \u00e0 l'aide d'une cl\u00e9 de contact permet un d\u00e9clenchement fort et r\u00e9gulier pour une utilisation satisfaisante.<\/span><\/p>\n<p><span style=\"font-weight: 400;\">Le format mince assure une tenue discr\u00e8te et confortable sous la l\u00e8vre, offrant une alternative propre et sans tabac sans tacher les dents. Fabriqu\u00e9 \u00e0 partir de mat\u00e9riaux v\u00e9g\u00e9taux de haute qualit\u00e9, Z!XS North Ice Slim associe des sensations de fra\u00eecheur audacieuses \u00e0 un taux de nicotine fiable, ce qui en fait un choix id\u00e9al pour ceux qui pr\u00e9f\u00e8rent un sachet vif et revigorant.<\/span><\/p>\n<table>\n<tbody>\n<tr>\n<td><b>Attribut<\/b><\/td>\n<td><b>D\u00e9tails<\/b><\/td>\n<\/tr>\n<tr>\n<td><b>Marque<\/b><\/td>\n<td><span style=\"font-weight: 400;\">Z!XS<\/span><\/td>\n<\/tr>\n<tr>\n<td><b>Type de produit<\/b><\/td>\n<td><span style=\"font-weight: 400;\">Tous les sachets de nicotine blancs<\/span><\/td>\n<\/tr>\n<tr>\n<td><b>Format<\/b><\/td>\n<td><span style=\"font-weight: 400;\">Mince<\/span><\/td>\n<\/tr>\n<tr>\n<td><b>Saveur<\/b><\/td>\n<td><span style=\"font-weight: 400;\">Menthe glaciale<\/span><\/td>\n<\/tr>\n<tr>\n<td><b>Intensit\u00e9 de la nicotine<\/b><\/td>\n<td><span style=\"font-weight: 400;\">10 mg par sachet<\/span><\/td>\n<\/tr>\n<tr>\n<td><b>Poids de la portion<\/b><\/td>\n<td><span style=\"font-weight: 400;\">0,7 grammes<\/span><\/td>\n<\/tr>\n<tr>\n<td><b>Nombre de portions<\/b><\/td>\n<td><span style=\"font-weight: 400;\">20 par bo\u00eete<\/span><\/td>\n<\/tr>\n<tr>\n<td><b>Poids total de la bo\u00eete<\/b><\/td>\n<td><span style=\"font-weight: 400;\">14 grammes<\/span><\/td>\n<\/tr>\n<tr>\n<td><b>Fabricant<\/b><\/td>\n<td><span style=\"font-weight: 400;\">Z!XS International<\/span><\/td>\n<\/tr>\n<tr>\n<td><b>Caract\u00e9ristiques notables<\/b><\/td>\n<td><span style=\"font-weight: 400;\">Sans tabac, format slim, saveur vive et rafra\u00eechissante de menthe glac\u00e9e<\/span><\/td>\n<\/tr>\n<\/tbody>\n<\/table>","protected":false},"excerpt":{"rendered":"<p>Z!XS <strong data-start=\"5\" data-end=\"18\">Glace de mer<\/strong> <strong data-start=\"19\" data-end=\"27\">mince<\/strong> Le produit \"menthe glac\u00e9e\" offre un effet rafra\u00eechissant intense et vif. Les sachets enti\u00e8rement blancs sont discrets et confortables. Chaque sachet contient <strong data-start=\"167\" data-end=\"185\">10 mg de nicotine<\/strong> pour une lib\u00e9ration forte et r\u00e9guli\u00e8re.<\/p>","protected":false},"featured_media":8189,"comment_status":"open","ping_status":"closed","template":"","format":[206],"meta":{"_acf_changed":false},"product_brand":[],"product_cat":[39],"product_tag":[16587],"flavours":[199],"nicotine":[213,232],"class_list":{"0":"post-8188","1":"product","2":"type-product","3":"status-publish","4":"has-post-thumbnail","6":"product_cat-zxs","7":"product_tag-10-mg-pouch","8":"pa_quantity-1-pack","9":"pa_quantity-10-pack","10":"pa_quantity-3-pack","11":"pa_quantity-30-pack","12":"pa_quantity-5-pack","13":"pa_quantity-60-pack","14":"flavours-mint","15":"format-slim","16":"nicotine-16-mg-g","17":"nicotine-extra-strong","19":"first","20":"instock","21":"taxable","22":"shipping-taxable","23":"purchasable","24":"product-type-variable"},"acf":[],"_links":{"self":[{"href":"https:\/\/whitelip.com\/fr\/wp-json\/wp\/v2\/product\/8188","targetHints":{"allow":["GET"]}}],"collection":[{"href":"https:\/\/whitelip.com\/fr\/wp-json\/wp\/v2\/product"}],"about":[{"href":"https:\/\/whitelip.com\/fr\/wp-json\/wp\/v2\/types\/product"}],"replies":[{"embeddable":true,"href":"https:\/\/whitelip.com\/fr\/wp-json\/wp\/v2\/comments?post=8188"}],"wp:featuredmedia":[{"embeddable":true,"href":"https:\/\/whitelip.com\/fr\/wp-json\/wp\/v2\/media\/8189"}],"wp:attachment":[{"href":"https:\/\/whitelip.com\/fr\/wp-json\/wp\/v2\/media?parent=8188"}],"wp:term":[{"taxonomy":"product_brand","embeddable":true,"href":"https:\/\/whitelip.com\/fr\/wp-json\/wp\/v2\/product_brand?post=8188"},{"taxonomy":"product_cat","embeddable":true,"href":"https:\/\/whitelip.com\/fr\/wp-json\/wp\/v2\/product_cat?post=8188"},{"taxonomy":"product_tag","embeddable":true,"href":"https:\/\/whitelip.com\/fr\/wp-json\/wp\/v2\/product_tag?post=8188"},{"taxonomy":"flavours","embeddable":true,"href":"https:\/\/whitelip.com\/fr\/wp-json\/wp\/v2\/flavours?post=8188"},{"taxonomy":"format","embeddable":true,"href":"https:\/\/whitelip.com\/fr\/wp-json\/wp\/v2\/format?post=8188"},{"taxonomy":"nicotine","embeddable":true,"href":"https:\/\/whitelip.com\/fr\/wp-json\/wp\/v2\/nicotine?post=8188"}],"curies":[{"name":"wp","href":"https:\/\/api.w.org\/{rel}","templated":true}]}}