{"id":8172,"date":"2024-11-28T12:38:49","date_gmt":"2024-11-28T12:38:49","guid":{"rendered":"https:\/\/whitelip.com\/pablo-exclusive-bubblegum-50mg\/"},"modified":"2026-04-23T10:11:11","modified_gmt":"2026-04-23T10:11:11","slug":"pablo-exclusive-bubblegum-50mg","status":"publish","type":"product","link":"https:\/\/whitelip.com\/fr\/pablo\/pablo-exclusive-bubblegum-50mg\/","title":{"rendered":"PABLO Exclusive Bubblegum 50mg"},"content":{"rendered":"<h2><b>PABLO Exclusive Bubblegum 50mg<\/b><\/h2>\n<p><span style=\"font-weight: 400;\">Les sachets de nicotine PABLO Exclusive Bubblegum 50mg offrent une saveur unique et sucr\u00e9e de bubblegum associ\u00e9e \u00e0 un taux de nicotine exceptionnellement \u00e9lev\u00e9 pour une exp\u00e9rience audacieuse et puissante. Ces sachets minces, sans tabac, sont con\u00e7us pour une utilisation discr\u00e8te et confortable, s'adaptant parfaitement sous la l\u00e8vre. Con\u00e7u pour les utilisateurs exp\u00e9riment\u00e9s, PABLO Exclusive Bubblegum offre une lib\u00e9ration constante de l'ar\u00f4me et de la nicotine, ce qui en fait un choix exceptionnel pour ceux qui recherchent quelque chose de distinctif et de puissant.<\/span><\/p>\n<table>\n<tbody>\n<tr>\n<td><b>Attribut<\/b><\/td>\n<td><b>D\u00e9tails<\/b><\/td>\n<\/tr>\n<tr>\n<td><span style=\"font-weight: 400;\">Contenu par bo\u00eete<\/span><\/td>\n<td><span style=\"font-weight: 400;\">15g (20 sachets)<\/span><\/td>\n<\/tr>\n<tr>\n<td><span style=\"font-weight: 400;\">Teneur en nicotine<\/span><\/td>\n<td><span style=\"font-weight: 400;\">50 mg\/g (30 mg par sachet)<\/span><\/td>\n<\/tr>\n<tr>\n<td><span style=\"font-weight: 400;\">Format de la pochette<\/span><\/td>\n<td><span style=\"font-weight: 400;\">Mince<\/span><\/td>\n<\/tr>\n<tr>\n<td><span style=\"font-weight: 400;\">Producteur<\/span><\/td>\n<td><span style=\"font-weight: 400;\">N.G.P. Empire<\/span><\/td>\n<\/tr>\n<tr>\n<td><span style=\"font-weight: 400;\">Saveur<\/span><\/td>\n<td><span style=\"font-weight: 400;\">Bubblegum<\/span><\/td>\n<\/tr>\n<tr>\n<td><span style=\"font-weight: 400;\">Taper<\/span><\/td>\n<td><span style=\"font-weight: 400;\">Pochette enti\u00e8rement blanche, sans tabac<\/span><\/td>\n<\/tr>\n<\/tbody>\n<\/table>","protected":false},"excerpt":{"rendered":"<p><span style=\"font-weight: 400;\">Les sachets de nicotine PABLO Exclusive Bubblegum 50mg d\u00e9livrent une douce sensation de fra\u00eecheur. <strong data-start=\"64\" data-end=\"77\">Bubblegum<\/strong> avec une intensit\u00e9 tr\u00e8s \u00e9lev\u00e9e. <strong data-start=\"112\" data-end=\"120\">Mince<\/strong>, Le format sans tabac permet une utilisation discr\u00e8te et confortable ainsi qu'une lib\u00e9ration r\u00e9guli\u00e8re. Chaque sachet contient <strong data-start=\"214\" data-end=\"234\">30 mg de nicotine<\/strong>.<\/span><\/p>","protected":false},"featured_media":8173,"comment_status":"open","ping_status":"closed","template":"","format":[206],"meta":{"_acf_changed":false},"product_brand":[],"product_cat":[44],"product_tag":[16605],"flavours":[185],"nicotine":[226,233],"class_list":{"0":"post-8172","1":"product","2":"type-product","3":"status-publish","4":"has-post-thumbnail","6":"product_cat-pablo","7":"product_tag-30-mg-pouch","8":"pa_quantity-1-pack","9":"pa_quantity-10-pack","10":"pa_quantity-3-pack","11":"pa_quantity-30-pack","12":"pa_quantity-5-pack","13":"pa_quantity-60-pack","14":"flavours-candy","15":"format-slim","16":"nicotine-50-mg-g","17":"nicotine-extreme","19":"first","20":"instock","21":"taxable","22":"shipping-taxable","23":"purchasable","24":"product-type-variable"},"acf":[],"_links":{"self":[{"href":"https:\/\/whitelip.com\/fr\/wp-json\/wp\/v2\/product\/8172","targetHints":{"allow":["GET"]}}],"collection":[{"href":"https:\/\/whitelip.com\/fr\/wp-json\/wp\/v2\/product"}],"about":[{"href":"https:\/\/whitelip.com\/fr\/wp-json\/wp\/v2\/types\/product"}],"replies":[{"embeddable":true,"href":"https:\/\/whitelip.com\/fr\/wp-json\/wp\/v2\/comments?post=8172"}],"wp:featuredmedia":[{"embeddable":true,"href":"https:\/\/whitelip.com\/fr\/wp-json\/wp\/v2\/media\/8173"}],"wp:attachment":[{"href":"https:\/\/whitelip.com\/fr\/wp-json\/wp\/v2\/media?parent=8172"}],"wp:term":[{"taxonomy":"product_brand","embeddable":true,"href":"https:\/\/whitelip.com\/fr\/wp-json\/wp\/v2\/product_brand?post=8172"},{"taxonomy":"product_cat","embeddable":true,"href":"https:\/\/whitelip.com\/fr\/wp-json\/wp\/v2\/product_cat?post=8172"},{"taxonomy":"product_tag","embeddable":true,"href":"https:\/\/whitelip.com\/fr\/wp-json\/wp\/v2\/product_tag?post=8172"},{"taxonomy":"flavours","embeddable":true,"href":"https:\/\/whitelip.com\/fr\/wp-json\/wp\/v2\/flavours?post=8172"},{"taxonomy":"format","embeddable":true,"href":"https:\/\/whitelip.com\/fr\/wp-json\/wp\/v2\/format?post=8172"},{"taxonomy":"nicotine","embeddable":true,"href":"https:\/\/whitelip.com\/fr\/wp-json\/wp\/v2\/nicotine?post=8172"}],"curies":[{"name":"wp","href":"https:\/\/api.w.org\/{rel}","templated":true}]}}