{"id":8154,"date":"2024-11-28T12:38:26","date_gmt":"2024-11-28T12:38:26","guid":{"rendered":"https:\/\/whitelip.com\/killa-banana-ice\/"},"modified":"2026-04-13T17:37:18","modified_gmt":"2026-04-13T17:37:18","slug":"killa-banana-ice","status":"publish","type":"product","link":"https:\/\/whitelip.com\/fr\/killa\/killa-banana-ice\/","title":{"rendered":"KILLA Banana Ice"},"content":{"rendered":"<h2><b>KILLA Banana Ice<\/b><\/h2>\n<p><span style=\"font-weight: 400;\">Les sachets de nicotine KILLA Banana Ice offrent une fusion tropicale de saveur de banane sucr\u00e9e compl\u00e9t\u00e9e par un menthol glac\u00e9 et rafra\u00eechissant. Cette combinaison offre une exp\u00e9rience unique et revigorante, ce qui en fait un choix exceptionnel pour les utilisateurs \u00e0 la recherche d'une option de nicotine puissante et savoureuse. Les sachets minces, sans tabac, sont con\u00e7us pour une utilisation discr\u00e8te et confortable, s'ins\u00e9rant parfaitement sous la l\u00e8vre pour une d\u00e9gustation \u00e0 tout moment et en tout lieu. KILLA Banana Ice offre un \u00e9quilibre satisfaisant entre saveur et puissance, et s\u00e9duit ceux qui appr\u00e9cient les saveurs exotiques avec une touche de fra\u00eecheur.<\/span><\/p>\n<table>\n<tbody>\n<tr>\n<td><b>Attribut<\/b><\/td>\n<td><b>D\u00e9tails<\/b><\/td>\n<\/tr>\n<tr>\n<td><span style=\"font-weight: 400;\">Contenu par bo\u00eete<\/span><\/td>\n<td><span style=\"font-weight: 400;\">14g (20 sachets)<\/span><\/td>\n<\/tr>\n<tr>\n<td><span style=\"font-weight: 400;\">Teneur en nicotine<\/span><\/td>\n<td><span style=\"font-weight: 400;\">16 mg\/g (12,8 mg par sachet)<\/span><\/td>\n<\/tr>\n<tr>\n<td><span style=\"font-weight: 400;\">Format de la pochette<\/span><\/td>\n<td><span style=\"font-weight: 400;\">Mince<\/span><\/td>\n<\/tr>\n<tr>\n<td><span style=\"font-weight: 400;\">Producteur<\/span><\/td>\n<td><span style=\"font-weight: 400;\">Empire N.G.P.<\/span><\/td>\n<\/tr>\n<tr>\n<td><span style=\"font-weight: 400;\">Saveur<\/span><\/td>\n<td><span style=\"font-weight: 400;\">Banane glac\u00e9e<\/span><\/td>\n<\/tr>\n<tr>\n<td><span style=\"font-weight: 400;\">Taper<\/span><\/td>\n<td><span style=\"font-weight: 400;\">Pochette enti\u00e8rement blanche, sans tabac<\/span><\/td>\n<\/tr>\n<\/tbody>\n<\/table>","protected":false},"excerpt":{"rendered":"<p>Douceur tropicale <strong data-start=\"15\" data-end=\"29\">glace \u00e0 la banane<\/strong> avec une finale rafra\u00eechissante au menthol glac\u00e9. <strong data-start=\"68\" data-end=\"76\">Mince<\/strong>, Les sachets sans tabac se placent discr\u00e8tement sous la l\u00e8vre pour une utilisation pratique \u00e0 tout moment. Chaque sachet contient <strong data-start=\"176\" data-end=\"196\">11,2 mg de nicotine<\/strong>, Le go\u00fbt de l'eau et de l'air, la saveur et la vivacit\u00e9 de l'exp\u00e9rience.<\/p>","protected":false},"featured_media":8155,"comment_status":"open","ping_status":"closed","template":"","format":[206],"meta":{"_acf_changed":false},"product_brand":[],"product_cat":[64],"product_tag":[16676],"flavours":[196],"nicotine":[213,232],"class_list":{"0":"post-8154","1":"product","2":"type-product","3":"status-publish","4":"has-post-thumbnail","6":"product_cat-killa","7":"product_tag-12-8-mg-pouch","8":"pa_quantity-1-pack","9":"pa_quantity-10-pack","10":"pa_quantity-3-pack","11":"pa_quantity-30-pack","12":"pa_quantity-5-pack","13":"pa_quantity-60-pack","14":"flavours-fruits-berries","15":"format-slim","16":"nicotine-16-mg-g","17":"nicotine-extra-strong","19":"first","20":"instock","21":"taxable","22":"shipping-taxable","23":"purchasable","24":"product-type-variable"},"acf":[],"_links":{"self":[{"href":"https:\/\/whitelip.com\/fr\/wp-json\/wp\/v2\/product\/8154","targetHints":{"allow":["GET"]}}],"collection":[{"href":"https:\/\/whitelip.com\/fr\/wp-json\/wp\/v2\/product"}],"about":[{"href":"https:\/\/whitelip.com\/fr\/wp-json\/wp\/v2\/types\/product"}],"replies":[{"embeddable":true,"href":"https:\/\/whitelip.com\/fr\/wp-json\/wp\/v2\/comments?post=8154"}],"wp:featuredmedia":[{"embeddable":true,"href":"https:\/\/whitelip.com\/fr\/wp-json\/wp\/v2\/media\/8155"}],"wp:attachment":[{"href":"https:\/\/whitelip.com\/fr\/wp-json\/wp\/v2\/media?parent=8154"}],"wp:term":[{"taxonomy":"product_brand","embeddable":true,"href":"https:\/\/whitelip.com\/fr\/wp-json\/wp\/v2\/product_brand?post=8154"},{"taxonomy":"product_cat","embeddable":true,"href":"https:\/\/whitelip.com\/fr\/wp-json\/wp\/v2\/product_cat?post=8154"},{"taxonomy":"product_tag","embeddable":true,"href":"https:\/\/whitelip.com\/fr\/wp-json\/wp\/v2\/product_tag?post=8154"},{"taxonomy":"flavours","embeddable":true,"href":"https:\/\/whitelip.com\/fr\/wp-json\/wp\/v2\/flavours?post=8154"},{"taxonomy":"format","embeddable":true,"href":"https:\/\/whitelip.com\/fr\/wp-json\/wp\/v2\/format?post=8154"},{"taxonomy":"nicotine","embeddable":true,"href":"https:\/\/whitelip.com\/fr\/wp-json\/wp\/v2\/nicotine?post=8154"}],"curies":[{"name":"wp","href":"https:\/\/api.w.org\/{rel}","templated":true}]}}