{"id":8144,"date":"2024-11-28T12:38:25","date_gmt":"2024-11-28T12:38:25","guid":{"rendered":"https:\/\/whitelip.com\/apres-cola-extra-strong\/"},"modified":"2026-04-21T10:11:46","modified_gmt":"2026-04-21T10:11:46","slug":"apres-cola-extra-strong","status":"publish","type":"product","link":"https:\/\/whitelip.com\/fr\/apres\/apres-cola-extra-strong\/","title":{"rendered":"APR\u00c8S Cola Extra Fort"},"content":{"rendered":"<h2><b>APR\u00c8S Cola Extra Fort<\/b><\/h2>\n<p><span style=\"font-weight: 400;\">Les sachets de nicotine APR\u00c8S Cola Extra Fort offrent une saveur nostalgique de cola dans un format fin et enti\u00e8rement blanc. Chaque sachet contient 8,3 mg de nicotine, procurant une sensation de robustesse adapt\u00e9e aux utilisateurs exp\u00e9riment\u00e9s. Le design discret assure une tenue confortable sous la l\u00e8vre, permettant une utilisation \u00e0 tout moment sans tacher les dents. Produits par APR\u00c8S Nicotine AB, ces sachets sans tabac illustrent des normes de haute qualit\u00e9 et des combinaisons de saveurs innovantes.<\/span><\/p>\n<table>\n<tbody>\n<tr>\n<td><b>Attribut<\/b><\/td>\n<td><b>D\u00e9tails<\/b><\/td>\n<\/tr>\n<tr>\n<td><b>Contenu par bo\u00eete<\/b><\/td>\n<td><span style=\"font-weight: 400;\">11g (20 sachets)<\/span><\/td>\n<\/tr>\n<tr>\n<td><b>Teneur en nicotine<\/b><\/td>\n<td><span style=\"font-weight: 400;\">15 mg\/g (8,3 mg par sachet)<\/span><\/td>\n<\/tr>\n<tr>\n<td><b>Format de la pochette<\/b><\/td>\n<td><span style=\"font-weight: 400;\">Mince<\/span><\/td>\n<\/tr>\n<tr>\n<td><b>Producteur<\/b><\/td>\n<td><span style=\"font-weight: 400;\">APR\u00c8S Nicotine AB<\/span><\/td>\n<\/tr>\n<tr>\n<td><b>Saveur<\/b><\/td>\n<td><span style=\"font-weight: 400;\">Cola<\/span><\/td>\n<\/tr>\n<tr>\n<td><b>Taper<\/b><\/td>\n<td><span style=\"font-weight: 400;\">Pochette toute blanche<\/span><\/td>\n<\/tr>\n<\/tbody>\n<\/table>","protected":false},"excerpt":{"rendered":"<p>Classique <strong data-start=\"8\" data-end=\"16\">cola<\/strong> avec une douceur nostalgique et une finale nette. Les <strong data-start=\"66\" data-end=\"85\">mince, <\/strong>Les sachets enti\u00e8rement blancs se placent discr\u00e8tement et confortablement sous la l\u00e8vre pour une utilisation sans tache \u00e0 tout moment. Chaque sachet contient <strong data-start=\"187\" data-end=\"206\">8,3 mg de nicotine<\/strong>, Le produit APR\u00c8S Nicotine AB, qui offre un coup de pouce extra-fort et r\u00e9gulier, est un produit de qualit\u00e9.<\/p>","protected":false},"featured_media":8145,"comment_status":"open","ping_status":"closed","template":"","format":[206],"meta":{"_acf_changed":false},"product_brand":[],"product_cat":[41],"product_tag":[16553],"flavours":[193],"nicotine":[212,232],"class_list":{"0":"post-8144","1":"product","2":"type-product","3":"status-publish","4":"has-post-thumbnail","6":"product_cat-apres","7":"product_tag-8-3-mg-pouch","8":"pa_quantity-1-pack","9":"pa_quantity-10-pack","10":"pa_quantity-3-pack","11":"pa_quantity-30-pack","12":"pa_quantity-5-pack","13":"pa_quantity-60-pack","14":"flavours-cola","15":"format-slim","16":"nicotine-15-mg-g","17":"nicotine-extra-strong","19":"first","20":"instock","21":"taxable","22":"shipping-taxable","23":"purchasable","24":"product-type-variable"},"acf":[],"_links":{"self":[{"href":"https:\/\/whitelip.com\/fr\/wp-json\/wp\/v2\/product\/8144","targetHints":{"allow":["GET"]}}],"collection":[{"href":"https:\/\/whitelip.com\/fr\/wp-json\/wp\/v2\/product"}],"about":[{"href":"https:\/\/whitelip.com\/fr\/wp-json\/wp\/v2\/types\/product"}],"replies":[{"embeddable":true,"href":"https:\/\/whitelip.com\/fr\/wp-json\/wp\/v2\/comments?post=8144"}],"wp:featuredmedia":[{"embeddable":true,"href":"https:\/\/whitelip.com\/fr\/wp-json\/wp\/v2\/media\/8145"}],"wp:attachment":[{"href":"https:\/\/whitelip.com\/fr\/wp-json\/wp\/v2\/media?parent=8144"}],"wp:term":[{"taxonomy":"product_brand","embeddable":true,"href":"https:\/\/whitelip.com\/fr\/wp-json\/wp\/v2\/product_brand?post=8144"},{"taxonomy":"product_cat","embeddable":true,"href":"https:\/\/whitelip.com\/fr\/wp-json\/wp\/v2\/product_cat?post=8144"},{"taxonomy":"product_tag","embeddable":true,"href":"https:\/\/whitelip.com\/fr\/wp-json\/wp\/v2\/product_tag?post=8144"},{"taxonomy":"flavours","embeddable":true,"href":"https:\/\/whitelip.com\/fr\/wp-json\/wp\/v2\/flavours?post=8144"},{"taxonomy":"format","embeddable":true,"href":"https:\/\/whitelip.com\/fr\/wp-json\/wp\/v2\/format?post=8144"},{"taxonomy":"nicotine","embeddable":true,"href":"https:\/\/whitelip.com\/fr\/wp-json\/wp\/v2\/nicotine?post=8144"}],"curies":[{"name":"wp","href":"https:\/\/api.w.org\/{rel}","templated":true}]}}