{"id":8136,"date":"2024-11-28T12:38:03","date_gmt":"2024-11-28T12:38:03","guid":{"rendered":"https:\/\/whitelip.com\/pablo-exclusive-mango-ice-50mg\/"},"modified":"2026-04-17T09:18:52","modified_gmt":"2026-04-17T09:18:52","slug":"pablo-exclusive-mango-ice-50mg","status":"publish","type":"product","link":"https:\/\/whitelip.com\/fr\/pablo\/pablo-exclusive-mango-ice-50mg\/","title":{"rendered":"PABLO Exclusive Mango Ice 50mg"},"content":{"rendered":"<h2><b>PABLO Exclusive Mango Ice 50mg<\/b><\/h2>\n<p><span style=\"font-weight: 400;\">Les sachets de nicotine PABLO Exclusive Mango Ice 50mg combinent la douceur tropicale de la mangue m\u00fbre avec un fini menthe glac\u00e9e rafra\u00eechissant, offrant un profil d'ar\u00f4me unique et revigorant. Avec un taux de nicotine exceptionnellement \u00e9lev\u00e9, ces sachets minces et sans tabac sont con\u00e7us pour les utilisateurs exp\u00e9riment\u00e9s \u00e0 la recherche d'une exp\u00e9rience nicotinique audacieuse et puissante. Con\u00e7us pour une utilisation discr\u00e8te et confortable, les sachets PABLO Exclusive Mango Ice garantissent une lib\u00e9ration r\u00e9guli\u00e8re de l'ar\u00f4me et de la nicotine pour une sensation intense et satisfaisante.<\/span><\/p>\n<table>\n<tbody>\n<tr>\n<td><b>Attribut<\/b><\/td>\n<td><b>D\u00e9tails<\/b><\/td>\n<\/tr>\n<tr>\n<td><span style=\"font-weight: 400;\">Contenu par bo\u00eete<\/span><\/td>\n<td><span style=\"font-weight: 400;\">12g (20 sachets)<\/span><\/td>\n<\/tr>\n<tr>\n<td><span style=\"font-weight: 400;\">Teneur en nicotine<\/span><\/td>\n<td><span style=\"font-weight: 400;\">50 mg\/g (30 mg par sachet)<\/span><\/td>\n<\/tr>\n<tr>\n<td><span style=\"font-weight: 400;\">Format de la pochette<\/span><\/td>\n<td><span style=\"font-weight: 400;\">Mince<\/span><\/td>\n<\/tr>\n<tr>\n<td><span style=\"font-weight: 400;\">Producteur<\/span><\/td>\n<td><span style=\"font-weight: 400;\">N.G.P. Empire<\/span><\/td>\n<\/tr>\n<tr>\n<td><span style=\"font-weight: 400;\">Saveur<\/span><\/td>\n<td><span style=\"font-weight: 400;\">Mangue avec Menthe Glaciale<\/span><\/td>\n<\/tr>\n<tr>\n<td><span style=\"font-weight: 400;\">Taper<\/span><\/td>\n<td><span style=\"font-weight: 400;\">Pochette enti\u00e8rement blanche, sans tabac<\/span><\/td>\n<\/tr>\n<\/tbody>\n<\/table>","protected":false},"excerpt":{"rendered":"<p>Les sachets de nicotine PABLO Exclusive Mango Ice 50mg offrent un go\u00fbt tropical. <strong data-start=\"67\" data-end=\"80\">Glace \u00e0 la mangue<\/strong> avec un rafra\u00eechissement \u00e0 la menthe. <strong data-start=\"118\" data-end=\"126\">Mince<\/strong>, Le format sans tabac permet une utilisation discr\u00e8te et confortable ainsi qu'une lib\u00e9ration nette et r\u00e9guli\u00e8re. Chaque sachet contient <strong data-start=\"227\" data-end=\"245\">30 mg de nicotine<\/strong>.<\/p>","protected":false},"featured_media":8137,"comment_status":"open","ping_status":"closed","template":"","format":[206],"meta":{"_acf_changed":false},"product_brand":[],"product_cat":[44],"product_tag":[16605],"flavours":[196],"nicotine":[226,233],"class_list":{"0":"post-8136","1":"product","2":"type-product","3":"status-publish","4":"has-post-thumbnail","6":"product_cat-pablo","7":"product_tag-30-mg-pouch","8":"pa_quantity-1-pack","9":"pa_quantity-10-pack","10":"pa_quantity-3-pack","11":"pa_quantity-30-pack","12":"pa_quantity-5-pack","13":"pa_quantity-60-pack","14":"flavours-fruits-berries","15":"format-slim","16":"nicotine-50-mg-g","17":"nicotine-extreme","19":"first","20":"outofstock","21":"taxable","22":"shipping-taxable","23":"purchasable","24":"product-type-variable"},"acf":[],"_links":{"self":[{"href":"https:\/\/whitelip.com\/fr\/wp-json\/wp\/v2\/product\/8136","targetHints":{"allow":["GET"]}}],"collection":[{"href":"https:\/\/whitelip.com\/fr\/wp-json\/wp\/v2\/product"}],"about":[{"href":"https:\/\/whitelip.com\/fr\/wp-json\/wp\/v2\/types\/product"}],"replies":[{"embeddable":true,"href":"https:\/\/whitelip.com\/fr\/wp-json\/wp\/v2\/comments?post=8136"}],"wp:featuredmedia":[{"embeddable":true,"href":"https:\/\/whitelip.com\/fr\/wp-json\/wp\/v2\/media\/8137"}],"wp:attachment":[{"href":"https:\/\/whitelip.com\/fr\/wp-json\/wp\/v2\/media?parent=8136"}],"wp:term":[{"taxonomy":"product_brand","embeddable":true,"href":"https:\/\/whitelip.com\/fr\/wp-json\/wp\/v2\/product_brand?post=8136"},{"taxonomy":"product_cat","embeddable":true,"href":"https:\/\/whitelip.com\/fr\/wp-json\/wp\/v2\/product_cat?post=8136"},{"taxonomy":"product_tag","embeddable":true,"href":"https:\/\/whitelip.com\/fr\/wp-json\/wp\/v2\/product_tag?post=8136"},{"taxonomy":"flavours","embeddable":true,"href":"https:\/\/whitelip.com\/fr\/wp-json\/wp\/v2\/flavours?post=8136"},{"taxonomy":"format","embeddable":true,"href":"https:\/\/whitelip.com\/fr\/wp-json\/wp\/v2\/format?post=8136"},{"taxonomy":"nicotine","embeddable":true,"href":"https:\/\/whitelip.com\/fr\/wp-json\/wp\/v2\/nicotine?post=8136"}],"curies":[{"name":"wp","href":"https:\/\/api.w.org\/{rel}","templated":true}]}}