{"id":8124,"date":"2024-11-28T12:38:02","date_gmt":"2024-11-28T12:38:02","guid":{"rendered":"https:\/\/whitelip.com\/killa-cold-mint-xxl\/"},"modified":"2026-05-12T02:37:51","modified_gmt":"2026-05-12T02:37:51","slug":"killa-cold-mint-xxl","status":"publish","type":"product","link":"https:\/\/whitelip.com\/fr\/killa\/killa-cold-mint-xxl\/","title":{"rendered":"KILLA Menthe froide XXL"},"content":{"rendered":"<h2><b>KILLA Menthe froide XXL<\/b><\/h2>\n<p><span style=\"font-weight: 400;\">Les sachets de nicotine KILLA Cold Mint XXL offrent un m\u00e9lange revigorant d'ar\u00f4mes de menthe glaciale et de menthol, pour une exp\u00e9rience rafra\u00eechissante et intense. Con\u00e7us pour les utilisateurs \u00e0 la recherche d'une forte dose de nicotine, ces sachets sans tabac offrent une alternative discr\u00e8te et pratique aux produits traditionnels \u00e0 base de nicotine. Le format fin assure une tenue confortable sous la l\u00e8vre, permettant une utilisation \u00e0 tout moment et en tout lieu. Avec 30 sachets par bo\u00eete, soit 10 de plus que la version standard de KILLA Cold Mint, cette \u00e9dition XXL offre un plaisir prolong\u00e9 \u00e0 ceux qui appr\u00e9cient un go\u00fbt puissant et revitalisant.<\/span><\/p>\n<table>\n<tbody>\n<tr>\n<td><b>Attribut<\/b><\/td>\n<td><b>D\u00e9tails<\/b><\/td>\n<\/tr>\n<tr>\n<td><span style=\"font-weight: 400;\">Contenu par bo\u00eete<\/span><\/td>\n<td><span style=\"font-weight: 400;\">24g (30 sachets)<\/span><\/td>\n<\/tr>\n<tr>\n<td><span style=\"font-weight: 400;\">Teneur en nicotine<\/span><\/td>\n<td><span style=\"font-weight: 400;\">16 mg\/g (16 mg par sachet)<\/span><\/td>\n<\/tr>\n<tr>\n<td><span style=\"font-weight: 400;\">Format de la pochette<\/span><\/td>\n<td><span style=\"font-weight: 400;\">Mince<\/span><\/td>\n<\/tr>\n<tr>\n<td><span style=\"font-weight: 400;\">Producteur<\/span><\/td>\n<td><span style=\"font-weight: 400;\">Empire N.G.P.<\/span><\/td>\n<\/tr>\n<tr>\n<td><span style=\"font-weight: 400;\">Saveur<\/span><\/td>\n<td><span style=\"font-weight: 400;\">Menthe glac\u00e9e, Menthol<\/span><\/td>\n<\/tr>\n<tr>\n<td><span style=\"font-weight: 400;\">Taper<\/span><\/td>\n<td><span style=\"font-weight: 400;\">Pochette enti\u00e8rement blanche, sans tabac<\/span><\/td>\n<\/tr>\n<\/tbody>\n<\/table>","protected":false},"excerpt":{"rendered":"<p>Revigorant <strong data-start=\"13\" data-end=\"26\">Menthe froide<\/strong> avec de la menthe glaciale et du menthol pour un effet rafra\u00eechissant et intense. <strong data-start=\"85\" data-end=\"93\">Mince<\/strong>, Les sachets sans tabac s'ins\u00e8rent discr\u00e8tement sous la l\u00e8vre ; <strong data-start=\"146\" data-end=\"168\">30 sachets par bo\u00eete<\/strong> pour un plaisir prolong\u00e9. Chaque sachet contient <strong data-start=\"213\" data-end=\"233\">12,8 mg de nicotine<\/strong>, delivering a strong, revitalizing kick.<\/p>","protected":false},"featured_media":8125,"comment_status":"open","ping_status":"closed","template":"","format":[206],"meta":{"_acf_changed":false},"product_brand":[],"product_cat":[64],"product_tag":[16569],"flavours":[199],"nicotine":[213,232],"class_list":{"0":"post-8124","1":"product","2":"type-product","3":"status-publish","4":"has-post-thumbnail","6":"product_cat-killa","7":"product_tag-16-mg-pouch","8":"pa_quantity-1-pack","9":"pa_quantity-10-pack","10":"pa_quantity-3-pack","11":"pa_quantity-30-pack","12":"pa_quantity-5-pack","13":"pa_quantity-60-pack","14":"flavours-mint","15":"format-slim","16":"nicotine-16-mg-g","17":"nicotine-extra-strong","19":"first","20":"instock","21":"taxable","22":"shipping-taxable","23":"purchasable","24":"product-type-variable"},"acf":[],"_links":{"self":[{"href":"https:\/\/whitelip.com\/fr\/wp-json\/wp\/v2\/product\/8124","targetHints":{"allow":["GET"]}}],"collection":[{"href":"https:\/\/whitelip.com\/fr\/wp-json\/wp\/v2\/product"}],"about":[{"href":"https:\/\/whitelip.com\/fr\/wp-json\/wp\/v2\/types\/product"}],"replies":[{"embeddable":true,"href":"https:\/\/whitelip.com\/fr\/wp-json\/wp\/v2\/comments?post=8124"}],"wp:featuredmedia":[{"embeddable":true,"href":"https:\/\/whitelip.com\/fr\/wp-json\/wp\/v2\/media\/8125"}],"wp:attachment":[{"href":"https:\/\/whitelip.com\/fr\/wp-json\/wp\/v2\/media?parent=8124"}],"wp:term":[{"taxonomy":"product_brand","embeddable":true,"href":"https:\/\/whitelip.com\/fr\/wp-json\/wp\/v2\/product_brand?post=8124"},{"taxonomy":"product_cat","embeddable":true,"href":"https:\/\/whitelip.com\/fr\/wp-json\/wp\/v2\/product_cat?post=8124"},{"taxonomy":"product_tag","embeddable":true,"href":"https:\/\/whitelip.com\/fr\/wp-json\/wp\/v2\/product_tag?post=8124"},{"taxonomy":"flavours","embeddable":true,"href":"https:\/\/whitelip.com\/fr\/wp-json\/wp\/v2\/flavours?post=8124"},{"taxonomy":"format","embeddable":true,"href":"https:\/\/whitelip.com\/fr\/wp-json\/wp\/v2\/format?post=8124"},{"taxonomy":"nicotine","embeddable":true,"href":"https:\/\/whitelip.com\/fr\/wp-json\/wp\/v2\/nicotine?post=8124"}],"curies":[{"name":"wp","href":"https:\/\/api.w.org\/{rel}","templated":true}]}}