{"id":8118,"date":"2024-11-28T12:38:02","date_gmt":"2024-11-28T12:38:02","guid":{"rendered":"https:\/\/whitelip.com\/killa-strawberry-cheesecake\/"},"modified":"2026-03-31T08:41:48","modified_gmt":"2026-03-31T08:41:48","slug":"killa-strawberry-cheesecake","status":"publish","type":"product","link":"https:\/\/whitelip.com\/fr\/killa\/killa-strawberry-cheesecake\/","title":{"rendered":"KILLA G\u00e2teau au fromage et aux fraises"},"content":{"rendered":"<h2><b>KILLA G\u00e2teau au fromage et aux fraises<\/b><\/h2>\n<p><span style=\"font-weight: 400;\">Les sachets de nicotine KILLA Strawberry Cheesecake offrent une d\u00e9licieuse fusion de cheesecake cr\u00e9meux et de fraises m\u00fbres et sucr\u00e9es, offrant une exp\u00e9rience inspir\u00e9e des desserts aux utilisateurs \u00e0 la recherche d'une forte dose de nicotine. Ces sachets sans tabac, de format fin, se placent confortablement et discr\u00e8tement sous la l\u00e8vre, ce qui les rend id\u00e9aux pour une utilisation nomade. La texture humide assure une lib\u00e9ration rapide de l'ar\u00f4me et de la nicotine, procurant une sensation satisfaisante et indulgente rappelant un dessert am\u00e9ricain classique. KILLA Strawberry Cheesecake est parfait pour ceux qui appr\u00e9cient les saveurs uniques et sucr\u00e9es combin\u00e9es \u00e0 un fort taux de nicotine.<\/span><\/p>\n<table>\n<tbody>\n<tr>\n<td><b>Attribut<\/b><\/td>\n<td><b>D\u00e9tails<\/b><\/td>\n<\/tr>\n<tr>\n<td><span style=\"font-weight: 400;\">Contenu par bo\u00eete<\/span><\/td>\n<td><span style=\"font-weight: 400;\">16g (20 sachets)<\/span><\/td>\n<\/tr>\n<tr>\n<td><span style=\"font-weight: 400;\">Teneur en nicotine<\/span><\/td>\n<td><span style=\"font-weight: 400;\">16 mg\/g (12,8 mg par sachet)<\/span><\/td>\n<\/tr>\n<tr>\n<td><span style=\"font-weight: 400;\">Format de la pochette<\/span><\/td>\n<td><span style=\"font-weight: 400;\">Mince<\/span><\/td>\n<\/tr>\n<tr>\n<td><span style=\"font-weight: 400;\">Producteur<\/span><\/td>\n<td><span style=\"font-weight: 400;\">Empire N.G.P.<\/span><\/td>\n<\/tr>\n<tr>\n<td><span style=\"font-weight: 400;\">Saveur<\/span><\/td>\n<td><span style=\"font-weight: 400;\">G\u00e2teau au fromage \u00e0 la fraise<\/span><\/td>\n<\/tr>\n<tr>\n<td><span style=\"font-weight: 400;\">Taper<\/span><\/td>\n<td><span style=\"font-weight: 400;\">Pochette enti\u00e8rement blanche, sans tabac<\/span><\/td>\n<\/tr>\n<\/tbody>\n<\/table>","protected":false},"excerpt":{"rendered":"<p>D\u00e9licieux <strong data-start=\"11\" data-end=\"36\">g\u00e2teau au fromage \u00e0 la fraise<\/strong> avec du cheesecake cr\u00e9meux et des fraises m\u00fbres et sucr\u00e9es. <strong data-start=\"90\" data-end=\"98\">Mince<\/strong>, Les sachets sans tabac s'ins\u00e8rent discr\u00e8tement sous la l\u00e8vre ; la texture humide favorise la lib\u00e9ration rapide de l'ar\u00f4me. Chaque sachet contient <strong data-start=\"218\" data-end=\"238\">12,8 mg de nicotine<\/strong> pour une exp\u00e9rience forte et indulgente.<\/p>","protected":false},"featured_media":8119,"comment_status":"open","ping_status":"closed","template":"","format":[206],"meta":{"_acf_changed":false},"product_brand":[],"product_cat":[64],"product_tag":[16676],"flavours":[196],"nicotine":[213,232],"class_list":{"0":"post-8118","1":"product","2":"type-product","3":"status-publish","4":"has-post-thumbnail","6":"product_cat-killa","7":"product_tag-12-8-mg-pouch","8":"pa_quantity-1-pack","9":"pa_quantity-10-pack","10":"pa_quantity-3-pack","11":"pa_quantity-30-pack","12":"pa_quantity-5-pack","13":"pa_quantity-60-pack","14":"flavours-fruits-berries","15":"format-slim","16":"nicotine-16-mg-g","17":"nicotine-extra-strong","19":"first","20":"outofstock","21":"taxable","22":"shipping-taxable","23":"purchasable","24":"product-type-variable"},"acf":[],"_links":{"self":[{"href":"https:\/\/whitelip.com\/fr\/wp-json\/wp\/v2\/product\/8118","targetHints":{"allow":["GET"]}}],"collection":[{"href":"https:\/\/whitelip.com\/fr\/wp-json\/wp\/v2\/product"}],"about":[{"href":"https:\/\/whitelip.com\/fr\/wp-json\/wp\/v2\/types\/product"}],"replies":[{"embeddable":true,"href":"https:\/\/whitelip.com\/fr\/wp-json\/wp\/v2\/comments?post=8118"}],"wp:featuredmedia":[{"embeddable":true,"href":"https:\/\/whitelip.com\/fr\/wp-json\/wp\/v2\/media\/8119"}],"wp:attachment":[{"href":"https:\/\/whitelip.com\/fr\/wp-json\/wp\/v2\/media?parent=8118"}],"wp:term":[{"taxonomy":"product_brand","embeddable":true,"href":"https:\/\/whitelip.com\/fr\/wp-json\/wp\/v2\/product_brand?post=8118"},{"taxonomy":"product_cat","embeddable":true,"href":"https:\/\/whitelip.com\/fr\/wp-json\/wp\/v2\/product_cat?post=8118"},{"taxonomy":"product_tag","embeddable":true,"href":"https:\/\/whitelip.com\/fr\/wp-json\/wp\/v2\/product_tag?post=8118"},{"taxonomy":"flavours","embeddable":true,"href":"https:\/\/whitelip.com\/fr\/wp-json\/wp\/v2\/flavours?post=8118"},{"taxonomy":"format","embeddable":true,"href":"https:\/\/whitelip.com\/fr\/wp-json\/wp\/v2\/format?post=8118"},{"taxonomy":"nicotine","embeddable":true,"href":"https:\/\/whitelip.com\/fr\/wp-json\/wp\/v2\/nicotine?post=8118"}],"curies":[{"name":"wp","href":"https:\/\/api.w.org\/{rel}","templated":true}]}}